{"id":16649,"date":"2025-11-24T21:57:07","date_gmt":"2025-11-24T20:57:07","guid":{"rendered":"https:\/\/montaione.filaretedev.it\/decouvrir-montaione\/san-giacomo-il-minore\/"},"modified":"2025-12-16T14:20:27","modified_gmt":"2025-12-16T13:20:27","slug":"saint-jacques-le-mineur","status":"publish","type":"page","link":"https:\/\/www.montaioneintuscany.it\/fr\/decouvrir-montaione\/la-jerusalem-de-san-vivaldo\/saint-jacques-le-mineur\/","title":{"rendered":"Saint Jacques le Mineur"},"content":{"rendered":"\t\t<div data-elementor-type=\"wp-page\" data-elementor-id=\"16649\" class=\"elementor elementor-16649 elementor-14812\" data-elementor-post-type=\"page\">\n\t\t\t\t<div class=\"elementor-element elementor-element-1b8202d8 e-flex e-con-boxed e-con e-parent\" data-id=\"1b8202d8\" data-element_type=\"container\" data-e-type=\"container\" data-settings=\"{&quot;background_background&quot;:&quot;classic&quot;}\">\n\t\t\t\t\t<div class=\"e-con-inner\">\n\t\t<div class=\"elementor-element elementor-element-4e86f926 e-con-full mt-auto mb-4 e-flex e-con e-child\" data-id=\"4e86f926\" data-element_type=\"container\" data-e-type=\"container\">\n\t\t\t\t<\/div>\n\t\t\t\t\t<\/div>\n\t\t\t\t<\/div>\n\t\t<div class=\"elementor-element elementor-element-2080748e e-flex e-con-boxed e-con e-parent\" data-id=\"2080748e\" data-element_type=\"container\" data-e-type=\"container\">\n\t\t\t\t\t<div class=\"e-con-inner\">\n\t\t<div class=\"elementor-element elementor-element-2e8567ba e-con-full e-flex e-con e-child\" data-id=\"2e8567ba\" data-element_type=\"container\" data-e-type=\"container\">\n\t\t\t\t<div class=\"elementor-element elementor-element-15fb8345 elementor-widget elementor-widget-shortcode\" data-id=\"15fb8345\" data-element_type=\"widget\" data-e-type=\"widget\" data-widget_type=\"shortcode.default\">\n\t\t\t\t\t\t\t<div class=\"elementor-shortcode\"><ul id=\"breadcrumbs\" class=\"breadcrumb w-100\"><li class=\"item-home\"><a class=\"bread-link bread-home\" href=\"https:\/\/www.montaioneintuscany.it\/fr\/\" title=\"Home\">Home<\/a><\/li><li class=\"separator separator-home\">  |  <\/li><\/ul><\/div>\n\t\t\t\t\t\t<\/div>\n\t\t\t\t<\/div>\n\t\t\t\t\t<\/div>\n\t\t\t\t<\/div>\n\t\t<div class=\"elementor-element elementor-element-26914c20 py-5 e-flex e-con-boxed e-con e-parent\" data-id=\"26914c20\" data-element_type=\"container\" data-e-type=\"container\">\n\t\t\t\t\t<div class=\"e-con-inner\">\n\t\t<div class=\"elementor-element elementor-element-68cc5dd5 e-con-full e-flex e-con e-child\" data-id=\"68cc5dd5\" data-element_type=\"container\" data-e-type=\"container\">\n\t\t\t\t<div class=\"elementor-element elementor-element-5fc7c085 elementor-widget elementor-widget-text-editor\" data-id=\"5fc7c085\" data-element_type=\"widget\" data-e-type=\"widget\" data-widget_type=\"text-editor.default\">\n\t\t\t\t\t\t\t\t\t<p>\u00c0 l\u2019origine, et dans les <em>Relations du Convent<\/em> pendant le XVIIe si\u00e8cle, on attribuait cette chapelle \u00e0 Saint Jacques le Majeur, mais depuis le 1835 elle est attribu\u00e9e \u00e0 Saint Jacques le Mineur, comme l\u2019atteste l\u2019inscription sur la sculpture. Il est possible qu\u2019au cours des si\u00e8cles, il y ait eu un chevauchement entre les deux figures, finalement r\u00e9solu en faveur du Mineur comme semblent le sugg\u00e9rer la position de la chapelle, pas loin de celle du S\u00e9pulcre dans l\u2019un des lieux o\u00f9 le saint \u00e9tait v\u00e9n\u00e9r\u00e9 \u00e0 J\u00e9rusalem, soit le fait qu\u2019avant ce saint \u00e9tait f\u00eat\u00e9 le 1 mai, date de la mort de Saint Vivaldo.<\/p><p>A l\u2019int\u00e9rieur, Saint Jacques est peint dans un simple cadre d\u2019ovules, avec une physionomie aux traits tr\u00e8s marqu\u00e9s. A Saint Jacques le Mineur, avec Saint Philippe comme veux la tradition, est \u00e9galement d\u00e9di\u00e9e une petite \u00e9glise tr\u00e8s proche de San Vivaldo, situ\u00e9e dans le bourg de Iano.<\/p>\t\t\t\t\t\t\t\t<\/div>\n\t\t\t\t<div class=\"elementor-element elementor-element-934d169 elementor-arrows-position-outside pb-5 elementor-widget elementor-widget-image-carousel\" data-id=\"934d169\" data-element_type=\"widget\" data-e-type=\"widget\" data-settings=\"{&quot;navigation&quot;:&quot;arrows&quot;,&quot;autoplay&quot;:&quot;yes&quot;,&quot;pause_on_hover&quot;:&quot;yes&quot;,&quot;pause_on_interaction&quot;:&quot;yes&quot;,&quot;autoplay_speed&quot;:5000,&quot;infinite&quot;:&quot;yes&quot;,&quot;speed&quot;:500,&quot;image_spacing_custom&quot;:{&quot;unit&quot;:&quot;px&quot;,&quot;size&quot;:20,&quot;sizes&quot;:[]},&quot;image_spacing_custom_tablet&quot;:{&quot;unit&quot;:&quot;px&quot;,&quot;size&quot;:&quot;&quot;,&quot;sizes&quot;:[]},&quot;image_spacing_custom_mobile&quot;:{&quot;unit&quot;:&quot;px&quot;,&quot;size&quot;:&quot;&quot;,&quot;sizes&quot;:[]}}\" data-widget_type=\"image-carousel.default\">\n\t\t\t\t\t\t\t<div class=\"elementor-image-carousel-wrapper swiper\" role=\"region\" aria-roledescription=\"carousel\" aria-label=\"Carosello d&#039;immagini\" dir=\"ltr\">\n\t\t\t<div class=\"elementor-image-carousel swiper-wrapper\" aria-live=\"off\">\n\t\t\t\t\t\t\t\t<div class=\"swiper-slide\" role=\"group\" aria-roledescription=\"slide\" aria-label=\"1 sur 3\"><a data-elementor-open-lightbox=\"yes\" data-elementor-lightbox-slideshow=\"934d169\" data-elementor-lightbox-title=\"sangiaciomominore-gallery-01\" data-e-action-hash=\"#elementor-action%3Aaction%3Dlightbox%26settings%3DeyJpZCI6MTY2NDUsInVybCI6Imh0dHBzOlwvXC93d3cubW9udGFpb25laW50dXNjYW55Lml0XC93cC1jb250ZW50XC91cGxvYWRzXC8yMDI1XC8xMVwvc2FuZ2lhY2lvbW9taW5vcmUtZ2FsbGVyeS0wMS5qcGciLCJzbGlkZXNob3ciOiI5MzRkMTY5In0%3D\" href=\"https:\/\/www.montaioneintuscany.it\/wp-content\/uploads\/2025\/11\/sangiaciomominore-gallery-01.jpg\"><figure class=\"swiper-slide-inner\"><img decoding=\"async\" class=\"swiper-slide-image\" src=\"https:\/\/www.montaioneintuscany.it\/wp-content\/uploads\/2025\/11\/sangiaciomominore-gallery-01.jpg\" alt=\"sangiaciomominore-gallery-01\" \/><\/figure><\/a><\/div><div class=\"swiper-slide\" role=\"group\" aria-roledescription=\"slide\" aria-label=\"2 sur 3\"><a data-elementor-open-lightbox=\"yes\" data-elementor-lightbox-slideshow=\"934d169\" data-elementor-lightbox-title=\"sangiaciomominore-gallery-02\" data-e-action-hash=\"#elementor-action%3Aaction%3Dlightbox%26settings%3DeyJpZCI6MTY2NDYsInVybCI6Imh0dHBzOlwvXC93d3cubW9udGFpb25laW50dXNjYW55Lml0XC93cC1jb250ZW50XC91cGxvYWRzXC8yMDI1XC8xMVwvc2FuZ2lhY2lvbW9taW5vcmUtZ2FsbGVyeS0wMi5qcGciLCJzbGlkZXNob3ciOiI5MzRkMTY5In0%3D\" href=\"https:\/\/www.montaioneintuscany.it\/wp-content\/uploads\/2025\/11\/sangiaciomominore-gallery-02.jpg\"><figure class=\"swiper-slide-inner\"><img decoding=\"async\" class=\"swiper-slide-image\" src=\"https:\/\/www.montaioneintuscany.it\/wp-content\/uploads\/2025\/11\/sangiaciomominore-gallery-02.jpg\" alt=\"sangiaciomominore-gallery-02\" \/><\/figure><\/a><\/div><div class=\"swiper-slide\" role=\"group\" aria-roledescription=\"slide\" aria-label=\"3 sur 3\"><a data-elementor-open-lightbox=\"yes\" data-elementor-lightbox-slideshow=\"934d169\" data-elementor-lightbox-title=\"sangiaciomominore-gallery-03\" data-e-action-hash=\"#elementor-action%3Aaction%3Dlightbox%26settings%3DeyJpZCI6MTY2NDcsInVybCI6Imh0dHBzOlwvXC93d3cubW9udGFpb25laW50dXNjYW55Lml0XC93cC1jb250ZW50XC91cGxvYWRzXC8yMDI1XC8xMVwvc2FuZ2lhY2lvbW9taW5vcmUtZ2FsbGVyeS0wMy5qcGciLCJzbGlkZXNob3ciOiI5MzRkMTY5In0%3D\" href=\"https:\/\/www.montaioneintuscany.it\/wp-content\/uploads\/2025\/11\/sangiaciomominore-gallery-03.jpg\"><figure class=\"swiper-slide-inner\"><img decoding=\"async\" class=\"swiper-slide-image\" src=\"https:\/\/www.montaioneintuscany.it\/wp-content\/uploads\/2025\/11\/sangiaciomominore-gallery-03.jpg\" alt=\"sangiaciomominore-gallery-03\" \/><\/figure><\/a><\/div>\t\t\t<\/div>\n\t\t\t\t\t\t\t\t\t\t\t\t<div class=\"elementor-swiper-button elementor-swiper-button-prev\" role=\"button\" tabindex=\"0\">\n\t\t\t\t\t\t<svg xmlns=\"http:\/\/www.w3.org\/2000\/svg\" xmlns:xlink=\"http:\/\/www.w3.org\/1999\/xlink\" id=\"Livello_1\" x=\"0px\" y=\"0px\" width=\"75px\" height=\"75px\" viewBox=\"0 0 75 75\" style=\"enable-background:new 0 0 75 75;\" xml:space=\"preserve\"><style type=\"text\/css\">\t.st0{fill:#375140;}\t.st1{fill:none;stroke:#E5E9DD;stroke-width:3;}<\/style><circle class=\"st0\" cx=\"37.5\" cy=\"37.5\" r=\"37.5\"><\/circle><path class=\"st1\" d=\"M34.2,47.4L25,38.2l9.2-9.2 M25,38.2h25\"><\/path><\/svg>\t\t\t\t\t<\/div>\n\t\t\t\t\t<div class=\"elementor-swiper-button elementor-swiper-button-next\" role=\"button\" tabindex=\"0\">\n\t\t\t\t\t\t<svg xmlns=\"http:\/\/www.w3.org\/2000\/svg\" xmlns:xlink=\"http:\/\/www.w3.org\/1999\/xlink\" id=\"Livello_1\" x=\"0px\" y=\"0px\" width=\"75px\" height=\"75px\" viewBox=\"0 0 75 75\" style=\"enable-background:new 0 0 75 75;\" xml:space=\"preserve\"><style type=\"text\/css\">\t.st0{fill:#375140;}\t.st1{fill:none;stroke:#E5E9DD;stroke-width:3;}<\/style><circle class=\"st0\" cx=\"37.5\" cy=\"37.5\" r=\"37.5\"><\/circle><path class=\"st1\" d=\"M40.8,27.6l9.2,9.2L40.8,46 M50,36.8H25\"><\/path><\/svg>\t\t\t\t\t<\/div>\n\t\t\t\t\n\t\t\t\t\t\t\t\t\t<\/div>\n\t\t\t\t\t\t<\/div>\n\t\t\t\t<\/div>\n\t\t\t\t\t<\/div>\n\t\t\t\t<\/div>\n\t\t\t\t<\/div>\n\t\t","protected":false},"excerpt":{"rendered":"<p>\u00c0 l\u2019origine, et dans les Relations du Convent pendant le XVIIe si\u00e8cle, on attribuait cette chapelle \u00e0 Saint Jacques le Majeur, mais depuis le 1835 elle est attribu\u00e9e \u00e0 Saint Jacques le Mineur, comme l\u2019atteste l\u2019inscription sur la sculpture. Il est possible qu\u2019au cours des si\u00e8cles, il y ait eu un chevauchement entre les deux [&hellip;]<\/p>\n","protected":false},"author":2,"featured_media":0,"parent":16146,"menu_order":0,"comment_status":"closed","ping_status":"closed","template":"","meta":{"_acf_changed":false,"footnotes":""},"class_list":["post-16649","page","type-page","status-publish","hentry"],"acf":[],"yoast_head":"<!-- This site is optimized with the Yoast SEO plugin v27.3 - https:\/\/yoast.com\/product\/yoast-seo-wordpress\/ -->\n<title>Montaioneintuscany - Saint Jacques le Mineur<\/title>\n<meta name=\"description\" content=\"D\u00e9couvrez la chapelle d\u00e9di\u00e9e \u00e0 Saint Jacques le Mineur dans le J\u00e9rusalem de San Vivaldo \u00e0 Montaione : lieu de d\u00e9votion et d&#039;art dans le Sacro Monte.\" \/>\n<meta name=\"robots\" content=\"index, follow, max-snippet:-1, max-image-preview:large, max-video-preview:-1\" \/>\n<link rel=\"canonical\" href=\"https:\/\/www.montaioneintuscany.it\/fr\/decouvrir-montaione\/la-jerusalem-de-san-vivaldo\/saint-jacques-le-mineur\/\" \/>\n<meta property=\"og:locale\" content=\"fr_FR\" \/>\n<meta property=\"og:type\" content=\"article\" \/>\n<meta property=\"og:title\" content=\"Montaioneintuscany - Saint Jacques le Mineur\" \/>\n<meta property=\"og:description\" content=\"D\u00e9couvrez la chapelle d\u00e9di\u00e9e \u00e0 Saint Jacques le Mineur dans le J\u00e9rusalem de San Vivaldo \u00e0 Montaione : lieu de d\u00e9votion et d&#039;art dans le Sacro Monte.\" \/>\n<meta property=\"og:url\" content=\"https:\/\/www.montaioneintuscany.it\/fr\/decouvrir-montaione\/la-jerusalem-de-san-vivaldo\/saint-jacques-le-mineur\/\" \/>\n<meta property=\"og:site_name\" content=\"Montaioneintuscany\" \/>\n<meta property=\"article:modified_time\" content=\"2025-12-16T13:20:27+00:00\" \/>\n<meta property=\"og:image\" content=\"https:\/\/www.montaioneintuscany.it\/wp-content\/uploads\/2025\/11\/sangiaciomominore-gallery-01.jpg\" \/>\n<meta name=\"twitter:card\" content=\"summary_large_image\" \/>\n<meta name=\"twitter:label1\" content=\"Dur\u00e9e de lecture estim\u00e9e\" \/>\n\t<meta name=\"twitter:data1\" content=\"2 minutes\" \/>\n<script type=\"application\/ld+json\" class=\"yoast-schema-graph\">{\"@context\":\"https:\\\/\\\/schema.org\",\"@graph\":[{\"@type\":\"WebPage\",\"@id\":\"https:\\\/\\\/www.montaioneintuscany.it\\\/fr\\\/decouvrir-montaione\\\/la-jerusalem-de-san-vivaldo\\\/saint-jacques-le-mineur\\\/\",\"url\":\"https:\\\/\\\/www.montaioneintuscany.it\\\/fr\\\/decouvrir-montaione\\\/la-jerusalem-de-san-vivaldo\\\/saint-jacques-le-mineur\\\/\",\"name\":\"Montaioneintuscany - Saint Jacques le Mineur\",\"isPartOf\":{\"@id\":\"https:\\\/\\\/www.montaioneintuscany.it\\\/en\\\/#website\"},\"primaryImageOfPage\":{\"@id\":\"https:\\\/\\\/www.montaioneintuscany.it\\\/fr\\\/decouvrir-montaione\\\/la-jerusalem-de-san-vivaldo\\\/saint-jacques-le-mineur\\\/#primaryimage\"},\"image\":{\"@id\":\"https:\\\/\\\/www.montaioneintuscany.it\\\/fr\\\/decouvrir-montaione\\\/la-jerusalem-de-san-vivaldo\\\/saint-jacques-le-mineur\\\/#primaryimage\"},\"thumbnailUrl\":\"https:\\\/\\\/www.montaioneintuscany.it\\\/wp-content\\\/uploads\\\/2025\\\/11\\\/sangiaciomominore-gallery-01.jpg\",\"datePublished\":\"2025-11-24T20:57:07+00:00\",\"dateModified\":\"2025-12-16T13:20:27+00:00\",\"description\":\"D\u00e9couvrez la chapelle d\u00e9di\u00e9e \u00e0 Saint Jacques le Mineur dans le J\u00e9rusalem de San Vivaldo \u00e0 Montaione : lieu de d\u00e9votion et d'art dans le Sacro Monte.\",\"breadcrumb\":{\"@id\":\"https:\\\/\\\/www.montaioneintuscany.it\\\/fr\\\/decouvrir-montaione\\\/la-jerusalem-de-san-vivaldo\\\/saint-jacques-le-mineur\\\/#breadcrumb\"},\"inLanguage\":\"fr-FR\",\"potentialAction\":[{\"@type\":\"ReadAction\",\"target\":[\"https:\\\/\\\/www.montaioneintuscany.it\\\/fr\\\/decouvrir-montaione\\\/la-jerusalem-de-san-vivaldo\\\/saint-jacques-le-mineur\\\/\"]}]},{\"@type\":\"ImageObject\",\"inLanguage\":\"fr-FR\",\"@id\":\"https:\\\/\\\/www.montaioneintuscany.it\\\/fr\\\/decouvrir-montaione\\\/la-jerusalem-de-san-vivaldo\\\/saint-jacques-le-mineur\\\/#primaryimage\",\"url\":\"https:\\\/\\\/www.montaioneintuscany.it\\\/wp-content\\\/uploads\\\/2025\\\/11\\\/sangiaciomominore-gallery-01.jpg\",\"contentUrl\":\"https:\\\/\\\/www.montaioneintuscany.it\\\/wp-content\\\/uploads\\\/2025\\\/11\\\/sangiaciomominore-gallery-01.jpg\"},{\"@type\":\"BreadcrumbList\",\"@id\":\"https:\\\/\\\/www.montaioneintuscany.it\\\/fr\\\/decouvrir-montaione\\\/la-jerusalem-de-san-vivaldo\\\/saint-jacques-le-mineur\\\/#breadcrumb\",\"itemListElement\":[{\"@type\":\"ListItem\",\"position\":1,\"name\":\"Home\",\"item\":\"https:\\\/\\\/www.montaioneintuscany.it\\\/\"},{\"@type\":\"ListItem\",\"position\":2,\"name\":\"D\u00e9couvrir Montaione\",\"item\":\"https:\\\/\\\/www.montaioneintuscany.it\\\/fr\\\/decouvrir-montaione\\\/\"},{\"@type\":\"ListItem\",\"position\":3,\"name\":\"La \u201cJ\u00e9rusalem\u201d de San Vivaldo\",\"item\":\"https:\\\/\\\/www.montaioneintuscany.it\\\/fr\\\/decouvrir-montaione\\\/la-jerusalem-de-san-vivaldo\\\/\"},{\"@type\":\"ListItem\",\"position\":4,\"name\":\"Saint Jacques le Mineur\"}]},{\"@type\":\"WebSite\",\"@id\":\"https:\\\/\\\/www.montaioneintuscany.it\\\/en\\\/#website\",\"url\":\"https:\\\/\\\/www.montaioneintuscany.it\\\/en\\\/\",\"name\":\"Montaioneintuscany\",\"description\":\"\",\"publisher\":{\"@id\":\"https:\\\/\\\/www.montaioneintuscany.it\\\/en\\\/#organization\"},\"potentialAction\":[{\"@type\":\"SearchAction\",\"target\":{\"@type\":\"EntryPoint\",\"urlTemplate\":\"https:\\\/\\\/www.montaioneintuscany.it\\\/en\\\/?s={search_term_string}\"},\"query-input\":{\"@type\":\"PropertyValueSpecification\",\"valueRequired\":true,\"valueName\":\"search_term_string\"}}],\"inLanguage\":\"fr-FR\"},{\"@type\":\"Organization\",\"@id\":\"https:\\\/\\\/www.montaioneintuscany.it\\\/en\\\/#organization\",\"name\":\"Montaioneintuscany\",\"url\":\"https:\\\/\\\/www.montaioneintuscany.it\\\/en\\\/\",\"logo\":{\"@type\":\"ImageObject\",\"inLanguage\":\"fr-FR\",\"@id\":\"https:\\\/\\\/www.montaioneintuscany.it\\\/en\\\/#\\\/schema\\\/logo\\\/image\\\/\",\"url\":\"https:\\\/\\\/www.montaioneintuscany.it\\\/wp-content\\\/uploads\\\/2025\\\/10\\\/logo.svg\",\"contentUrl\":\"https:\\\/\\\/www.montaioneintuscany.it\\\/wp-content\\\/uploads\\\/2025\\\/10\\\/logo.svg\",\"width\":247,\"height\":25,\"caption\":\"Montaioneintuscany\"},\"image\":{\"@id\":\"https:\\\/\\\/www.montaioneintuscany.it\\\/en\\\/#\\\/schema\\\/logo\\\/image\\\/\"}}]}<\/script>\n<!-- \/ Yoast SEO plugin. -->","yoast_head_json":{"title":"Montaioneintuscany - Saint Jacques le Mineur","description":"D\u00e9couvrez la chapelle d\u00e9di\u00e9e \u00e0 Saint Jacques le Mineur dans le J\u00e9rusalem de San Vivaldo \u00e0 Montaione : lieu de d\u00e9votion et d'art dans le Sacro Monte.","robots":{"index":"index","follow":"follow","max-snippet":"max-snippet:-1","max-image-preview":"max-image-preview:large","max-video-preview":"max-video-preview:-1"},"canonical":"https:\/\/www.montaioneintuscany.it\/fr\/decouvrir-montaione\/la-jerusalem-de-san-vivaldo\/saint-jacques-le-mineur\/","og_locale":"fr_FR","og_type":"article","og_title":"Montaioneintuscany - Saint Jacques le Mineur","og_description":"D\u00e9couvrez la chapelle d\u00e9di\u00e9e \u00e0 Saint Jacques le Mineur dans le J\u00e9rusalem de San Vivaldo \u00e0 Montaione : lieu de d\u00e9votion et d'art dans le Sacro Monte.","og_url":"https:\/\/www.montaioneintuscany.it\/fr\/decouvrir-montaione\/la-jerusalem-de-san-vivaldo\/saint-jacques-le-mineur\/","og_site_name":"Montaioneintuscany","article_modified_time":"2025-12-16T13:20:27+00:00","og_image":[{"url":"https:\/\/www.montaioneintuscany.it\/wp-content\/uploads\/2025\/11\/sangiaciomominore-gallery-01.jpg","type":"","width":"","height":""}],"twitter_card":"summary_large_image","twitter_misc":{"Dur\u00e9e de lecture estim\u00e9e":"2 minutes"},"schema":{"@context":"https:\/\/schema.org","@graph":[{"@type":"WebPage","@id":"https:\/\/www.montaioneintuscany.it\/fr\/decouvrir-montaione\/la-jerusalem-de-san-vivaldo\/saint-jacques-le-mineur\/","url":"https:\/\/www.montaioneintuscany.it\/fr\/decouvrir-montaione\/la-jerusalem-de-san-vivaldo\/saint-jacques-le-mineur\/","name":"Montaioneintuscany - Saint Jacques le Mineur","isPartOf":{"@id":"https:\/\/www.montaioneintuscany.it\/en\/#website"},"primaryImageOfPage":{"@id":"https:\/\/www.montaioneintuscany.it\/fr\/decouvrir-montaione\/la-jerusalem-de-san-vivaldo\/saint-jacques-le-mineur\/#primaryimage"},"image":{"@id":"https:\/\/www.montaioneintuscany.it\/fr\/decouvrir-montaione\/la-jerusalem-de-san-vivaldo\/saint-jacques-le-mineur\/#primaryimage"},"thumbnailUrl":"https:\/\/www.montaioneintuscany.it\/wp-content\/uploads\/2025\/11\/sangiaciomominore-gallery-01.jpg","datePublished":"2025-11-24T20:57:07+00:00","dateModified":"2025-12-16T13:20:27+00:00","description":"D\u00e9couvrez la chapelle d\u00e9di\u00e9e \u00e0 Saint Jacques le Mineur dans le J\u00e9rusalem de San Vivaldo \u00e0 Montaione : lieu de d\u00e9votion et d'art dans le Sacro Monte.","breadcrumb":{"@id":"https:\/\/www.montaioneintuscany.it\/fr\/decouvrir-montaione\/la-jerusalem-de-san-vivaldo\/saint-jacques-le-mineur\/#breadcrumb"},"inLanguage":"fr-FR","potentialAction":[{"@type":"ReadAction","target":["https:\/\/www.montaioneintuscany.it\/fr\/decouvrir-montaione\/la-jerusalem-de-san-vivaldo\/saint-jacques-le-mineur\/"]}]},{"@type":"ImageObject","inLanguage":"fr-FR","@id":"https:\/\/www.montaioneintuscany.it\/fr\/decouvrir-montaione\/la-jerusalem-de-san-vivaldo\/saint-jacques-le-mineur\/#primaryimage","url":"https:\/\/www.montaioneintuscany.it\/wp-content\/uploads\/2025\/11\/sangiaciomominore-gallery-01.jpg","contentUrl":"https:\/\/www.montaioneintuscany.it\/wp-content\/uploads\/2025\/11\/sangiaciomominore-gallery-01.jpg"},{"@type":"BreadcrumbList","@id":"https:\/\/www.montaioneintuscany.it\/fr\/decouvrir-montaione\/la-jerusalem-de-san-vivaldo\/saint-jacques-le-mineur\/#breadcrumb","itemListElement":[{"@type":"ListItem","position":1,"name":"Home","item":"https:\/\/www.montaioneintuscany.it\/"},{"@type":"ListItem","position":2,"name":"D\u00e9couvrir Montaione","item":"https:\/\/www.montaioneintuscany.it\/fr\/decouvrir-montaione\/"},{"@type":"ListItem","position":3,"name":"La \u201cJ\u00e9rusalem\u201d de San Vivaldo","item":"https:\/\/www.montaioneintuscany.it\/fr\/decouvrir-montaione\/la-jerusalem-de-san-vivaldo\/"},{"@type":"ListItem","position":4,"name":"Saint Jacques le Mineur"}]},{"@type":"WebSite","@id":"https:\/\/www.montaioneintuscany.it\/en\/#website","url":"https:\/\/www.montaioneintuscany.it\/en\/","name":"Montaioneintuscany","description":"","publisher":{"@id":"https:\/\/www.montaioneintuscany.it\/en\/#organization"},"potentialAction":[{"@type":"SearchAction","target":{"@type":"EntryPoint","urlTemplate":"https:\/\/www.montaioneintuscany.it\/en\/?s={search_term_string}"},"query-input":{"@type":"PropertyValueSpecification","valueRequired":true,"valueName":"search_term_string"}}],"inLanguage":"fr-FR"},{"@type":"Organization","@id":"https:\/\/www.montaioneintuscany.it\/en\/#organization","name":"Montaioneintuscany","url":"https:\/\/www.montaioneintuscany.it\/en\/","logo":{"@type":"ImageObject","inLanguage":"fr-FR","@id":"https:\/\/www.montaioneintuscany.it\/en\/#\/schema\/logo\/image\/","url":"https:\/\/www.montaioneintuscany.it\/wp-content\/uploads\/2025\/10\/logo.svg","contentUrl":"https:\/\/www.montaioneintuscany.it\/wp-content\/uploads\/2025\/10\/logo.svg","width":247,"height":25,"caption":"Montaioneintuscany"},"image":{"@id":"https:\/\/www.montaioneintuscany.it\/en\/#\/schema\/logo\/image\/"}}]}},"_links":{"self":[{"href":"https:\/\/www.montaioneintuscany.it\/fr\/wp-json\/wp\/v2\/pages\/16649","targetHints":{"allow":["GET"]}}],"collection":[{"href":"https:\/\/www.montaioneintuscany.it\/fr\/wp-json\/wp\/v2\/pages"}],"about":[{"href":"https:\/\/www.montaioneintuscany.it\/fr\/wp-json\/wp\/v2\/types\/page"}],"author":[{"embeddable":true,"href":"https:\/\/www.montaioneintuscany.it\/fr\/wp-json\/wp\/v2\/users\/2"}],"replies":[{"embeddable":true,"href":"https:\/\/www.montaioneintuscany.it\/fr\/wp-json\/wp\/v2\/comments?post=16649"}],"version-history":[{"count":5,"href":"https:\/\/www.montaioneintuscany.it\/fr\/wp-json\/wp\/v2\/pages\/16649\/revisions"}],"predecessor-version":[{"id":18098,"href":"https:\/\/www.montaioneintuscany.it\/fr\/wp-json\/wp\/v2\/pages\/16649\/revisions\/18098"}],"up":[{"embeddable":true,"href":"https:\/\/www.montaioneintuscany.it\/fr\/wp-json\/wp\/v2\/pages\/16146"}],"wp:attachment":[{"href":"https:\/\/www.montaioneintuscany.it\/fr\/wp-json\/wp\/v2\/media?parent=16649"}],"curies":[{"name":"wp","href":"https:\/\/api.w.org\/{rel}","templated":true}]}}