{"id":16462,"date":"2025-11-23T23:08:19","date_gmt":"2025-11-23T22:08:19","guid":{"rendered":"https:\/\/montaione.filaretedev.it\/evenements\/il-festival-della-musica-suonata\/"},"modified":"2025-12-16T14:37:21","modified_gmt":"2025-12-16T13:37:21","slug":"le-festival-della-musica-suonata","status":"publish","type":"page","link":"https:\/\/www.montaioneintuscany.it\/fr\/evenements\/le-festival-della-musica-suonata\/","title":{"rendered":"Le \u201cFestival della musica suonata\u201d"},"content":{"rendered":"\t\t<div data-elementor-type=\"wp-page\" data-elementor-id=\"16462\" class=\"elementor elementor-16462 elementor-14602\" data-elementor-post-type=\"page\">\n\t\t\t\t<div class=\"elementor-element elementor-element-15d34960 e-flex e-con-boxed e-con e-parent\" data-id=\"15d34960\" data-element_type=\"container\" data-e-type=\"container\" data-settings=\"{&quot;background_background&quot;:&quot;classic&quot;}\">\n\t\t\t\t\t<div class=\"e-con-inner\">\n\t\t<div class=\"elementor-element elementor-element-3d203d34 e-con-full mt-auto mb-4 e-flex e-con e-child\" data-id=\"3d203d34\" data-element_type=\"container\" data-e-type=\"container\">\n\t\t\t\t<\/div>\n\t\t\t\t\t<\/div>\n\t\t\t\t<\/div>\n\t\t<div class=\"elementor-element elementor-element-2dda8441 e-flex e-con-boxed e-con e-parent\" data-id=\"2dda8441\" data-element_type=\"container\" data-e-type=\"container\">\n\t\t\t\t\t<div class=\"e-con-inner\">\n\t\t<div class=\"elementor-element elementor-element-6d233166 e-con-full e-flex e-con e-child\" data-id=\"6d233166\" data-element_type=\"container\" data-e-type=\"container\">\n\t\t\t\t<div class=\"elementor-element elementor-element-4e340ced elementor-widget elementor-widget-shortcode\" data-id=\"4e340ced\" data-element_type=\"widget\" data-e-type=\"widget\" data-widget_type=\"shortcode.default\">\n\t\t\t\t\t\t\t<div class=\"elementor-shortcode\"><ul id=\"breadcrumbs\" class=\"breadcrumb w-100\"><li class=\"item-home\"><a class=\"bread-link bread-home\" href=\"https:\/\/www.montaioneintuscany.it\/fr\/\" title=\"Home\">Home<\/a><\/li><li class=\"separator separator-home\">  |  <\/li><\/ul><\/div>\n\t\t\t\t\t\t<\/div>\n\t\t\t\t<\/div>\n\t\t\t\t\t<\/div>\n\t\t\t\t<\/div>\n\t\t<div class=\"elementor-element elementor-element-3fe56995 py-5 e-flex e-con-boxed e-con e-parent\" data-id=\"3fe56995\" data-element_type=\"container\" data-e-type=\"container\">\n\t\t\t\t\t<div class=\"e-con-inner\">\n\t\t<div class=\"elementor-element elementor-element-2fdbf836 e-con-full e-flex e-con e-child\" data-id=\"2fdbf836\" data-element_type=\"container\" data-e-type=\"container\">\n\t\t\t\t<div class=\"elementor-element elementor-element-188696d elementor-widget elementor-widget-text-editor\" data-id=\"188696d\" data-element_type=\"widget\" data-e-type=\"widget\" data-widget_type=\"text-editor.default\">\n\t\t\t\t\t\t\t\t\t<p>Des d\u00e9cors tr\u00e8s \u00e9vocateurs, des artistes talentueux et un protagoniste incontest\u00e9 : la Musique. Il s\u2019agit du Festival della Musica Suonata, qui anime pendant trois soir\u00e9es l\u2019\u00e9t\u00e9 de Montaione au mois d\u2019ao\u00fbt.<\/p><p>Un v\u00e9ritable voyage \u00e0 travers les cultures sous le signe de la contamination musicale et de l\u2019\u00e9merveillement de la diff\u00e9rence. Un festival de musique con\u00e7u et organis\u00e9 par Stefano Montagnani, musicien de Montaione, en collaboration avec la Municipalit\u00e9 de Montaione.<\/p><p>Chaque \u00e9dition du festival combine habilement musique populaire et tradition, recherche et exp\u00e9rimentation, dans un voyage id\u00e9al \u00e0 travers les peuples et les terres du monde.<\/p><p>Le jazz sous toutes ses formes, les traditions m\u00e9diterran\u00e9ennes ou nord-europ\u00e9ennes, le rock, les musiques populaires toscanes ou les musiques latino-am\u00e9ricaines sont quelques-unes des propositions du festival, ainsi que d\u2019autres choix originaux de rythmes, de timbres et de sons qui ne peuvent \u00eatre class\u00e9s dans des \u00e9tiquettes faciles. En arri\u00e8re-plan, la f\u00e9erie des splendides places du centre historique de Montaione.<\/p><p><strong>Tous les concerts sont gratuits.<\/strong><\/p>\t\t\t\t\t\t\t\t<\/div>\n\t\t\t\t<\/div>\n\t\t\t\t\t<\/div>\n\t\t\t\t<\/div>\n\t\t\t\t<\/div>\n\t\t","protected":false},"excerpt":{"rendered":"<p>Des d\u00e9cors tr\u00e8s \u00e9vocateurs, des artistes talentueux et un protagoniste incontest\u00e9 : la Musique. Il s\u2019agit du Festival della Musica Suonata, qui anime pendant trois soir\u00e9es l\u2019\u00e9t\u00e9 de Montaione au mois d\u2019ao\u00fbt. Un v\u00e9ritable voyage \u00e0 travers les cultures sous le signe de la contamination musicale et de l\u2019\u00e9merveillement de la diff\u00e9rence. Un festival de [&hellip;]<\/p>\n","protected":false},"author":2,"featured_media":16439,"parent":13780,"menu_order":0,"comment_status":"closed","ping_status":"closed","template":"","meta":{"_acf_changed":false,"footnotes":""},"class_list":["post-16462","page","type-page","status-publish","has-post-thumbnail","hentry"],"acf":[],"yoast_head":"<!-- This site is optimized with the Yoast SEO plugin v27.5 - https:\/\/yoast.com\/product\/yoast-seo-wordpress\/ -->\n<title>Montaioneintuscany - Le \u201cFestival della musica suonata\u201d<\/title>\n<meta name=\"description\" content=\"D\u00e9couvrez le &quot;Festival della musica suonata&quot;: une s\u00e9rie de soir\u00e9es qui animent l&#039;\u00e9t\u00e9 \u00e0 Montaione au mois d&#039;ao\u00fbt.\" \/>\n<meta name=\"robots\" content=\"index, follow, max-snippet:-1, max-image-preview:large, max-video-preview:-1\" \/>\n<link rel=\"canonical\" href=\"https:\/\/www.montaioneintuscany.it\/fr\/evenements\/le-festival-della-musica-suonata\/\" \/>\n<meta property=\"og:locale\" content=\"fr_FR\" \/>\n<meta property=\"og:type\" content=\"article\" \/>\n<meta property=\"og:title\" content=\"Montaioneintuscany - Le \u201cFestival della musica suonata\u201d\" \/>\n<meta property=\"og:description\" content=\"D\u00e9couvrez le &quot;Festival della musica suonata&quot;: une s\u00e9rie de soir\u00e9es qui animent l&#039;\u00e9t\u00e9 \u00e0 Montaione au mois d&#039;ao\u00fbt.\" \/>\n<meta property=\"og:url\" content=\"https:\/\/www.montaioneintuscany.it\/fr\/evenements\/le-festival-della-musica-suonata\/\" \/>\n<meta property=\"og:site_name\" content=\"Montaioneintuscany\" \/>\n<meta property=\"article:modified_time\" content=\"2025-12-16T13:37:21+00:00\" \/>\n<meta property=\"og:image\" content=\"https:\/\/www.montaioneintuscany.it\/wp-content\/uploads\/2025\/12\/CdM_testata_festival-musica-suonata.jpg\" \/>\n\t<meta property=\"og:image:width\" content=\"1920\" \/>\n\t<meta property=\"og:image:height\" content=\"433\" \/>\n\t<meta property=\"og:image:type\" content=\"image\/jpeg\" \/>\n<meta name=\"twitter:card\" content=\"summary_large_image\" \/>\n<meta name=\"twitter:label1\" content=\"Dur\u00e9e de lecture estim\u00e9e\" \/>\n\t<meta name=\"twitter:data1\" content=\"2 minutes\" \/>\n<script type=\"application\/ld+json\" class=\"yoast-schema-graph\">{\"@context\":\"https:\\\/\\\/schema.org\",\"@graph\":[{\"@type\":\"WebPage\",\"@id\":\"https:\\\/\\\/www.montaioneintuscany.it\\\/fr\\\/evenements\\\/le-festival-della-musica-suonata\\\/\",\"url\":\"https:\\\/\\\/www.montaioneintuscany.it\\\/fr\\\/evenements\\\/le-festival-della-musica-suonata\\\/\",\"name\":\"Montaioneintuscany - Le \u201cFestival della musica suonata\u201d\",\"isPartOf\":{\"@id\":\"https:\\\/\\\/www.montaioneintuscany.it\\\/en\\\/#website\"},\"primaryImageOfPage\":{\"@id\":\"https:\\\/\\\/www.montaioneintuscany.it\\\/fr\\\/evenements\\\/le-festival-della-musica-suonata\\\/#primaryimage\"},\"image\":{\"@id\":\"https:\\\/\\\/www.montaioneintuscany.it\\\/fr\\\/evenements\\\/le-festival-della-musica-suonata\\\/#primaryimage\"},\"thumbnailUrl\":\"https:\\\/\\\/www.montaioneintuscany.it\\\/wp-content\\\/uploads\\\/2025\\\/12\\\/CdM_testata_festival-musica-suonata.jpg\",\"datePublished\":\"2025-11-23T22:08:19+00:00\",\"dateModified\":\"2025-12-16T13:37:21+00:00\",\"description\":\"D\u00e9couvrez le \\\"Festival della musica suonata\\\": une s\u00e9rie de soir\u00e9es qui animent l'\u00e9t\u00e9 \u00e0 Montaione au mois d'ao\u00fbt.\",\"breadcrumb\":{\"@id\":\"https:\\\/\\\/www.montaioneintuscany.it\\\/fr\\\/evenements\\\/le-festival-della-musica-suonata\\\/#breadcrumb\"},\"inLanguage\":\"fr-FR\",\"potentialAction\":[{\"@type\":\"ReadAction\",\"target\":[\"https:\\\/\\\/www.montaioneintuscany.it\\\/fr\\\/evenements\\\/le-festival-della-musica-suonata\\\/\"]}]},{\"@type\":\"ImageObject\",\"inLanguage\":\"fr-FR\",\"@id\":\"https:\\\/\\\/www.montaioneintuscany.it\\\/fr\\\/evenements\\\/le-festival-della-musica-suonata\\\/#primaryimage\",\"url\":\"https:\\\/\\\/www.montaioneintuscany.it\\\/wp-content\\\/uploads\\\/2025\\\/12\\\/CdM_testata_festival-musica-suonata.jpg\",\"contentUrl\":\"https:\\\/\\\/www.montaioneintuscany.it\\\/wp-content\\\/uploads\\\/2025\\\/12\\\/CdM_testata_festival-musica-suonata.jpg\",\"width\":1920,\"height\":433},{\"@type\":\"BreadcrumbList\",\"@id\":\"https:\\\/\\\/www.montaioneintuscany.it\\\/fr\\\/evenements\\\/le-festival-della-musica-suonata\\\/#breadcrumb\",\"itemListElement\":[{\"@type\":\"ListItem\",\"position\":1,\"name\":\"Home\",\"item\":\"https:\\\/\\\/www.montaioneintuscany.it\\\/\"},{\"@type\":\"ListItem\",\"position\":2,\"name\":\"\u00c9v\u00e9nements\",\"item\":\"https:\\\/\\\/www.montaioneintuscany.it\\\/fr\\\/evenements\\\/\"},{\"@type\":\"ListItem\",\"position\":3,\"name\":\"Le \u201cFestival della musica suonata\u201d\"}]},{\"@type\":\"WebSite\",\"@id\":\"https:\\\/\\\/www.montaioneintuscany.it\\\/en\\\/#website\",\"url\":\"https:\\\/\\\/www.montaioneintuscany.it\\\/en\\\/\",\"name\":\"Montaioneintuscany\",\"description\":\"\",\"publisher\":{\"@id\":\"https:\\\/\\\/www.montaioneintuscany.it\\\/en\\\/#organization\"},\"potentialAction\":[{\"@type\":\"SearchAction\",\"target\":{\"@type\":\"EntryPoint\",\"urlTemplate\":\"https:\\\/\\\/www.montaioneintuscany.it\\\/en\\\/?s={search_term_string}\"},\"query-input\":{\"@type\":\"PropertyValueSpecification\",\"valueRequired\":true,\"valueName\":\"search_term_string\"}}],\"inLanguage\":\"fr-FR\"},{\"@type\":\"Organization\",\"@id\":\"https:\\\/\\\/www.montaioneintuscany.it\\\/en\\\/#organization\",\"name\":\"Montaioneintuscany\",\"url\":\"https:\\\/\\\/www.montaioneintuscany.it\\\/en\\\/\",\"logo\":{\"@type\":\"ImageObject\",\"inLanguage\":\"fr-FR\",\"@id\":\"https:\\\/\\\/www.montaioneintuscany.it\\\/en\\\/#\\\/schema\\\/logo\\\/image\\\/\",\"url\":\"https:\\\/\\\/www.montaioneintuscany.it\\\/wp-content\\\/uploads\\\/2025\\\/10\\\/logo.svg\",\"contentUrl\":\"https:\\\/\\\/www.montaioneintuscany.it\\\/wp-content\\\/uploads\\\/2025\\\/10\\\/logo.svg\",\"width\":247,\"height\":25,\"caption\":\"Montaioneintuscany\"},\"image\":{\"@id\":\"https:\\\/\\\/www.montaioneintuscany.it\\\/en\\\/#\\\/schema\\\/logo\\\/image\\\/\"}}]}<\/script>\n<!-- \/ Yoast SEO plugin. -->","yoast_head_json":{"title":"Montaioneintuscany - Le \u201cFestival della musica suonata\u201d","description":"D\u00e9couvrez le \"Festival della musica suonata\": une s\u00e9rie de soir\u00e9es qui animent l'\u00e9t\u00e9 \u00e0 Montaione au mois d'ao\u00fbt.","robots":{"index":"index","follow":"follow","max-snippet":"max-snippet:-1","max-image-preview":"max-image-preview:large","max-video-preview":"max-video-preview:-1"},"canonical":"https:\/\/www.montaioneintuscany.it\/fr\/evenements\/le-festival-della-musica-suonata\/","og_locale":"fr_FR","og_type":"article","og_title":"Montaioneintuscany - Le \u201cFestival della musica suonata\u201d","og_description":"D\u00e9couvrez le \"Festival della musica suonata\": une s\u00e9rie de soir\u00e9es qui animent l'\u00e9t\u00e9 \u00e0 Montaione au mois d'ao\u00fbt.","og_url":"https:\/\/www.montaioneintuscany.it\/fr\/evenements\/le-festival-della-musica-suonata\/","og_site_name":"Montaioneintuscany","article_modified_time":"2025-12-16T13:37:21+00:00","og_image":[{"width":1920,"height":433,"url":"https:\/\/www.montaioneintuscany.it\/wp-content\/uploads\/2025\/12\/CdM_testata_festival-musica-suonata.jpg","type":"image\/jpeg"}],"twitter_card":"summary_large_image","twitter_misc":{"Dur\u00e9e de lecture estim\u00e9e":"2 minutes"},"schema":{"@context":"https:\/\/schema.org","@graph":[{"@type":"WebPage","@id":"https:\/\/www.montaioneintuscany.it\/fr\/evenements\/le-festival-della-musica-suonata\/","url":"https:\/\/www.montaioneintuscany.it\/fr\/evenements\/le-festival-della-musica-suonata\/","name":"Montaioneintuscany - Le \u201cFestival della musica suonata\u201d","isPartOf":{"@id":"https:\/\/www.montaioneintuscany.it\/en\/#website"},"primaryImageOfPage":{"@id":"https:\/\/www.montaioneintuscany.it\/fr\/evenements\/le-festival-della-musica-suonata\/#primaryimage"},"image":{"@id":"https:\/\/www.montaioneintuscany.it\/fr\/evenements\/le-festival-della-musica-suonata\/#primaryimage"},"thumbnailUrl":"https:\/\/www.montaioneintuscany.it\/wp-content\/uploads\/2025\/12\/CdM_testata_festival-musica-suonata.jpg","datePublished":"2025-11-23T22:08:19+00:00","dateModified":"2025-12-16T13:37:21+00:00","description":"D\u00e9couvrez le \"Festival della musica suonata\": une s\u00e9rie de soir\u00e9es qui animent l'\u00e9t\u00e9 \u00e0 Montaione au mois d'ao\u00fbt.","breadcrumb":{"@id":"https:\/\/www.montaioneintuscany.it\/fr\/evenements\/le-festival-della-musica-suonata\/#breadcrumb"},"inLanguage":"fr-FR","potentialAction":[{"@type":"ReadAction","target":["https:\/\/www.montaioneintuscany.it\/fr\/evenements\/le-festival-della-musica-suonata\/"]}]},{"@type":"ImageObject","inLanguage":"fr-FR","@id":"https:\/\/www.montaioneintuscany.it\/fr\/evenements\/le-festival-della-musica-suonata\/#primaryimage","url":"https:\/\/www.montaioneintuscany.it\/wp-content\/uploads\/2025\/12\/CdM_testata_festival-musica-suonata.jpg","contentUrl":"https:\/\/www.montaioneintuscany.it\/wp-content\/uploads\/2025\/12\/CdM_testata_festival-musica-suonata.jpg","width":1920,"height":433},{"@type":"BreadcrumbList","@id":"https:\/\/www.montaioneintuscany.it\/fr\/evenements\/le-festival-della-musica-suonata\/#breadcrumb","itemListElement":[{"@type":"ListItem","position":1,"name":"Home","item":"https:\/\/www.montaioneintuscany.it\/"},{"@type":"ListItem","position":2,"name":"\u00c9v\u00e9nements","item":"https:\/\/www.montaioneintuscany.it\/fr\/evenements\/"},{"@type":"ListItem","position":3,"name":"Le \u201cFestival della musica suonata\u201d"}]},{"@type":"WebSite","@id":"https:\/\/www.montaioneintuscany.it\/en\/#website","url":"https:\/\/www.montaioneintuscany.it\/en\/","name":"Montaioneintuscany","description":"","publisher":{"@id":"https:\/\/www.montaioneintuscany.it\/en\/#organization"},"potentialAction":[{"@type":"SearchAction","target":{"@type":"EntryPoint","urlTemplate":"https:\/\/www.montaioneintuscany.it\/en\/?s={search_term_string}"},"query-input":{"@type":"PropertyValueSpecification","valueRequired":true,"valueName":"search_term_string"}}],"inLanguage":"fr-FR"},{"@type":"Organization","@id":"https:\/\/www.montaioneintuscany.it\/en\/#organization","name":"Montaioneintuscany","url":"https:\/\/www.montaioneintuscany.it\/en\/","logo":{"@type":"ImageObject","inLanguage":"fr-FR","@id":"https:\/\/www.montaioneintuscany.it\/en\/#\/schema\/logo\/image\/","url":"https:\/\/www.montaioneintuscany.it\/wp-content\/uploads\/2025\/10\/logo.svg","contentUrl":"https:\/\/www.montaioneintuscany.it\/wp-content\/uploads\/2025\/10\/logo.svg","width":247,"height":25,"caption":"Montaioneintuscany"},"image":{"@id":"https:\/\/www.montaioneintuscany.it\/en\/#\/schema\/logo\/image\/"}}]}},"_links":{"self":[{"href":"https:\/\/www.montaioneintuscany.it\/fr\/wp-json\/wp\/v2\/pages\/16462","targetHints":{"allow":["GET"]}}],"collection":[{"href":"https:\/\/www.montaioneintuscany.it\/fr\/wp-json\/wp\/v2\/pages"}],"about":[{"href":"https:\/\/www.montaioneintuscany.it\/fr\/wp-json\/wp\/v2\/types\/page"}],"author":[{"embeddable":true,"href":"https:\/\/www.montaioneintuscany.it\/fr\/wp-json\/wp\/v2\/users\/2"}],"replies":[{"embeddable":true,"href":"https:\/\/www.montaioneintuscany.it\/fr\/wp-json\/wp\/v2\/comments?post=16462"}],"version-history":[{"count":8,"href":"https:\/\/www.montaioneintuscany.it\/fr\/wp-json\/wp\/v2\/pages\/16462\/revisions"}],"predecessor-version":[{"id":18132,"href":"https:\/\/www.montaioneintuscany.it\/fr\/wp-json\/wp\/v2\/pages\/16462\/revisions\/18132"}],"up":[{"embeddable":true,"href":"https:\/\/www.montaioneintuscany.it\/fr\/wp-json\/wp\/v2\/pages\/13780"}],"wp:featuredmedia":[{"embeddable":true,"href":"https:\/\/www.montaioneintuscany.it\/fr\/wp-json\/wp\/v2\/media\/16439"}],"wp:attachment":[{"href":"https:\/\/www.montaioneintuscany.it\/fr\/wp-json\/wp\/v2\/media?parent=16462"}],"curies":[{"name":"wp","href":"https:\/\/api.w.org\/{rel}","templated":true}]}}