{"id":16441,"date":"2025-11-23T23:04:42","date_gmt":"2025-11-23T22:04:42","guid":{"rendered":"https:\/\/montaione.filaretedev.it\/evenements\/classica\/"},"modified":"2026-01-20T14:36:18","modified_gmt":"2026-01-20T13:36:18","slug":"classique","status":"publish","type":"page","link":"https:\/\/www.montaioneintuscany.it\/fr\/evenements\/classique\/","title":{"rendered":"\u201cClassique\u201d, le Festival de Musique Classique"},"content":{"rendered":"\t\t<div data-elementor-type=\"wp-page\" data-elementor-id=\"16441\" class=\"elementor elementor-16441 elementor-14596\" data-elementor-post-type=\"page\">\n\t\t\t\t<div class=\"elementor-element elementor-element-2b44533f e-flex e-con-boxed e-con e-parent\" data-id=\"2b44533f\" data-element_type=\"container\" data-e-type=\"container\" data-settings=\"{&quot;background_background&quot;:&quot;classic&quot;}\">\n\t\t\t\t\t<div class=\"e-con-inner\">\n\t\t<div class=\"elementor-element elementor-element-328dd093 e-con-full mt-auto mb-4 e-flex e-con e-child\" data-id=\"328dd093\" data-element_type=\"container\" data-e-type=\"container\">\n\t\t\t\t<\/div>\n\t\t\t\t\t<\/div>\n\t\t\t\t<\/div>\n\t\t<div class=\"elementor-element elementor-element-3af498f5 e-flex e-con-boxed e-con e-parent\" data-id=\"3af498f5\" data-element_type=\"container\" data-e-type=\"container\">\n\t\t\t\t\t<div class=\"e-con-inner\">\n\t\t<div class=\"elementor-element elementor-element-64240f85 e-con-full e-flex e-con e-child\" data-id=\"64240f85\" data-element_type=\"container\" data-e-type=\"container\">\n\t\t\t\t<div class=\"elementor-element elementor-element-fead0d7 elementor-widget elementor-widget-shortcode\" data-id=\"fead0d7\" data-element_type=\"widget\" data-e-type=\"widget\" data-widget_type=\"shortcode.default\">\n\t\t\t\t\t\t\t<div class=\"elementor-shortcode\"><ul id=\"breadcrumbs\" class=\"breadcrumb w-100\"><li class=\"item-home\"><a class=\"bread-link bread-home\" href=\"https:\/\/www.montaioneintuscany.it\/fr\/\" title=\"Home\">Home<\/a><\/li><li class=\"separator separator-home\">  |  <\/li><\/ul><\/div>\n\t\t\t\t\t\t<\/div>\n\t\t\t\t<\/div>\n\t\t\t\t\t<\/div>\n\t\t\t\t<\/div>\n\t\t<div class=\"elementor-element elementor-element-69a72bbc py-5 e-flex e-con-boxed e-con e-parent\" data-id=\"69a72bbc\" data-element_type=\"container\" data-e-type=\"container\">\n\t\t\t\t\t<div class=\"e-con-inner\">\n\t\t<div class=\"elementor-element elementor-element-3266f66d e-con-full e-flex e-con e-child\" data-id=\"3266f66d\" data-element_type=\"container\" data-e-type=\"container\">\n\t\t\t\t<div class=\"elementor-element elementor-element-24d2f7e9 elementor-widget elementor-widget-text-editor\" data-id=\"24d2f7e9\" data-element_type=\"widget\" data-e-type=\"widget\" data-widget_type=\"text-editor.default\">\n\t\t\t\t\t\t\t\t\t<p>\u00c9couter Haydn ou Mozart, Monteverdi ou Astor Piazzolla, dans la for\u00eat de <a href=\"\/fr\/decouvrir-montaione\/la-jerusalem-de-san-vivaldo\/\"><strong>San Vivaldo<\/strong><\/a>, parmi les chapelles de la petite \u201cJ\u00e9rusalem\u201d de Toscane, sous le regard des habitants immobiles en terre cuite polychrome, qui \u201chabitent\u201d dans ces chapelles depuis 500 ans. Peut-on esp\u00e9rer plus en \u00e9t\u00e9? C\u2019est le privil\u00e8ge qu\u2019on a les dimanches de juillet le festival de <em>Classique<\/em>. Le festival <em>Classique<\/em> est un rendez-vous \u00e0 ne pas manquer en <a href=\"\/fr\/evenements\/ete-a-montaione\/\"><strong>\u00e9t\u00e9 \u00e0 Montaione<\/strong><\/a>. Un hommage \u00e0 la musique de tous les temps, r\u00e9alis\u00e9 par les Municipalit\u00e9s de Montaione et Gambassi Terme, dans deux sc\u00e9narios de charme: l\u2019Eglise de Santa Maria a Chianni et la <a href=\"\/fr\/decouvrir-montaione\/la-jerusalem-de-san-vivaldo\/\"><strong>\u201cJ\u00e9rusalem\u201d de San Vivaldo<\/strong><\/a>. Les concerts sont donn\u00e9s par des formations de l\u2019Orchestre R\u00e9gional Toscane. Fond\u00e9e \u00e0 Florence en 1980, l\u2019O.R.T. est consid\u00e9r\u00e9e comme l\u2019un des meilleurs orchestres d\u2019Italie.<\/p>\n<p>L\u2019excellence de ses 44 musiciens l\u2019a amen\u00e9e \u00e0 se produire dans les festivals et dans les plus prestigieuses salles de concert d\u2019Europe et du monde. Sa polyvalence lui permet aussi de se produire avec musique de chambre, et ce sont ses groupes de solistes, du trio au quintet, au petit <em>ensemble<\/em>, qui sont protagonistes des apr\u00e8s-midi musicaux \u00e0 San Vivaldo.<\/p>\n<p>Concerts associant les pages les plus c\u00e9l\u00e8bres de la litt\u00e9rature musicale \u00e0 des choix originaux d\u2019\u0153uvres et d\u2019auteurs moins connus du grand public. En tout cas, le cadre de San Vivaldo et les musiciens de l\u2019Orchestre Toscane sont une combinaison qui rend <em>Classique<\/em> une exp\u00e9rience qui ne s\u2019oublie pas.&nbsp;<\/p>\t\t\t\t\t\t\t\t<\/div>\n\t\t\t\t<\/div>\n\t\t\t\t\t<\/div>\n\t\t\t\t<\/div>\n\t\t\t\t<\/div>\n\t\t","protected":false},"excerpt":{"rendered":"<p>\u00c9couter Haydn ou Mozart, Monteverdi ou Astor Piazzolla, dans la for\u00eat de San Vivaldo, parmi les chapelles de la petite \u201cJ\u00e9rusalem\u201d de Toscane, sous le regard des habitants immobiles en terre cuite polychrome, qui \u201chabitent\u201d dans ces chapelles depuis 500 ans. Peut-on esp\u00e9rer plus en \u00e9t\u00e9? C\u2019est le privil\u00e8ge qu\u2019on a les dimanches de juillet [&hellip;]<\/p>\n","protected":false},"author":2,"featured_media":19210,"parent":13780,"menu_order":0,"comment_status":"closed","ping_status":"closed","template":"","meta":{"_acf_changed":false,"footnotes":""},"class_list":["post-16441","page","type-page","status-publish","has-post-thumbnail","hentry"],"acf":[],"yoast_head":"<!-- This site is optimized with the Yoast SEO plugin v27.3 - https:\/\/yoast.com\/product\/yoast-seo-wordpress\/ -->\n<title>Montaioneintuscany - \u201cClassique\u201d, le Festival de Musique Classique<\/title>\n<meta name=\"description\" content=\"Classique: un rendez-vous incontournable de l&#039;\u00e9t\u00e9 \u00e0 Montaione. Un hommage \u00e0 la musique de tous les temps dans deux cadres enchanteurs.\" \/>\n<meta name=\"robots\" content=\"index, follow, max-snippet:-1, max-image-preview:large, max-video-preview:-1\" \/>\n<link rel=\"canonical\" href=\"https:\/\/www.montaioneintuscany.it\/fr\/evenements\/classique\/\" \/>\n<meta property=\"og:locale\" content=\"fr_FR\" \/>\n<meta property=\"og:type\" content=\"article\" \/>\n<meta property=\"og:title\" content=\"Montaioneintuscany - \u201cClassique\u201d, le Festival de Musique Classique\" \/>\n<meta property=\"og:description\" content=\"Classique: un rendez-vous incontournable de l&#039;\u00e9t\u00e9 \u00e0 Montaione. Un hommage \u00e0 la musique de tous les temps dans deux cadres enchanteurs.\" \/>\n<meta property=\"og:url\" content=\"https:\/\/www.montaioneintuscany.it\/fr\/evenements\/classique\/\" \/>\n<meta property=\"og:site_name\" content=\"Montaioneintuscany\" \/>\n<meta property=\"article:modified_time\" content=\"2026-01-20T13:36:18+00:00\" \/>\n<meta name=\"twitter:card\" content=\"summary_large_image\" \/>\n<meta name=\"twitter:label1\" content=\"Dur\u00e9e de lecture estim\u00e9e\" \/>\n\t<meta name=\"twitter:data1\" content=\"2 minutes\" \/>\n<script type=\"application\/ld+json\" class=\"yoast-schema-graph\">{\"@context\":\"https:\\\/\\\/schema.org\",\"@graph\":[{\"@type\":\"WebPage\",\"@id\":\"https:\\\/\\\/www.montaioneintuscany.it\\\/fr\\\/evenements\\\/classique\\\/\",\"url\":\"https:\\\/\\\/www.montaioneintuscany.it\\\/fr\\\/evenements\\\/classique\\\/\",\"name\":\"Montaioneintuscany - \u201cClassique\u201d, le Festival de Musique Classique\",\"isPartOf\":{\"@id\":\"https:\\\/\\\/www.montaioneintuscany.it\\\/en\\\/#website\"},\"primaryImageOfPage\":{\"@id\":\"https:\\\/\\\/www.montaioneintuscany.it\\\/fr\\\/evenements\\\/classique\\\/#primaryimage\"},\"image\":{\"@id\":\"https:\\\/\\\/www.montaioneintuscany.it\\\/fr\\\/evenements\\\/classique\\\/#primaryimage\"},\"thumbnailUrl\":\"https:\\\/\\\/www.montaioneintuscany.it\\\/wp-content\\\/uploads\\\/2026\\\/03\\\/classica.jpg\",\"datePublished\":\"2025-11-23T22:04:42+00:00\",\"dateModified\":\"2026-01-20T13:36:18+00:00\",\"description\":\"Classique: un rendez-vous incontournable de l'\u00e9t\u00e9 \u00e0 Montaione. Un hommage \u00e0 la musique de tous les temps dans deux cadres enchanteurs.\",\"breadcrumb\":{\"@id\":\"https:\\\/\\\/www.montaioneintuscany.it\\\/fr\\\/evenements\\\/classique\\\/#breadcrumb\"},\"inLanguage\":\"fr-FR\",\"potentialAction\":[{\"@type\":\"ReadAction\",\"target\":[\"https:\\\/\\\/www.montaioneintuscany.it\\\/fr\\\/evenements\\\/classique\\\/\"]}]},{\"@type\":\"ImageObject\",\"inLanguage\":\"fr-FR\",\"@id\":\"https:\\\/\\\/www.montaioneintuscany.it\\\/fr\\\/evenements\\\/classique\\\/#primaryimage\",\"url\":\"https:\\\/\\\/www.montaioneintuscany.it\\\/wp-content\\\/uploads\\\/2026\\\/03\\\/classica.jpg\",\"contentUrl\":\"https:\\\/\\\/www.montaioneintuscany.it\\\/wp-content\\\/uploads\\\/2026\\\/03\\\/classica.jpg\",\"width\":1000,\"height\":1142},{\"@type\":\"BreadcrumbList\",\"@id\":\"https:\\\/\\\/www.montaioneintuscany.it\\\/fr\\\/evenements\\\/classique\\\/#breadcrumb\",\"itemListElement\":[{\"@type\":\"ListItem\",\"position\":1,\"name\":\"Home\",\"item\":\"https:\\\/\\\/www.montaioneintuscany.it\\\/\"},{\"@type\":\"ListItem\",\"position\":2,\"name\":\"\u00c9v\u00e9nements\",\"item\":\"https:\\\/\\\/www.montaioneintuscany.it\\\/fr\\\/evenements\\\/\"},{\"@type\":\"ListItem\",\"position\":3,\"name\":\"\u201cClassique\u201d, le Festival de Musique Classique\"}]},{\"@type\":\"WebSite\",\"@id\":\"https:\\\/\\\/www.montaioneintuscany.it\\\/en\\\/#website\",\"url\":\"https:\\\/\\\/www.montaioneintuscany.it\\\/en\\\/\",\"name\":\"Montaioneintuscany\",\"description\":\"\",\"publisher\":{\"@id\":\"https:\\\/\\\/www.montaioneintuscany.it\\\/en\\\/#organization\"},\"potentialAction\":[{\"@type\":\"SearchAction\",\"target\":{\"@type\":\"EntryPoint\",\"urlTemplate\":\"https:\\\/\\\/www.montaioneintuscany.it\\\/en\\\/?s={search_term_string}\"},\"query-input\":{\"@type\":\"PropertyValueSpecification\",\"valueRequired\":true,\"valueName\":\"search_term_string\"}}],\"inLanguage\":\"fr-FR\"},{\"@type\":\"Organization\",\"@id\":\"https:\\\/\\\/www.montaioneintuscany.it\\\/en\\\/#organization\",\"name\":\"Montaioneintuscany\",\"url\":\"https:\\\/\\\/www.montaioneintuscany.it\\\/en\\\/\",\"logo\":{\"@type\":\"ImageObject\",\"inLanguage\":\"fr-FR\",\"@id\":\"https:\\\/\\\/www.montaioneintuscany.it\\\/en\\\/#\\\/schema\\\/logo\\\/image\\\/\",\"url\":\"https:\\\/\\\/www.montaioneintuscany.it\\\/wp-content\\\/uploads\\\/2025\\\/10\\\/logo.svg\",\"contentUrl\":\"https:\\\/\\\/www.montaioneintuscany.it\\\/wp-content\\\/uploads\\\/2025\\\/10\\\/logo.svg\",\"width\":247,\"height\":25,\"caption\":\"Montaioneintuscany\"},\"image\":{\"@id\":\"https:\\\/\\\/www.montaioneintuscany.it\\\/en\\\/#\\\/schema\\\/logo\\\/image\\\/\"}}]}<\/script>\n<!-- \/ Yoast SEO plugin. -->","yoast_head_json":{"title":"Montaioneintuscany - \u201cClassique\u201d, le Festival de Musique Classique","description":"Classique: un rendez-vous incontournable de l'\u00e9t\u00e9 \u00e0 Montaione. Un hommage \u00e0 la musique de tous les temps dans deux cadres enchanteurs.","robots":{"index":"index","follow":"follow","max-snippet":"max-snippet:-1","max-image-preview":"max-image-preview:large","max-video-preview":"max-video-preview:-1"},"canonical":"https:\/\/www.montaioneintuscany.it\/fr\/evenements\/classique\/","og_locale":"fr_FR","og_type":"article","og_title":"Montaioneintuscany - \u201cClassique\u201d, le Festival de Musique Classique","og_description":"Classique: un rendez-vous incontournable de l'\u00e9t\u00e9 \u00e0 Montaione. Un hommage \u00e0 la musique de tous les temps dans deux cadres enchanteurs.","og_url":"https:\/\/www.montaioneintuscany.it\/fr\/evenements\/classique\/","og_site_name":"Montaioneintuscany","article_modified_time":"2026-01-20T13:36:18+00:00","twitter_card":"summary_large_image","twitter_misc":{"Dur\u00e9e de lecture estim\u00e9e":"2 minutes"},"schema":{"@context":"https:\/\/schema.org","@graph":[{"@type":"WebPage","@id":"https:\/\/www.montaioneintuscany.it\/fr\/evenements\/classique\/","url":"https:\/\/www.montaioneintuscany.it\/fr\/evenements\/classique\/","name":"Montaioneintuscany - \u201cClassique\u201d, le Festival de Musique Classique","isPartOf":{"@id":"https:\/\/www.montaioneintuscany.it\/en\/#website"},"primaryImageOfPage":{"@id":"https:\/\/www.montaioneintuscany.it\/fr\/evenements\/classique\/#primaryimage"},"image":{"@id":"https:\/\/www.montaioneintuscany.it\/fr\/evenements\/classique\/#primaryimage"},"thumbnailUrl":"https:\/\/www.montaioneintuscany.it\/wp-content\/uploads\/2026\/03\/classica.jpg","datePublished":"2025-11-23T22:04:42+00:00","dateModified":"2026-01-20T13:36:18+00:00","description":"Classique: un rendez-vous incontournable de l'\u00e9t\u00e9 \u00e0 Montaione. Un hommage \u00e0 la musique de tous les temps dans deux cadres enchanteurs.","breadcrumb":{"@id":"https:\/\/www.montaioneintuscany.it\/fr\/evenements\/classique\/#breadcrumb"},"inLanguage":"fr-FR","potentialAction":[{"@type":"ReadAction","target":["https:\/\/www.montaioneintuscany.it\/fr\/evenements\/classique\/"]}]},{"@type":"ImageObject","inLanguage":"fr-FR","@id":"https:\/\/www.montaioneintuscany.it\/fr\/evenements\/classique\/#primaryimage","url":"https:\/\/www.montaioneintuscany.it\/wp-content\/uploads\/2026\/03\/classica.jpg","contentUrl":"https:\/\/www.montaioneintuscany.it\/wp-content\/uploads\/2026\/03\/classica.jpg","width":1000,"height":1142},{"@type":"BreadcrumbList","@id":"https:\/\/www.montaioneintuscany.it\/fr\/evenements\/classique\/#breadcrumb","itemListElement":[{"@type":"ListItem","position":1,"name":"Home","item":"https:\/\/www.montaioneintuscany.it\/"},{"@type":"ListItem","position":2,"name":"\u00c9v\u00e9nements","item":"https:\/\/www.montaioneintuscany.it\/fr\/evenements\/"},{"@type":"ListItem","position":3,"name":"\u201cClassique\u201d, le Festival de Musique Classique"}]},{"@type":"WebSite","@id":"https:\/\/www.montaioneintuscany.it\/en\/#website","url":"https:\/\/www.montaioneintuscany.it\/en\/","name":"Montaioneintuscany","description":"","publisher":{"@id":"https:\/\/www.montaioneintuscany.it\/en\/#organization"},"potentialAction":[{"@type":"SearchAction","target":{"@type":"EntryPoint","urlTemplate":"https:\/\/www.montaioneintuscany.it\/en\/?s={search_term_string}"},"query-input":{"@type":"PropertyValueSpecification","valueRequired":true,"valueName":"search_term_string"}}],"inLanguage":"fr-FR"},{"@type":"Organization","@id":"https:\/\/www.montaioneintuscany.it\/en\/#organization","name":"Montaioneintuscany","url":"https:\/\/www.montaioneintuscany.it\/en\/","logo":{"@type":"ImageObject","inLanguage":"fr-FR","@id":"https:\/\/www.montaioneintuscany.it\/en\/#\/schema\/logo\/image\/","url":"https:\/\/www.montaioneintuscany.it\/wp-content\/uploads\/2025\/10\/logo.svg","contentUrl":"https:\/\/www.montaioneintuscany.it\/wp-content\/uploads\/2025\/10\/logo.svg","width":247,"height":25,"caption":"Montaioneintuscany"},"image":{"@id":"https:\/\/www.montaioneintuscany.it\/en\/#\/schema\/logo\/image\/"}}]}},"_links":{"self":[{"href":"https:\/\/www.montaioneintuscany.it\/fr\/wp-json\/wp\/v2\/pages\/16441","targetHints":{"allow":["GET"]}}],"collection":[{"href":"https:\/\/www.montaioneintuscany.it\/fr\/wp-json\/wp\/v2\/pages"}],"about":[{"href":"https:\/\/www.montaioneintuscany.it\/fr\/wp-json\/wp\/v2\/types\/page"}],"author":[{"embeddable":true,"href":"https:\/\/www.montaioneintuscany.it\/fr\/wp-json\/wp\/v2\/users\/2"}],"replies":[{"embeddable":true,"href":"https:\/\/www.montaioneintuscany.it\/fr\/wp-json\/wp\/v2\/comments?post=16441"}],"version-history":[{"count":11,"href":"https:\/\/www.montaioneintuscany.it\/fr\/wp-json\/wp\/v2\/pages\/16441\/revisions"}],"predecessor-version":[{"id":19106,"href":"https:\/\/www.montaioneintuscany.it\/fr\/wp-json\/wp\/v2\/pages\/16441\/revisions\/19106"}],"up":[{"embeddable":true,"href":"https:\/\/www.montaioneintuscany.it\/fr\/wp-json\/wp\/v2\/pages\/13780"}],"wp:featuredmedia":[{"embeddable":true,"href":"https:\/\/www.montaioneintuscany.it\/fr\/wp-json\/wp\/v2\/media\/19210"}],"wp:attachment":[{"href":"https:\/\/www.montaioneintuscany.it\/fr\/wp-json\/wp\/v2\/media?parent=16441"}],"curies":[{"name":"wp","href":"https:\/\/api.w.org\/{rel}","templated":true}]}}