{"id":16430,"date":"2025-11-23T23:00:47","date_gmt":"2025-11-23T22:00:47","guid":{"rendered":"https:\/\/montaione.filaretedev.it\/evenements\/estate-montaionese\/"},"modified":"2025-12-16T14:33:11","modified_gmt":"2025-12-16T13:33:11","slug":"ete-a-montaione","status":"publish","type":"page","link":"https:\/\/www.montaioneintuscany.it\/fr\/evenements\/ete-a-montaione\/","title":{"rendered":"L\u2019Et\u00e9 \u00e0 Montaione"},"content":{"rendered":"\t\t<div data-elementor-type=\"wp-page\" data-elementor-id=\"16430\" class=\"elementor elementor-16430 elementor-14590\" data-elementor-post-type=\"page\">\n\t\t\t\t<div class=\"elementor-element elementor-element-5ba654e6 e-flex e-con-boxed e-con e-parent\" data-id=\"5ba654e6\" data-element_type=\"container\" data-e-type=\"container\" data-settings=\"{&quot;background_background&quot;:&quot;classic&quot;}\">\n\t\t\t\t\t<div class=\"e-con-inner\">\n\t\t<div class=\"elementor-element elementor-element-7b80c07b e-con-full mt-auto mb-4 e-flex e-con e-child\" data-id=\"7b80c07b\" data-element_type=\"container\" data-e-type=\"container\">\n\t\t\t\t<\/div>\n\t\t\t\t\t<\/div>\n\t\t\t\t<\/div>\n\t\t<div class=\"elementor-element elementor-element-59e7f74b e-flex e-con-boxed e-con e-parent\" data-id=\"59e7f74b\" data-element_type=\"container\" data-e-type=\"container\">\n\t\t\t\t\t<div class=\"e-con-inner\">\n\t\t<div class=\"elementor-element elementor-element-330538e4 e-con-full e-flex e-con e-child\" data-id=\"330538e4\" data-element_type=\"container\" data-e-type=\"container\">\n\t\t\t\t<div class=\"elementor-element elementor-element-6782755b elementor-widget elementor-widget-shortcode\" data-id=\"6782755b\" data-element_type=\"widget\" data-e-type=\"widget\" data-widget_type=\"shortcode.default\">\n\t\t\t\t\t\t\t<div class=\"elementor-shortcode\"><ul id=\"breadcrumbs\" class=\"breadcrumb w-100\"><li class=\"item-home\"><a class=\"bread-link bread-home\" href=\"https:\/\/www.montaioneintuscany.it\/fr\/\" title=\"Home\">Home<\/a><\/li><li class=\"separator separator-home\">  |  <\/li><\/ul><\/div>\n\t\t\t\t\t\t<\/div>\n\t\t\t\t<\/div>\n\t\t\t\t\t<\/div>\n\t\t\t\t<\/div>\n\t\t<div class=\"elementor-element elementor-element-7c9b0f01 py-5 e-flex e-con-boxed e-con e-parent\" data-id=\"7c9b0f01\" data-element_type=\"container\" data-e-type=\"container\">\n\t\t\t\t\t<div class=\"e-con-inner\">\n\t\t<div class=\"elementor-element elementor-element-589169bf e-con-full e-flex e-con e-child\" data-id=\"589169bf\" data-element_type=\"container\" data-e-type=\"container\">\n\t\t\t\t<div class=\"elementor-element elementor-element-764b75ca elementor-widget elementor-widget-text-editor\" data-id=\"764b75ca\" data-element_type=\"widget\" data-e-type=\"widget\" data-widget_type=\"text-editor.default\">\n\t\t\t\t\t\t\t\t\t<p>L\u2019\u00e9t\u00e9 \u00e0 Montaione est musique, spectacle, culture. A Montaione l\u2019\u00e9t\u00e9 est artisanat et \u0153nogastronomie. A Montaione l\u2019\u00e9t\u00e9 est f\u00eate et tradition. A Montaione l\u2019\u00e9t\u00e9 est place et territoire. A en profiter \u00e0 partir du mois de juin jusqu\u2019\u00e0 septembre, l\u2019\u00e9t\u00e9 \u00e0 Montaione est une explosion de couleurs, sons, saveurs, envie de se rencontrer et d\u2019\u00eatre ensemble.<br \/>Une communaut\u00e9 vivante et accueillante que fait tout pour offrir \u00e0 ses nombreux h\u00f4tes et visiteurs des moments cr\u00e9atifs de partage. Les coins les plus suggestifs du bourg se transforment en sc\u00e8nes naturelles, o\u00f9 l\u2019art rencontre le plaisir et la culture devient intimit\u00e9 pour un \u00e9t\u00e9 riche en \u00e9motions.<\/p><p>Le <a href=\"\/fr\/decouvrir-montaione\/centre-historique-montaione\/\"><strong>Centre historique<\/strong><\/a> ainsi que les paysages naturels et les hameaux deviennent sc\u00e9nographie de moments inoubliables. Qui les a appel\u00e9es des \u201cpartie de vie\u201d, \u00e0 tout compris car presque chaque jour, au coucher du soleil quand on a plus envie de se laisser inspirer, il y a quelqu\u2019un quelque part \u00e0 Montaione qui se produit, qui cuisine \u00e0 l\u2019ext\u00e9rieur, qui offre des moments de f\u00eate et de po\u00e9sie.<\/p><p>De nouvelles id\u00e9es et de nouveaux espaces s\u2019ajoutent chaque ann\u00e9e \u00e0 des rendez-vous devenus historiques, comme les concerts de <a href=\"\/fr\/evenements\/classique\/\"><strong>Classique<\/strong><\/a> \u00e0 <a href=\"\/fr\/decouvrir-montaione\/la-jerusalem-de-san-vivaldo\/\"><strong>San Vivaldo<\/strong><\/a>, le th\u00e9\u00e2tre pour enfants des <em>Villes de pain d\u2019\u00e9pice<\/em>, le <strong>Festival de Musique live<\/strong>, les \u00e9v\u00e9nements \u0153nogastronomiques de <em>Ciccia &amp; Vino et Inforchett\u2019ando<\/em>, les excursions sur le territoire du <em>Paesaggio Ritrovato<\/em>, les march\u00e9s de <em>Uso &amp; Riuso<\/em>. Voila l\u2019\u00e9t\u00e9 Montaionese, un riche programme organis\u00e9 par la municipalit\u00e9 de Montaione et les nombreuses associations locales.<\/p>\t\t\t\t\t\t\t\t<\/div>\n\t\t\t\t<\/div>\n\t\t\t\t\t<\/div>\n\t\t\t\t<\/div>\n\t\t\t\t<\/div>\n\t\t","protected":false},"excerpt":{"rendered":"<p>L\u2019\u00e9t\u00e9 \u00e0 Montaione est musique, spectacle, culture. A Montaione l\u2019\u00e9t\u00e9 est artisanat et \u0153nogastronomie. A Montaione l\u2019\u00e9t\u00e9 est f\u00eate et tradition. A Montaione l\u2019\u00e9t\u00e9 est place et territoire. A en profiter \u00e0 partir du mois de juin jusqu\u2019\u00e0 septembre, l\u2019\u00e9t\u00e9 \u00e0 Montaione est une explosion de couleurs, sons, saveurs, envie de se rencontrer et d\u2019\u00eatre [&hellip;]<\/p>\n","protected":false},"author":2,"featured_media":0,"parent":13780,"menu_order":0,"comment_status":"closed","ping_status":"closed","template":"","meta":{"_acf_changed":false,"footnotes":""},"class_list":["post-16430","page","type-page","status-publish","hentry"],"acf":[],"yoast_head":"<!-- This site is optimized with the Yoast SEO plugin v27.3 - https:\/\/yoast.com\/product\/yoast-seo-wordpress\/ -->\n<title>Montaioneintuscany - L\u2019Et\u00e9 \u00e0 Montaione<\/title>\n<meta name=\"description\" content=\"D\u00e9couvrez l&#039;et\u00e9 \u00e0 Montaione : festival estival avec concerts, spectacles, march\u00e9s et d\u00e9gustations dans les rues et sur les places du village.\" \/>\n<meta name=\"robots\" content=\"index, follow, max-snippet:-1, max-image-preview:large, max-video-preview:-1\" \/>\n<link rel=\"canonical\" href=\"https:\/\/www.montaioneintuscany.it\/fr\/evenements\/ete-a-montaione\/\" \/>\n<meta property=\"og:locale\" content=\"fr_FR\" \/>\n<meta property=\"og:type\" content=\"article\" \/>\n<meta property=\"og:title\" content=\"Montaioneintuscany - L\u2019Et\u00e9 \u00e0 Montaione\" \/>\n<meta property=\"og:description\" content=\"D\u00e9couvrez l&#039;et\u00e9 \u00e0 Montaione : festival estival avec concerts, spectacles, march\u00e9s et d\u00e9gustations dans les rues et sur les places du village.\" \/>\n<meta property=\"og:url\" content=\"https:\/\/www.montaioneintuscany.it\/fr\/evenements\/ete-a-montaione\/\" \/>\n<meta property=\"og:site_name\" content=\"Montaioneintuscany\" \/>\n<meta property=\"article:modified_time\" content=\"2025-12-16T13:33:11+00:00\" \/>\n<meta name=\"twitter:card\" content=\"summary_large_image\" \/>\n<meta name=\"twitter:label1\" content=\"Dur\u00e9e de lecture estim\u00e9e\" \/>\n\t<meta name=\"twitter:data1\" content=\"2 minutes\" \/>\n<script type=\"application\/ld+json\" class=\"yoast-schema-graph\">{\"@context\":\"https:\\\/\\\/schema.org\",\"@graph\":[{\"@type\":\"WebPage\",\"@id\":\"https:\\\/\\\/www.montaioneintuscany.it\\\/fr\\\/evenements\\\/ete-a-montaione\\\/\",\"url\":\"https:\\\/\\\/www.montaioneintuscany.it\\\/fr\\\/evenements\\\/ete-a-montaione\\\/\",\"name\":\"Montaioneintuscany - L\u2019Et\u00e9 \u00e0 Montaione\",\"isPartOf\":{\"@id\":\"https:\\\/\\\/www.montaioneintuscany.it\\\/en\\\/#website\"},\"datePublished\":\"2025-11-23T22:00:47+00:00\",\"dateModified\":\"2025-12-16T13:33:11+00:00\",\"description\":\"D\u00e9couvrez l'et\u00e9 \u00e0 Montaione : festival estival avec concerts, spectacles, march\u00e9s et d\u00e9gustations dans les rues et sur les places du village.\",\"breadcrumb\":{\"@id\":\"https:\\\/\\\/www.montaioneintuscany.it\\\/fr\\\/evenements\\\/ete-a-montaione\\\/#breadcrumb\"},\"inLanguage\":\"fr-FR\",\"potentialAction\":[{\"@type\":\"ReadAction\",\"target\":[\"https:\\\/\\\/www.montaioneintuscany.it\\\/fr\\\/evenements\\\/ete-a-montaione\\\/\"]}]},{\"@type\":\"BreadcrumbList\",\"@id\":\"https:\\\/\\\/www.montaioneintuscany.it\\\/fr\\\/evenements\\\/ete-a-montaione\\\/#breadcrumb\",\"itemListElement\":[{\"@type\":\"ListItem\",\"position\":1,\"name\":\"Home\",\"item\":\"https:\\\/\\\/www.montaioneintuscany.it\\\/\"},{\"@type\":\"ListItem\",\"position\":2,\"name\":\"\u00c9v\u00e9nements\",\"item\":\"https:\\\/\\\/www.montaioneintuscany.it\\\/fr\\\/evenements\\\/\"},{\"@type\":\"ListItem\",\"position\":3,\"name\":\"L\u2019Et\u00e9 \u00e0 Montaione\"}]},{\"@type\":\"WebSite\",\"@id\":\"https:\\\/\\\/www.montaioneintuscany.it\\\/en\\\/#website\",\"url\":\"https:\\\/\\\/www.montaioneintuscany.it\\\/en\\\/\",\"name\":\"Montaioneintuscany\",\"description\":\"\",\"publisher\":{\"@id\":\"https:\\\/\\\/www.montaioneintuscany.it\\\/en\\\/#organization\"},\"potentialAction\":[{\"@type\":\"SearchAction\",\"target\":{\"@type\":\"EntryPoint\",\"urlTemplate\":\"https:\\\/\\\/www.montaioneintuscany.it\\\/en\\\/?s={search_term_string}\"},\"query-input\":{\"@type\":\"PropertyValueSpecification\",\"valueRequired\":true,\"valueName\":\"search_term_string\"}}],\"inLanguage\":\"fr-FR\"},{\"@type\":\"Organization\",\"@id\":\"https:\\\/\\\/www.montaioneintuscany.it\\\/en\\\/#organization\",\"name\":\"Montaioneintuscany\",\"url\":\"https:\\\/\\\/www.montaioneintuscany.it\\\/en\\\/\",\"logo\":{\"@type\":\"ImageObject\",\"inLanguage\":\"fr-FR\",\"@id\":\"https:\\\/\\\/www.montaioneintuscany.it\\\/en\\\/#\\\/schema\\\/logo\\\/image\\\/\",\"url\":\"https:\\\/\\\/www.montaioneintuscany.it\\\/wp-content\\\/uploads\\\/2025\\\/10\\\/logo.svg\",\"contentUrl\":\"https:\\\/\\\/www.montaioneintuscany.it\\\/wp-content\\\/uploads\\\/2025\\\/10\\\/logo.svg\",\"width\":247,\"height\":25,\"caption\":\"Montaioneintuscany\"},\"image\":{\"@id\":\"https:\\\/\\\/www.montaioneintuscany.it\\\/en\\\/#\\\/schema\\\/logo\\\/image\\\/\"}}]}<\/script>\n<!-- \/ Yoast SEO plugin. -->","yoast_head_json":{"title":"Montaioneintuscany - L\u2019Et\u00e9 \u00e0 Montaione","description":"D\u00e9couvrez l'et\u00e9 \u00e0 Montaione : festival estival avec concerts, spectacles, march\u00e9s et d\u00e9gustations dans les rues et sur les places du village.","robots":{"index":"index","follow":"follow","max-snippet":"max-snippet:-1","max-image-preview":"max-image-preview:large","max-video-preview":"max-video-preview:-1"},"canonical":"https:\/\/www.montaioneintuscany.it\/fr\/evenements\/ete-a-montaione\/","og_locale":"fr_FR","og_type":"article","og_title":"Montaioneintuscany - L\u2019Et\u00e9 \u00e0 Montaione","og_description":"D\u00e9couvrez l'et\u00e9 \u00e0 Montaione : festival estival avec concerts, spectacles, march\u00e9s et d\u00e9gustations dans les rues et sur les places du village.","og_url":"https:\/\/www.montaioneintuscany.it\/fr\/evenements\/ete-a-montaione\/","og_site_name":"Montaioneintuscany","article_modified_time":"2025-12-16T13:33:11+00:00","twitter_card":"summary_large_image","twitter_misc":{"Dur\u00e9e de lecture estim\u00e9e":"2 minutes"},"schema":{"@context":"https:\/\/schema.org","@graph":[{"@type":"WebPage","@id":"https:\/\/www.montaioneintuscany.it\/fr\/evenements\/ete-a-montaione\/","url":"https:\/\/www.montaioneintuscany.it\/fr\/evenements\/ete-a-montaione\/","name":"Montaioneintuscany - L\u2019Et\u00e9 \u00e0 Montaione","isPartOf":{"@id":"https:\/\/www.montaioneintuscany.it\/en\/#website"},"datePublished":"2025-11-23T22:00:47+00:00","dateModified":"2025-12-16T13:33:11+00:00","description":"D\u00e9couvrez l'et\u00e9 \u00e0 Montaione : festival estival avec concerts, spectacles, march\u00e9s et d\u00e9gustations dans les rues et sur les places du village.","breadcrumb":{"@id":"https:\/\/www.montaioneintuscany.it\/fr\/evenements\/ete-a-montaione\/#breadcrumb"},"inLanguage":"fr-FR","potentialAction":[{"@type":"ReadAction","target":["https:\/\/www.montaioneintuscany.it\/fr\/evenements\/ete-a-montaione\/"]}]},{"@type":"BreadcrumbList","@id":"https:\/\/www.montaioneintuscany.it\/fr\/evenements\/ete-a-montaione\/#breadcrumb","itemListElement":[{"@type":"ListItem","position":1,"name":"Home","item":"https:\/\/www.montaioneintuscany.it\/"},{"@type":"ListItem","position":2,"name":"\u00c9v\u00e9nements","item":"https:\/\/www.montaioneintuscany.it\/fr\/evenements\/"},{"@type":"ListItem","position":3,"name":"L\u2019Et\u00e9 \u00e0 Montaione"}]},{"@type":"WebSite","@id":"https:\/\/www.montaioneintuscany.it\/en\/#website","url":"https:\/\/www.montaioneintuscany.it\/en\/","name":"Montaioneintuscany","description":"","publisher":{"@id":"https:\/\/www.montaioneintuscany.it\/en\/#organization"},"potentialAction":[{"@type":"SearchAction","target":{"@type":"EntryPoint","urlTemplate":"https:\/\/www.montaioneintuscany.it\/en\/?s={search_term_string}"},"query-input":{"@type":"PropertyValueSpecification","valueRequired":true,"valueName":"search_term_string"}}],"inLanguage":"fr-FR"},{"@type":"Organization","@id":"https:\/\/www.montaioneintuscany.it\/en\/#organization","name":"Montaioneintuscany","url":"https:\/\/www.montaioneintuscany.it\/en\/","logo":{"@type":"ImageObject","inLanguage":"fr-FR","@id":"https:\/\/www.montaioneintuscany.it\/en\/#\/schema\/logo\/image\/","url":"https:\/\/www.montaioneintuscany.it\/wp-content\/uploads\/2025\/10\/logo.svg","contentUrl":"https:\/\/www.montaioneintuscany.it\/wp-content\/uploads\/2025\/10\/logo.svg","width":247,"height":25,"caption":"Montaioneintuscany"},"image":{"@id":"https:\/\/www.montaioneintuscany.it\/en\/#\/schema\/logo\/image\/"}}]}},"_links":{"self":[{"href":"https:\/\/www.montaioneintuscany.it\/fr\/wp-json\/wp\/v2\/pages\/16430","targetHints":{"allow":["GET"]}}],"collection":[{"href":"https:\/\/www.montaioneintuscany.it\/fr\/wp-json\/wp\/v2\/pages"}],"about":[{"href":"https:\/\/www.montaioneintuscany.it\/fr\/wp-json\/wp\/v2\/types\/page"}],"author":[{"embeddable":true,"href":"https:\/\/www.montaioneintuscany.it\/fr\/wp-json\/wp\/v2\/users\/2"}],"replies":[{"embeddable":true,"href":"https:\/\/www.montaioneintuscany.it\/fr\/wp-json\/wp\/v2\/comments?post=16430"}],"version-history":[{"count":8,"href":"https:\/\/www.montaioneintuscany.it\/fr\/wp-json\/wp\/v2\/pages\/16430\/revisions"}],"predecessor-version":[{"id":18128,"href":"https:\/\/www.montaioneintuscany.it\/fr\/wp-json\/wp\/v2\/pages\/16430\/revisions\/18128"}],"up":[{"embeddable":true,"href":"https:\/\/www.montaioneintuscany.it\/fr\/wp-json\/wp\/v2\/pages\/13780"}],"wp:attachment":[{"href":"https:\/\/www.montaioneintuscany.it\/fr\/wp-json\/wp\/v2\/media?parent=16430"}],"curies":[{"name":"wp","href":"https:\/\/api.w.org\/{rel}","templated":true}]}}