{"id":16372,"date":"2025-11-25T09:15:29","date_gmt":"2025-11-25T08:15:29","guid":{"rendered":"https:\/\/montaione.filaretedev.it\/decouvrir-montaione\/ascensione\/"},"modified":"2025-12-16T14:27:17","modified_gmt":"2025-12-16T13:27:17","slug":"ascension","status":"publish","type":"page","link":"https:\/\/www.montaioneintuscany.it\/fr\/decouvrir-montaione\/la-jerusalem-de-san-vivaldo\/ascension\/","title":{"rendered":"Ascension"},"content":{"rendered":"\t\t<div data-elementor-type=\"wp-page\" data-elementor-id=\"16372\" class=\"elementor elementor-16372 elementor-14836\" data-elementor-post-type=\"page\">\n\t\t\t\t<div class=\"elementor-element elementor-element-1bf8abb8 e-flex e-con-boxed e-con e-parent\" data-id=\"1bf8abb8\" data-element_type=\"container\" data-e-type=\"container\" data-settings=\"{&quot;background_background&quot;:&quot;classic&quot;}\">\n\t\t\t\t\t<div class=\"e-con-inner\">\n\t\t<div class=\"elementor-element elementor-element-98bf0e0 e-con-full mt-auto mb-4 e-flex e-con e-child\" data-id=\"98bf0e0\" data-element_type=\"container\" data-e-type=\"container\">\n\t\t\t\t<\/div>\n\t\t\t\t\t<\/div>\n\t\t\t\t<\/div>\n\t\t<div class=\"elementor-element elementor-element-7562f94b e-flex e-con-boxed e-con e-parent\" data-id=\"7562f94b\" data-element_type=\"container\" data-e-type=\"container\">\n\t\t\t\t\t<div class=\"e-con-inner\">\n\t\t<div class=\"elementor-element elementor-element-54ca5170 e-con-full e-flex e-con e-child\" data-id=\"54ca5170\" data-element_type=\"container\" data-e-type=\"container\">\n\t\t\t\t<div class=\"elementor-element elementor-element-5eaf00ee elementor-widget elementor-widget-shortcode\" data-id=\"5eaf00ee\" data-element_type=\"widget\" data-e-type=\"widget\" data-widget_type=\"shortcode.default\">\n\t\t\t\t\t\t\t<div class=\"elementor-shortcode\"><ul id=\"breadcrumbs\" class=\"breadcrumb w-100\"><li class=\"item-home\"><a class=\"bread-link bread-home\" href=\"https:\/\/www.montaioneintuscany.it\/fr\/\" title=\"Home\">Home<\/a><\/li><li class=\"separator separator-home\">  |  <\/li><\/ul><\/div>\n\t\t\t\t\t\t<\/div>\n\t\t\t\t<\/div>\n\t\t\t\t\t<\/div>\n\t\t\t\t<\/div>\n\t\t<div class=\"elementor-element elementor-element-3072e564 py-5 e-flex e-con-boxed e-con e-parent\" data-id=\"3072e564\" data-element_type=\"container\" data-e-type=\"container\">\n\t\t\t\t\t<div class=\"e-con-inner\">\n\t\t<div class=\"elementor-element elementor-element-2e555335 e-con-full e-flex e-con e-child\" data-id=\"2e555335\" data-element_type=\"container\" data-e-type=\"container\">\n\t\t\t\t<div class=\"elementor-element elementor-element-36b3c5e7 elementor-widget elementor-widget-text-editor\" data-id=\"36b3c5e7\" data-element_type=\"widget\" data-e-type=\"widget\" data-widget_type=\"text-editor.default\">\n\t\t\t\t\t\t\t\t\t<p>La chapelle se dresse sur la colline \u00e0 l&rsquo;ouest de J\u00e9rusalem, identifi\u00e9e comme le Mont des Oliviers, o\u00f9 le Christ passa la nuit pr\u00e9c\u00e9dant sa condamnation et d&rsquo;o\u00f9 eut lieu son Ascension. L&rsquo;\u00e9difice, sur\u00e9lev\u00e9, symbolise l&rsquo;ascension du Christ au ciel et pr\u00e9sente un plan octogonal, \u00e0 l&rsquo;instar de son homologue de J\u00e9rusalem, symbolisant ainsi la R\u00e9surrection\u00a0: la vie du chr\u00e9tien, rythm\u00e9e par les sept jours de la semaine, entre m\u00e9taphoriquement dans un huiti\u00e8me jour \u00e9ternel avec le bapt\u00eame.<\/p><p>\u00c0 l&rsquo;int\u00e9rieur, l&rsquo;\u00e9pisode est repr\u00e9sent\u00e9 avec une grande simplicit\u00e9 et un r\u00e9alisme saisissant\u00a0: le Christ monte au ciel entour\u00e9 d&rsquo;anges, tandis qu&rsquo;en bas, la Vierge et les Ap\u00f4tres contemplent la sc\u00e8ne avec joie et \u00e9merveillement. Au sol, \u00e0 droite de l&rsquo;entr\u00e9e, une pierre porte l&#8217;empreinte du pied droit du Christ, que, selon la tradition, il laissa au moment de l&rsquo;Ascension. Ici, comme dans d&rsquo;autres chapelles, sous la direction de Giovanni della Robbia, ses trois fils, Marco, Lucantonio et Simone, ont \u00e9galement \u0153uvr\u00e9.<\/p>\t\t\t\t\t\t\t\t<\/div>\n\t\t\t\t<div class=\"elementor-element elementor-element-f5cde12 elementor-arrows-position-outside pb-5 elementor-widget elementor-widget-image-carousel\" data-id=\"f5cde12\" data-element_type=\"widget\" data-e-type=\"widget\" data-settings=\"{&quot;navigation&quot;:&quot;arrows&quot;,&quot;autoplay&quot;:&quot;yes&quot;,&quot;pause_on_hover&quot;:&quot;yes&quot;,&quot;pause_on_interaction&quot;:&quot;yes&quot;,&quot;autoplay_speed&quot;:5000,&quot;infinite&quot;:&quot;yes&quot;,&quot;speed&quot;:500,&quot;image_spacing_custom&quot;:{&quot;unit&quot;:&quot;px&quot;,&quot;size&quot;:20,&quot;sizes&quot;:[]},&quot;image_spacing_custom_tablet&quot;:{&quot;unit&quot;:&quot;px&quot;,&quot;size&quot;:&quot;&quot;,&quot;sizes&quot;:[]},&quot;image_spacing_custom_mobile&quot;:{&quot;unit&quot;:&quot;px&quot;,&quot;size&quot;:&quot;&quot;,&quot;sizes&quot;:[]}}\" data-widget_type=\"image-carousel.default\">\n\t\t\t\t\t\t\t<div class=\"elementor-image-carousel-wrapper swiper\" role=\"region\" aria-roledescription=\"carousel\" aria-label=\"Carosello d&#039;immagini\" dir=\"ltr\">\n\t\t\t<div class=\"elementor-image-carousel swiper-wrapper\" aria-live=\"off\">\n\t\t\t\t\t\t\t\t<div class=\"swiper-slide\" role=\"group\" aria-roledescription=\"slide\" aria-label=\"1 sur 7\"><a data-elementor-open-lightbox=\"yes\" data-elementor-lightbox-slideshow=\"f5cde12\" data-elementor-lightbox-title=\"ascensione-gallery-06\" data-e-action-hash=\"#elementor-action%3Aaction%3Dlightbox%26settings%3DeyJpZCI6MTYzNjMsInVybCI6Imh0dHBzOlwvXC93d3cubW9udGFpb25laW50dXNjYW55Lml0XC93cC1jb250ZW50XC91cGxvYWRzXC8yMDI1XC8xMVwvYXNjZW5zaW9uZS1nYWxsZXJ5LTA2LmpwZyIsInNsaWRlc2hvdyI6ImY1Y2RlMTIifQ%3D%3D\" href=\"https:\/\/www.montaioneintuscany.it\/wp-content\/uploads\/2025\/11\/ascensione-gallery-06.jpg\"><figure class=\"swiper-slide-inner\"><img decoding=\"async\" class=\"swiper-slide-image\" src=\"https:\/\/www.montaioneintuscany.it\/wp-content\/uploads\/2025\/11\/ascensione-gallery-06.jpg\" alt=\"ascensione-gallery-06\" \/><\/figure><\/a><\/div><div class=\"swiper-slide\" role=\"group\" aria-roledescription=\"slide\" aria-label=\"2 sur 7\"><a data-elementor-open-lightbox=\"yes\" data-elementor-lightbox-slideshow=\"f5cde12\" data-elementor-lightbox-title=\"ascensione-gallery-07\" data-e-action-hash=\"#elementor-action%3Aaction%3Dlightbox%26settings%3DeyJpZCI6MTYzNjQsInVybCI6Imh0dHBzOlwvXC93d3cubW9udGFpb25laW50dXNjYW55Lml0XC93cC1jb250ZW50XC91cGxvYWRzXC8yMDI1XC8xMVwvYXNjZW5zaW9uZS1nYWxsZXJ5LTA3LmpwZyIsInNsaWRlc2hvdyI6ImY1Y2RlMTIifQ%3D%3D\" href=\"https:\/\/www.montaioneintuscany.it\/wp-content\/uploads\/2025\/11\/ascensione-gallery-07.jpg\"><figure class=\"swiper-slide-inner\"><img decoding=\"async\" class=\"swiper-slide-image\" src=\"https:\/\/www.montaioneintuscany.it\/wp-content\/uploads\/2025\/11\/ascensione-gallery-07.jpg\" alt=\"ascensione-gallery-07\" \/><\/figure><\/a><\/div><div class=\"swiper-slide\" role=\"group\" aria-roledescription=\"slide\" aria-label=\"3 sur 7\"><a data-elementor-open-lightbox=\"yes\" data-elementor-lightbox-slideshow=\"f5cde12\" data-elementor-lightbox-title=\"ascensione-gallery-04\" data-e-action-hash=\"#elementor-action%3Aaction%3Dlightbox%26settings%3DeyJpZCI6MTYzNjUsInVybCI6Imh0dHBzOlwvXC93d3cubW9udGFpb25laW50dXNjYW55Lml0XC93cC1jb250ZW50XC91cGxvYWRzXC8yMDI1XC8xMVwvYXNjZW5zaW9uZS1nYWxsZXJ5LTA0LmpwZyIsInNsaWRlc2hvdyI6ImY1Y2RlMTIifQ%3D%3D\" href=\"https:\/\/www.montaioneintuscany.it\/wp-content\/uploads\/2025\/11\/ascensione-gallery-04.jpg\"><figure class=\"swiper-slide-inner\"><img decoding=\"async\" class=\"swiper-slide-image\" src=\"https:\/\/www.montaioneintuscany.it\/wp-content\/uploads\/2025\/11\/ascensione-gallery-04.jpg\" alt=\"ascensione-gallery-04\" \/><\/figure><\/a><\/div><div class=\"swiper-slide\" role=\"group\" aria-roledescription=\"slide\" aria-label=\"4 sur 7\"><a data-elementor-open-lightbox=\"yes\" data-elementor-lightbox-slideshow=\"f5cde12\" data-elementor-lightbox-title=\"ascensione-gallery-03\" data-e-action-hash=\"#elementor-action%3Aaction%3Dlightbox%26settings%3DeyJpZCI6MTYzNjYsInVybCI6Imh0dHBzOlwvXC93d3cubW9udGFpb25laW50dXNjYW55Lml0XC93cC1jb250ZW50XC91cGxvYWRzXC8yMDI1XC8xMVwvYXNjZW5zaW9uZS1nYWxsZXJ5LTAzLmpwZyIsInNsaWRlc2hvdyI6ImY1Y2RlMTIifQ%3D%3D\" href=\"https:\/\/www.montaioneintuscany.it\/wp-content\/uploads\/2025\/11\/ascensione-gallery-03.jpg\"><figure class=\"swiper-slide-inner\"><img decoding=\"async\" class=\"swiper-slide-image\" src=\"https:\/\/www.montaioneintuscany.it\/wp-content\/uploads\/2025\/11\/ascensione-gallery-03.jpg\" alt=\"ascensione-gallery-03\" \/><\/figure><\/a><\/div><div class=\"swiper-slide\" role=\"group\" aria-roledescription=\"slide\" aria-label=\"5 sur 7\"><a data-elementor-open-lightbox=\"yes\" data-elementor-lightbox-slideshow=\"f5cde12\" data-elementor-lightbox-title=\"ascensione-gallery-02\" data-e-action-hash=\"#elementor-action%3Aaction%3Dlightbox%26settings%3DeyJpZCI6MTYzNjcsInVybCI6Imh0dHBzOlwvXC93d3cubW9udGFpb25laW50dXNjYW55Lml0XC93cC1jb250ZW50XC91cGxvYWRzXC8yMDI1XC8xMVwvYXNjZW5zaW9uZS1nYWxsZXJ5LTAyLmpwZyIsInNsaWRlc2hvdyI6ImY1Y2RlMTIifQ%3D%3D\" href=\"https:\/\/www.montaioneintuscany.it\/wp-content\/uploads\/2025\/11\/ascensione-gallery-02.jpg\"><figure class=\"swiper-slide-inner\"><img decoding=\"async\" class=\"swiper-slide-image\" src=\"https:\/\/www.montaioneintuscany.it\/wp-content\/uploads\/2025\/11\/ascensione-gallery-02.jpg\" alt=\"ascensione-gallery-02\" \/><\/figure><\/a><\/div><div class=\"swiper-slide\" role=\"group\" aria-roledescription=\"slide\" aria-label=\"6 sur 7\"><a data-elementor-open-lightbox=\"yes\" data-elementor-lightbox-slideshow=\"f5cde12\" data-elementor-lightbox-title=\"ascensione-gallery-01\" data-e-action-hash=\"#elementor-action%3Aaction%3Dlightbox%26settings%3DeyJpZCI6MTYzNjgsInVybCI6Imh0dHBzOlwvXC93d3cubW9udGFpb25laW50dXNjYW55Lml0XC93cC1jb250ZW50XC91cGxvYWRzXC8yMDI1XC8xMVwvYXNjZW5zaW9uZS1nYWxsZXJ5LTAxLmpwZyIsInNsaWRlc2hvdyI6ImY1Y2RlMTIifQ%3D%3D\" href=\"https:\/\/www.montaioneintuscany.it\/wp-content\/uploads\/2025\/11\/ascensione-gallery-01.jpg\"><figure class=\"swiper-slide-inner\"><img decoding=\"async\" class=\"swiper-slide-image\" src=\"https:\/\/www.montaioneintuscany.it\/wp-content\/uploads\/2025\/11\/ascensione-gallery-01.jpg\" alt=\"ascensione-gallery-01\" \/><\/figure><\/a><\/div><div class=\"swiper-slide\" role=\"group\" aria-roledescription=\"slide\" aria-label=\"7 sur 7\"><a data-elementor-open-lightbox=\"yes\" data-elementor-lightbox-slideshow=\"f5cde12\" data-elementor-lightbox-title=\"ascensione-gallery-05\" data-e-action-hash=\"#elementor-action%3Aaction%3Dlightbox%26settings%3DeyJpZCI6MTYzNjksInVybCI6Imh0dHBzOlwvXC93d3cubW9udGFpb25laW50dXNjYW55Lml0XC93cC1jb250ZW50XC91cGxvYWRzXC8yMDI1XC8xMVwvYXNjZW5zaW9uZS1nYWxsZXJ5LTA1LmpwZyIsInNsaWRlc2hvdyI6ImY1Y2RlMTIifQ%3D%3D\" href=\"https:\/\/www.montaioneintuscany.it\/wp-content\/uploads\/2025\/11\/ascensione-gallery-05.jpg\"><figure class=\"swiper-slide-inner\"><img decoding=\"async\" class=\"swiper-slide-image\" src=\"https:\/\/www.montaioneintuscany.it\/wp-content\/uploads\/2025\/11\/ascensione-gallery-05.jpg\" alt=\"ascensione-gallery-05\" \/><\/figure><\/a><\/div>\t\t\t<\/div>\n\t\t\t\t\t\t\t\t\t\t\t\t<div class=\"elementor-swiper-button elementor-swiper-button-prev\" role=\"button\" tabindex=\"0\">\n\t\t\t\t\t\t<svg xmlns=\"http:\/\/www.w3.org\/2000\/svg\" xmlns:xlink=\"http:\/\/www.w3.org\/1999\/xlink\" id=\"Livello_1\" x=\"0px\" y=\"0px\" width=\"75px\" height=\"75px\" viewBox=\"0 0 75 75\" style=\"enable-background:new 0 0 75 75;\" xml:space=\"preserve\"><style type=\"text\/css\">\t.st0{fill:#375140;}\t.st1{fill:none;stroke:#E5E9DD;stroke-width:3;}<\/style><circle class=\"st0\" cx=\"37.5\" cy=\"37.5\" r=\"37.5\"><\/circle><path class=\"st1\" d=\"M34.2,47.4L25,38.2l9.2-9.2 M25,38.2h25\"><\/path><\/svg>\t\t\t\t\t<\/div>\n\t\t\t\t\t<div class=\"elementor-swiper-button elementor-swiper-button-next\" role=\"button\" tabindex=\"0\">\n\t\t\t\t\t\t<svg xmlns=\"http:\/\/www.w3.org\/2000\/svg\" xmlns:xlink=\"http:\/\/www.w3.org\/1999\/xlink\" id=\"Livello_1\" x=\"0px\" y=\"0px\" width=\"75px\" height=\"75px\" viewBox=\"0 0 75 75\" style=\"enable-background:new 0 0 75 75;\" xml:space=\"preserve\"><style type=\"text\/css\">\t.st0{fill:#375140;}\t.st1{fill:none;stroke:#E5E9DD;stroke-width:3;}<\/style><circle class=\"st0\" cx=\"37.5\" cy=\"37.5\" r=\"37.5\"><\/circle><path class=\"st1\" d=\"M40.8,27.6l9.2,9.2L40.8,46 M50,36.8H25\"><\/path><\/svg>\t\t\t\t\t<\/div>\n\t\t\t\t\n\t\t\t\t\t\t\t\t\t<\/div>\n\t\t\t\t\t\t<\/div>\n\t\t\t\t<\/div>\n\t\t\t\t\t<\/div>\n\t\t\t\t<\/div>\n\t\t\t\t<\/div>\n\t\t","protected":false},"excerpt":{"rendered":"<p>La chapelle se dresse sur la colline \u00e0 l&rsquo;ouest de J\u00e9rusalem, identifi\u00e9e comme le Mont des Oliviers, o\u00f9 le Christ passa la nuit pr\u00e9c\u00e9dant sa condamnation et d&rsquo;o\u00f9 eut lieu son Ascension. L&rsquo;\u00e9difice, sur\u00e9lev\u00e9, symbolise l&rsquo;ascension du Christ au ciel et pr\u00e9sente un plan octogonal, \u00e0 l&rsquo;instar de son homologue de J\u00e9rusalem, symbolisant ainsi la [&hellip;]<\/p>\n","protected":false},"author":2,"featured_media":0,"parent":16146,"menu_order":0,"comment_status":"closed","ping_status":"closed","template":"","meta":{"_acf_changed":false,"footnotes":""},"class_list":["post-16372","page","type-page","status-publish","hentry"],"acf":[],"yoast_head":"<!-- This site is optimized with the Yoast SEO plugin v27.3 - https:\/\/yoast.com\/product\/yoast-seo-wordpress\/ -->\n<title>Montaioneintuscany - Ascension<\/title>\n<meta name=\"description\" content=\"D\u00e9couvrez la chapelle de l&#039;Ascension dans le J\u00e9rusalem de San Vivaldo : \u00e9difice symbole de la R\u00e9surrection.\" \/>\n<meta name=\"robots\" content=\"index, follow, max-snippet:-1, max-image-preview:large, max-video-preview:-1\" \/>\n<link rel=\"canonical\" href=\"https:\/\/www.montaioneintuscany.it\/fr\/decouvrir-montaione\/la-jerusalem-de-san-vivaldo\/ascension\/\" \/>\n<meta property=\"og:locale\" content=\"fr_FR\" \/>\n<meta property=\"og:type\" content=\"article\" \/>\n<meta property=\"og:title\" content=\"Montaioneintuscany - Ascension\" \/>\n<meta property=\"og:description\" content=\"D\u00e9couvrez la chapelle de l&#039;Ascension dans le J\u00e9rusalem de San Vivaldo : \u00e9difice symbole de la R\u00e9surrection.\" \/>\n<meta property=\"og:url\" content=\"https:\/\/www.montaioneintuscany.it\/fr\/decouvrir-montaione\/la-jerusalem-de-san-vivaldo\/ascension\/\" \/>\n<meta property=\"og:site_name\" content=\"Montaioneintuscany\" \/>\n<meta property=\"article:modified_time\" content=\"2025-12-16T13:27:17+00:00\" \/>\n<meta property=\"og:image\" content=\"https:\/\/www.montaioneintuscany.it\/wp-content\/uploads\/2025\/11\/ascensione-gallery-06.jpg\" \/>\n<meta name=\"twitter:card\" content=\"summary_large_image\" \/>\n<meta name=\"twitter:label1\" content=\"Dur\u00e9e de lecture estim\u00e9e\" \/>\n\t<meta name=\"twitter:data1\" content=\"3 minutes\" \/>\n<script type=\"application\/ld+json\" class=\"yoast-schema-graph\">{\"@context\":\"https:\\\/\\\/schema.org\",\"@graph\":[{\"@type\":\"WebPage\",\"@id\":\"https:\\\/\\\/www.montaioneintuscany.it\\\/fr\\\/decouvrir-montaione\\\/la-jerusalem-de-san-vivaldo\\\/ascension\\\/\",\"url\":\"https:\\\/\\\/www.montaioneintuscany.it\\\/fr\\\/decouvrir-montaione\\\/la-jerusalem-de-san-vivaldo\\\/ascension\\\/\",\"name\":\"Montaioneintuscany - Ascension\",\"isPartOf\":{\"@id\":\"https:\\\/\\\/www.montaioneintuscany.it\\\/en\\\/#website\"},\"primaryImageOfPage\":{\"@id\":\"https:\\\/\\\/www.montaioneintuscany.it\\\/fr\\\/decouvrir-montaione\\\/la-jerusalem-de-san-vivaldo\\\/ascension\\\/#primaryimage\"},\"image\":{\"@id\":\"https:\\\/\\\/www.montaioneintuscany.it\\\/fr\\\/decouvrir-montaione\\\/la-jerusalem-de-san-vivaldo\\\/ascension\\\/#primaryimage\"},\"thumbnailUrl\":\"https:\\\/\\\/www.montaioneintuscany.it\\\/wp-content\\\/uploads\\\/2025\\\/11\\\/ascensione-gallery-06.jpg\",\"datePublished\":\"2025-11-25T08:15:29+00:00\",\"dateModified\":\"2025-12-16T13:27:17+00:00\",\"description\":\"D\u00e9couvrez la chapelle de l'Ascension dans le J\u00e9rusalem de San Vivaldo : \u00e9difice symbole de la R\u00e9surrection.\",\"breadcrumb\":{\"@id\":\"https:\\\/\\\/www.montaioneintuscany.it\\\/fr\\\/decouvrir-montaione\\\/la-jerusalem-de-san-vivaldo\\\/ascension\\\/#breadcrumb\"},\"inLanguage\":\"fr-FR\",\"potentialAction\":[{\"@type\":\"ReadAction\",\"target\":[\"https:\\\/\\\/www.montaioneintuscany.it\\\/fr\\\/decouvrir-montaione\\\/la-jerusalem-de-san-vivaldo\\\/ascension\\\/\"]}]},{\"@type\":\"ImageObject\",\"inLanguage\":\"fr-FR\",\"@id\":\"https:\\\/\\\/www.montaioneintuscany.it\\\/fr\\\/decouvrir-montaione\\\/la-jerusalem-de-san-vivaldo\\\/ascension\\\/#primaryimage\",\"url\":\"https:\\\/\\\/www.montaioneintuscany.it\\\/wp-content\\\/uploads\\\/2025\\\/11\\\/ascensione-gallery-06.jpg\",\"contentUrl\":\"https:\\\/\\\/www.montaioneintuscany.it\\\/wp-content\\\/uploads\\\/2025\\\/11\\\/ascensione-gallery-06.jpg\"},{\"@type\":\"BreadcrumbList\",\"@id\":\"https:\\\/\\\/www.montaioneintuscany.it\\\/fr\\\/decouvrir-montaione\\\/la-jerusalem-de-san-vivaldo\\\/ascension\\\/#breadcrumb\",\"itemListElement\":[{\"@type\":\"ListItem\",\"position\":1,\"name\":\"Home\",\"item\":\"https:\\\/\\\/www.montaioneintuscany.it\\\/\"},{\"@type\":\"ListItem\",\"position\":2,\"name\":\"D\u00e9couvrir Montaione\",\"item\":\"https:\\\/\\\/www.montaioneintuscany.it\\\/fr\\\/decouvrir-montaione\\\/\"},{\"@type\":\"ListItem\",\"position\":3,\"name\":\"La \u201cJ\u00e9rusalem\u201d de San Vivaldo\",\"item\":\"https:\\\/\\\/www.montaioneintuscany.it\\\/fr\\\/decouvrir-montaione\\\/la-jerusalem-de-san-vivaldo\\\/\"},{\"@type\":\"ListItem\",\"position\":4,\"name\":\"Ascension\"}]},{\"@type\":\"WebSite\",\"@id\":\"https:\\\/\\\/www.montaioneintuscany.it\\\/en\\\/#website\",\"url\":\"https:\\\/\\\/www.montaioneintuscany.it\\\/en\\\/\",\"name\":\"Montaioneintuscany\",\"description\":\"\",\"publisher\":{\"@id\":\"https:\\\/\\\/www.montaioneintuscany.it\\\/en\\\/#organization\"},\"potentialAction\":[{\"@type\":\"SearchAction\",\"target\":{\"@type\":\"EntryPoint\",\"urlTemplate\":\"https:\\\/\\\/www.montaioneintuscany.it\\\/en\\\/?s={search_term_string}\"},\"query-input\":{\"@type\":\"PropertyValueSpecification\",\"valueRequired\":true,\"valueName\":\"search_term_string\"}}],\"inLanguage\":\"fr-FR\"},{\"@type\":\"Organization\",\"@id\":\"https:\\\/\\\/www.montaioneintuscany.it\\\/en\\\/#organization\",\"name\":\"Montaioneintuscany\",\"url\":\"https:\\\/\\\/www.montaioneintuscany.it\\\/en\\\/\",\"logo\":{\"@type\":\"ImageObject\",\"inLanguage\":\"fr-FR\",\"@id\":\"https:\\\/\\\/www.montaioneintuscany.it\\\/en\\\/#\\\/schema\\\/logo\\\/image\\\/\",\"url\":\"https:\\\/\\\/www.montaioneintuscany.it\\\/wp-content\\\/uploads\\\/2025\\\/10\\\/logo.svg\",\"contentUrl\":\"https:\\\/\\\/www.montaioneintuscany.it\\\/wp-content\\\/uploads\\\/2025\\\/10\\\/logo.svg\",\"width\":247,\"height\":25,\"caption\":\"Montaioneintuscany\"},\"image\":{\"@id\":\"https:\\\/\\\/www.montaioneintuscany.it\\\/en\\\/#\\\/schema\\\/logo\\\/image\\\/\"}}]}<\/script>\n<!-- \/ Yoast SEO plugin. -->","yoast_head_json":{"title":"Montaioneintuscany - Ascension","description":"D\u00e9couvrez la chapelle de l'Ascension dans le J\u00e9rusalem de San Vivaldo : \u00e9difice symbole de la R\u00e9surrection.","robots":{"index":"index","follow":"follow","max-snippet":"max-snippet:-1","max-image-preview":"max-image-preview:large","max-video-preview":"max-video-preview:-1"},"canonical":"https:\/\/www.montaioneintuscany.it\/fr\/decouvrir-montaione\/la-jerusalem-de-san-vivaldo\/ascension\/","og_locale":"fr_FR","og_type":"article","og_title":"Montaioneintuscany - Ascension","og_description":"D\u00e9couvrez la chapelle de l'Ascension dans le J\u00e9rusalem de San Vivaldo : \u00e9difice symbole de la R\u00e9surrection.","og_url":"https:\/\/www.montaioneintuscany.it\/fr\/decouvrir-montaione\/la-jerusalem-de-san-vivaldo\/ascension\/","og_site_name":"Montaioneintuscany","article_modified_time":"2025-12-16T13:27:17+00:00","og_image":[{"url":"https:\/\/www.montaioneintuscany.it\/wp-content\/uploads\/2025\/11\/ascensione-gallery-06.jpg","type":"","width":"","height":""}],"twitter_card":"summary_large_image","twitter_misc":{"Dur\u00e9e de lecture estim\u00e9e":"3 minutes"},"schema":{"@context":"https:\/\/schema.org","@graph":[{"@type":"WebPage","@id":"https:\/\/www.montaioneintuscany.it\/fr\/decouvrir-montaione\/la-jerusalem-de-san-vivaldo\/ascension\/","url":"https:\/\/www.montaioneintuscany.it\/fr\/decouvrir-montaione\/la-jerusalem-de-san-vivaldo\/ascension\/","name":"Montaioneintuscany - Ascension","isPartOf":{"@id":"https:\/\/www.montaioneintuscany.it\/en\/#website"},"primaryImageOfPage":{"@id":"https:\/\/www.montaioneintuscany.it\/fr\/decouvrir-montaione\/la-jerusalem-de-san-vivaldo\/ascension\/#primaryimage"},"image":{"@id":"https:\/\/www.montaioneintuscany.it\/fr\/decouvrir-montaione\/la-jerusalem-de-san-vivaldo\/ascension\/#primaryimage"},"thumbnailUrl":"https:\/\/www.montaioneintuscany.it\/wp-content\/uploads\/2025\/11\/ascensione-gallery-06.jpg","datePublished":"2025-11-25T08:15:29+00:00","dateModified":"2025-12-16T13:27:17+00:00","description":"D\u00e9couvrez la chapelle de l'Ascension dans le J\u00e9rusalem de San Vivaldo : \u00e9difice symbole de la R\u00e9surrection.","breadcrumb":{"@id":"https:\/\/www.montaioneintuscany.it\/fr\/decouvrir-montaione\/la-jerusalem-de-san-vivaldo\/ascension\/#breadcrumb"},"inLanguage":"fr-FR","potentialAction":[{"@type":"ReadAction","target":["https:\/\/www.montaioneintuscany.it\/fr\/decouvrir-montaione\/la-jerusalem-de-san-vivaldo\/ascension\/"]}]},{"@type":"ImageObject","inLanguage":"fr-FR","@id":"https:\/\/www.montaioneintuscany.it\/fr\/decouvrir-montaione\/la-jerusalem-de-san-vivaldo\/ascension\/#primaryimage","url":"https:\/\/www.montaioneintuscany.it\/wp-content\/uploads\/2025\/11\/ascensione-gallery-06.jpg","contentUrl":"https:\/\/www.montaioneintuscany.it\/wp-content\/uploads\/2025\/11\/ascensione-gallery-06.jpg"},{"@type":"BreadcrumbList","@id":"https:\/\/www.montaioneintuscany.it\/fr\/decouvrir-montaione\/la-jerusalem-de-san-vivaldo\/ascension\/#breadcrumb","itemListElement":[{"@type":"ListItem","position":1,"name":"Home","item":"https:\/\/www.montaioneintuscany.it\/"},{"@type":"ListItem","position":2,"name":"D\u00e9couvrir Montaione","item":"https:\/\/www.montaioneintuscany.it\/fr\/decouvrir-montaione\/"},{"@type":"ListItem","position":3,"name":"La \u201cJ\u00e9rusalem\u201d de San Vivaldo","item":"https:\/\/www.montaioneintuscany.it\/fr\/decouvrir-montaione\/la-jerusalem-de-san-vivaldo\/"},{"@type":"ListItem","position":4,"name":"Ascension"}]},{"@type":"WebSite","@id":"https:\/\/www.montaioneintuscany.it\/en\/#website","url":"https:\/\/www.montaioneintuscany.it\/en\/","name":"Montaioneintuscany","description":"","publisher":{"@id":"https:\/\/www.montaioneintuscany.it\/en\/#organization"},"potentialAction":[{"@type":"SearchAction","target":{"@type":"EntryPoint","urlTemplate":"https:\/\/www.montaioneintuscany.it\/en\/?s={search_term_string}"},"query-input":{"@type":"PropertyValueSpecification","valueRequired":true,"valueName":"search_term_string"}}],"inLanguage":"fr-FR"},{"@type":"Organization","@id":"https:\/\/www.montaioneintuscany.it\/en\/#organization","name":"Montaioneintuscany","url":"https:\/\/www.montaioneintuscany.it\/en\/","logo":{"@type":"ImageObject","inLanguage":"fr-FR","@id":"https:\/\/www.montaioneintuscany.it\/en\/#\/schema\/logo\/image\/","url":"https:\/\/www.montaioneintuscany.it\/wp-content\/uploads\/2025\/10\/logo.svg","contentUrl":"https:\/\/www.montaioneintuscany.it\/wp-content\/uploads\/2025\/10\/logo.svg","width":247,"height":25,"caption":"Montaioneintuscany"},"image":{"@id":"https:\/\/www.montaioneintuscany.it\/en\/#\/schema\/logo\/image\/"}}]}},"_links":{"self":[{"href":"https:\/\/www.montaioneintuscany.it\/fr\/wp-json\/wp\/v2\/pages\/16372","targetHints":{"allow":["GET"]}}],"collection":[{"href":"https:\/\/www.montaioneintuscany.it\/fr\/wp-json\/wp\/v2\/pages"}],"about":[{"href":"https:\/\/www.montaioneintuscany.it\/fr\/wp-json\/wp\/v2\/types\/page"}],"author":[{"embeddable":true,"href":"https:\/\/www.montaioneintuscany.it\/fr\/wp-json\/wp\/v2\/users\/2"}],"replies":[{"embeddable":true,"href":"https:\/\/www.montaioneintuscany.it\/fr\/wp-json\/wp\/v2\/comments?post=16372"}],"version-history":[{"count":5,"href":"https:\/\/www.montaioneintuscany.it\/fr\/wp-json\/wp\/v2\/pages\/16372\/revisions"}],"predecessor-version":[{"id":18105,"href":"https:\/\/www.montaioneintuscany.it\/fr\/wp-json\/wp\/v2\/pages\/16372\/revisions\/18105"}],"up":[{"embeddable":true,"href":"https:\/\/www.montaioneintuscany.it\/fr\/wp-json\/wp\/v2\/pages\/16146"}],"wp:attachment":[{"href":"https:\/\/www.montaioneintuscany.it\/fr\/wp-json\/wp\/v2\/media?parent=16372"}],"curies":[{"name":"wp","href":"https:\/\/api.w.org\/{rel}","templated":true}]}}