{"id":16284,"date":"2025-11-24T21:21:02","date_gmt":"2025-11-24T20:21:02","guid":{"rendered":"https:\/\/montaione.filaretedev.it\/decouvrir-montaione\/madonna-dello-spasimo\/"},"modified":"2025-12-16T14:07:13","modified_gmt":"2025-12-16T13:07:13","slug":"la-vierge-des-souffrances","status":"publish","type":"page","link":"https:\/\/www.montaioneintuscany.it\/fr\/decouvrir-montaione\/la-jerusalem-de-san-vivaldo\/la-vierge-des-souffrances\/","title":{"rendered":"La Vierge des Souffrances"},"content":{"rendered":"\t\t<div data-elementor-type=\"wp-page\" data-elementor-id=\"16284\" class=\"elementor elementor-16284 elementor-14739\" data-elementor-post-type=\"page\">\n\t\t\t\t<div class=\"elementor-element elementor-element-56fcdc54 e-flex e-con-boxed e-con e-parent\" data-id=\"56fcdc54\" data-element_type=\"container\" data-e-type=\"container\" data-settings=\"{&quot;background_background&quot;:&quot;classic&quot;}\">\n\t\t\t\t\t<div class=\"e-con-inner\">\n\t\t<div class=\"elementor-element elementor-element-33c65d38 e-con-full mt-auto mb-4 e-flex e-con e-child\" data-id=\"33c65d38\" data-element_type=\"container\" data-e-type=\"container\">\n\t\t\t\t<\/div>\n\t\t\t\t\t<\/div>\n\t\t\t\t<\/div>\n\t\t<div class=\"elementor-element elementor-element-1a6104b6 e-flex e-con-boxed e-con e-parent\" data-id=\"1a6104b6\" data-element_type=\"container\" data-e-type=\"container\">\n\t\t\t\t\t<div class=\"e-con-inner\">\n\t\t<div class=\"elementor-element elementor-element-5d536583 e-con-full e-flex e-con e-child\" data-id=\"5d536583\" data-element_type=\"container\" data-e-type=\"container\">\n\t\t\t\t<div class=\"elementor-element elementor-element-56505863 elementor-widget elementor-widget-shortcode\" data-id=\"56505863\" data-element_type=\"widget\" data-e-type=\"widget\" data-widget_type=\"shortcode.default\">\n\t\t\t\t\t\t\t<div class=\"elementor-shortcode\"><ul id=\"breadcrumbs\" class=\"breadcrumb w-100\"><li class=\"item-home\"><a class=\"bread-link bread-home\" href=\"https:\/\/www.montaioneintuscany.it\/fr\/\" title=\"Home\">Home<\/a><\/li><li class=\"separator separator-home\">  |  <\/li><\/ul><\/div>\n\t\t\t\t\t\t<\/div>\n\t\t\t\t<\/div>\n\t\t\t\t\t<\/div>\n\t\t\t\t<\/div>\n\t\t<div class=\"elementor-element elementor-element-52b30405 py-5 e-flex e-con-boxed e-con e-parent\" data-id=\"52b30405\" data-element_type=\"container\" data-e-type=\"container\">\n\t\t\t\t\t<div class=\"e-con-inner\">\n\t\t<div class=\"elementor-element elementor-element-11b83668 e-con-full e-flex e-con e-child\" data-id=\"11b83668\" data-element_type=\"container\" data-e-type=\"container\">\n\t\t\t\t<div class=\"elementor-element elementor-element-7f8032b elementor-widget elementor-widget-text-editor\" data-id=\"7f8032b\" data-element_type=\"widget\" data-e-type=\"widget\" data-widget_type=\"text-editor.default\">\n\t\t\t\t\t\t\t\t\t<p>Le petit oratoire d\u00e9di\u00e9 \u00e0 la <em>Madonna dello Spasimo<\/em> est l\u2019une des chapelles les plus vastes et complexes: il s\u2019agit en effet d\u2019une v\u00e9ritable petite \u00e9glise \u00e0 plan basilicale avec nef unique, abside et un petit local d\u00e9di\u00e9 \u00e0 la sacristie. Comme pour l\u2019\u00e9glise du convent, la fa\u00e7ade est enrichie par un \u00e9l\u00e9gant portique avec des colonnes \u00e9lanc\u00e9es et des chapiteaux toscans. A l\u2019int\u00e9rieur on trouve un groupe de sculptures r\u00e9alis\u00e9es pas Agnolo de Polo, parmi les plus raffin\u00e9s du complexe pour la valeur artistiqus qu\u2019il exprime et la capacit\u00e9 d\u2019implication \u00e9motionnelle.<\/p><p>Au centre, la Vierge p\u00e2le et souffrante perd ses sens, aid\u00e9e par les \u00e9l\u00e9gantes figures de Jean \u00c9vang\u00e9liste et des Pies Femmes, ainsi que par une belle et douce Madeleine. Les plis souples des v\u00eatements, les t\u00eates inclin\u00e9es afin de composer une g\u00e9om\u00e9trie \u00e9tudi\u00e9e, les expressions des visages: tout concourt \u00e0 rechercher la participation du visiteur, invit\u00e9 \u00e0 faire siennes les souffrances de la Vierge comme jamais auparavant. Retenue d\u00e8s l\u2019origine comme l\u2019un des lieux les plus importants du complexe, \u00e0 la petite \u00e9glise de la <em>Madonna dello Spasimo<\/em> accourent les p\u00e8lerins pour demander la gr\u00e2ce \u00e0 la Vierge et laisser <em>ex voto<\/em>.\u00a0<\/p>\t\t\t\t\t\t\t\t<\/div>\n\t\t\t\t<div class=\"elementor-element elementor-element-a27ed65 elementor-arrows-position-outside pb-5 elementor-widget elementor-widget-image-carousel\" data-id=\"a27ed65\" data-element_type=\"widget\" data-e-type=\"widget\" data-settings=\"{&quot;navigation&quot;:&quot;arrows&quot;,&quot;autoplay&quot;:&quot;yes&quot;,&quot;pause_on_hover&quot;:&quot;yes&quot;,&quot;pause_on_interaction&quot;:&quot;yes&quot;,&quot;autoplay_speed&quot;:5000,&quot;infinite&quot;:&quot;yes&quot;,&quot;speed&quot;:500,&quot;image_spacing_custom&quot;:{&quot;unit&quot;:&quot;px&quot;,&quot;size&quot;:20,&quot;sizes&quot;:[]},&quot;image_spacing_custom_tablet&quot;:{&quot;unit&quot;:&quot;px&quot;,&quot;size&quot;:&quot;&quot;,&quot;sizes&quot;:[]},&quot;image_spacing_custom_mobile&quot;:{&quot;unit&quot;:&quot;px&quot;,&quot;size&quot;:&quot;&quot;,&quot;sizes&quot;:[]}}\" data-widget_type=\"image-carousel.default\">\n\t\t\t\t\t\t\t<div class=\"elementor-image-carousel-wrapper swiper\" role=\"region\" aria-roledescription=\"carousel\" aria-label=\"Carosello d&#039;immagini\" dir=\"ltr\">\n\t\t\t<div class=\"elementor-image-carousel swiper-wrapper\" aria-live=\"off\">\n\t\t\t\t\t\t\t\t<div class=\"swiper-slide\" role=\"group\" aria-roledescription=\"slide\" aria-label=\"1 sur 4\"><a data-elementor-open-lightbox=\"yes\" data-elementor-lightbox-slideshow=\"a27ed65\" data-elementor-lightbox-title=\"madonna-spasimo-gallery-01\" data-e-action-hash=\"#elementor-action%3Aaction%3Dlightbox%26settings%3DeyJpZCI6MTYyNzksInVybCI6Imh0dHBzOlwvXC93d3cubW9udGFpb25laW50dXNjYW55Lml0XC93cC1jb250ZW50XC91cGxvYWRzXC8yMDI1XC8xMVwvbWFkb25uYS1zcGFzaW1vLWdhbGxlcnktMDEuanBnIiwic2xpZGVzaG93IjoiYTI3ZWQ2NSJ9\" href=\"https:\/\/www.montaioneintuscany.it\/wp-content\/uploads\/2025\/11\/madonna-spasimo-gallery-01.jpg\"><figure class=\"swiper-slide-inner\"><img decoding=\"async\" class=\"swiper-slide-image\" src=\"https:\/\/www.montaioneintuscany.it\/wp-content\/uploads\/2025\/11\/madonna-spasimo-gallery-01.jpg\" alt=\"madonna-spasimo-gallery-01\" \/><\/figure><\/a><\/div><div class=\"swiper-slide\" role=\"group\" aria-roledescription=\"slide\" aria-label=\"2 sur 4\"><a data-elementor-open-lightbox=\"yes\" data-elementor-lightbox-slideshow=\"a27ed65\" data-elementor-lightbox-title=\"madonna-spasimo-gallery-04\" data-e-action-hash=\"#elementor-action%3Aaction%3Dlightbox%26settings%3DeyJpZCI6MTYyODAsInVybCI6Imh0dHBzOlwvXC93d3cubW9udGFpb25laW50dXNjYW55Lml0XC93cC1jb250ZW50XC91cGxvYWRzXC8yMDI1XC8xMVwvbWFkb25uYS1zcGFzaW1vLWdhbGxlcnktMDQuanBnIiwic2xpZGVzaG93IjoiYTI3ZWQ2NSJ9\" href=\"https:\/\/www.montaioneintuscany.it\/wp-content\/uploads\/2025\/11\/madonna-spasimo-gallery-04.jpg\"><figure class=\"swiper-slide-inner\"><img decoding=\"async\" class=\"swiper-slide-image\" src=\"https:\/\/www.montaioneintuscany.it\/wp-content\/uploads\/2025\/11\/madonna-spasimo-gallery-04.jpg\" alt=\"madonna-spasimo-gallery-04\" \/><\/figure><\/a><\/div><div class=\"swiper-slide\" role=\"group\" aria-roledescription=\"slide\" aria-label=\"3 sur 4\"><a data-elementor-open-lightbox=\"yes\" data-elementor-lightbox-slideshow=\"a27ed65\" data-elementor-lightbox-title=\"madonna-spasimo-gallery-02\" data-e-action-hash=\"#elementor-action%3Aaction%3Dlightbox%26settings%3DeyJpZCI6MTYyODEsInVybCI6Imh0dHBzOlwvXC93d3cubW9udGFpb25laW50dXNjYW55Lml0XC93cC1jb250ZW50XC91cGxvYWRzXC8yMDI1XC8xMVwvbWFkb25uYS1zcGFzaW1vLWdhbGxlcnktMDIuanBnIiwic2xpZGVzaG93IjoiYTI3ZWQ2NSJ9\" href=\"https:\/\/www.montaioneintuscany.it\/wp-content\/uploads\/2025\/11\/madonna-spasimo-gallery-02.jpg\"><figure class=\"swiper-slide-inner\"><img decoding=\"async\" class=\"swiper-slide-image\" src=\"https:\/\/www.montaioneintuscany.it\/wp-content\/uploads\/2025\/11\/madonna-spasimo-gallery-02.jpg\" alt=\"madonna-spasimo-gallery-02\" \/><\/figure><\/a><\/div><div class=\"swiper-slide\" role=\"group\" aria-roledescription=\"slide\" aria-label=\"4 sur 4\"><a data-elementor-open-lightbox=\"yes\" data-elementor-lightbox-slideshow=\"a27ed65\" data-elementor-lightbox-title=\"madonna-spasimo-gallery-03\" data-e-action-hash=\"#elementor-action%3Aaction%3Dlightbox%26settings%3DeyJpZCI6MTYyODIsInVybCI6Imh0dHBzOlwvXC93d3cubW9udGFpb25laW50dXNjYW55Lml0XC93cC1jb250ZW50XC91cGxvYWRzXC8yMDI1XC8xMVwvbWFkb25uYS1zcGFzaW1vLWdhbGxlcnktMDMuanBnIiwic2xpZGVzaG93IjoiYTI3ZWQ2NSJ9\" href=\"https:\/\/www.montaioneintuscany.it\/wp-content\/uploads\/2025\/11\/madonna-spasimo-gallery-03.jpg\"><figure class=\"swiper-slide-inner\"><img decoding=\"async\" class=\"swiper-slide-image\" src=\"https:\/\/www.montaioneintuscany.it\/wp-content\/uploads\/2025\/11\/madonna-spasimo-gallery-03.jpg\" alt=\"madonna-spasimo-gallery-03\" \/><\/figure><\/a><\/div>\t\t\t<\/div>\n\t\t\t\t\t\t\t\t\t\t\t\t<div class=\"elementor-swiper-button elementor-swiper-button-prev\" role=\"button\" tabindex=\"0\">\n\t\t\t\t\t\t<svg xmlns=\"http:\/\/www.w3.org\/2000\/svg\" xmlns:xlink=\"http:\/\/www.w3.org\/1999\/xlink\" id=\"Livello_1\" x=\"0px\" y=\"0px\" width=\"75px\" height=\"75px\" viewBox=\"0 0 75 75\" style=\"enable-background:new 0 0 75 75;\" xml:space=\"preserve\"><style type=\"text\/css\">\t.st0{fill:#375140;}\t.st1{fill:none;stroke:#E5E9DD;stroke-width:3;}<\/style><circle class=\"st0\" cx=\"37.5\" cy=\"37.5\" r=\"37.5\"><\/circle><path class=\"st1\" d=\"M34.2,47.4L25,38.2l9.2-9.2 M25,38.2h25\"><\/path><\/svg>\t\t\t\t\t<\/div>\n\t\t\t\t\t<div class=\"elementor-swiper-button elementor-swiper-button-next\" role=\"button\" tabindex=\"0\">\n\t\t\t\t\t\t<svg xmlns=\"http:\/\/www.w3.org\/2000\/svg\" xmlns:xlink=\"http:\/\/www.w3.org\/1999\/xlink\" id=\"Livello_1\" x=\"0px\" y=\"0px\" width=\"75px\" height=\"75px\" viewBox=\"0 0 75 75\" style=\"enable-background:new 0 0 75 75;\" xml:space=\"preserve\"><style type=\"text\/css\">\t.st0{fill:#375140;}\t.st1{fill:none;stroke:#E5E9DD;stroke-width:3;}<\/style><circle class=\"st0\" cx=\"37.5\" cy=\"37.5\" r=\"37.5\"><\/circle><path class=\"st1\" d=\"M40.8,27.6l9.2,9.2L40.8,46 M50,36.8H25\"><\/path><\/svg>\t\t\t\t\t<\/div>\n\t\t\t\t\n\t\t\t\t\t\t\t\t\t<\/div>\n\t\t\t\t\t\t<\/div>\n\t\t\t\t<\/div>\n\t\t\t\t\t<\/div>\n\t\t\t\t<\/div>\n\t\t\t\t<\/div>\n\t\t","protected":false},"excerpt":{"rendered":"<p>Le petit oratoire d\u00e9di\u00e9 \u00e0 la Madonna dello Spasimo est l\u2019une des chapelles les plus vastes et complexes: il s\u2019agit en effet d\u2019une v\u00e9ritable petite \u00e9glise \u00e0 plan basilicale avec nef unique, abside et un petit local d\u00e9di\u00e9 \u00e0 la sacristie. Comme pour l\u2019\u00e9glise du convent, la fa\u00e7ade est enrichie par un \u00e9l\u00e9gant portique avec [&hellip;]<\/p>\n","protected":false},"author":2,"featured_media":0,"parent":16146,"menu_order":0,"comment_status":"closed","ping_status":"closed","template":"","meta":{"_acf_changed":false,"footnotes":""},"class_list":["post-16284","page","type-page","status-publish","hentry"],"acf":[],"yoast_head":"<!-- This site is optimized with the Yoast SEO plugin v27.3 - https:\/\/yoast.com\/product\/yoast-seo-wordpress\/ -->\n<title>Montaioneintuscany - La Vierge des Souffrances<\/title>\n<meta name=\"description\" content=\"\u00c0 San Vivaldo, visitez la Vierge des Souffrances : un oratoire suggestif entre art, spiritualit\u00e9 et nature toscane.\" \/>\n<meta name=\"robots\" content=\"index, follow, max-snippet:-1, max-image-preview:large, max-video-preview:-1\" \/>\n<link rel=\"canonical\" href=\"https:\/\/www.montaioneintuscany.it\/fr\/decouvrir-montaione\/la-jerusalem-de-san-vivaldo\/la-vierge-des-souffrances\/\" \/>\n<meta property=\"og:locale\" content=\"fr_FR\" \/>\n<meta property=\"og:type\" content=\"article\" \/>\n<meta property=\"og:title\" content=\"Montaioneintuscany - La Vierge des Souffrances\" \/>\n<meta property=\"og:description\" content=\"\u00c0 San Vivaldo, visitez la Vierge des Souffrances : un oratoire suggestif entre art, spiritualit\u00e9 et nature toscane.\" \/>\n<meta property=\"og:url\" content=\"https:\/\/www.montaioneintuscany.it\/fr\/decouvrir-montaione\/la-jerusalem-de-san-vivaldo\/la-vierge-des-souffrances\/\" \/>\n<meta property=\"og:site_name\" content=\"Montaioneintuscany\" \/>\n<meta property=\"article:modified_time\" content=\"2025-12-16T13:07:13+00:00\" \/>\n<meta property=\"og:image\" content=\"https:\/\/www.montaioneintuscany.it\/wp-content\/uploads\/2025\/11\/madonna-spasimo-gallery-01.jpg\" \/>\n<meta name=\"twitter:card\" content=\"summary_large_image\" \/>\n<meta name=\"twitter:label1\" content=\"Dur\u00e9e de lecture estim\u00e9e\" \/>\n\t<meta name=\"twitter:data1\" content=\"2 minutes\" \/>\n<script type=\"application\/ld+json\" class=\"yoast-schema-graph\">{\"@context\":\"https:\\\/\\\/schema.org\",\"@graph\":[{\"@type\":\"WebPage\",\"@id\":\"https:\\\/\\\/www.montaioneintuscany.it\\\/fr\\\/decouvrir-montaione\\\/la-jerusalem-de-san-vivaldo\\\/la-vierge-des-souffrances\\\/\",\"url\":\"https:\\\/\\\/www.montaioneintuscany.it\\\/fr\\\/decouvrir-montaione\\\/la-jerusalem-de-san-vivaldo\\\/la-vierge-des-souffrances\\\/\",\"name\":\"Montaioneintuscany - La Vierge des Souffrances\",\"isPartOf\":{\"@id\":\"https:\\\/\\\/www.montaioneintuscany.it\\\/en\\\/#website\"},\"primaryImageOfPage\":{\"@id\":\"https:\\\/\\\/www.montaioneintuscany.it\\\/fr\\\/decouvrir-montaione\\\/la-jerusalem-de-san-vivaldo\\\/la-vierge-des-souffrances\\\/#primaryimage\"},\"image\":{\"@id\":\"https:\\\/\\\/www.montaioneintuscany.it\\\/fr\\\/decouvrir-montaione\\\/la-jerusalem-de-san-vivaldo\\\/la-vierge-des-souffrances\\\/#primaryimage\"},\"thumbnailUrl\":\"https:\\\/\\\/www.montaioneintuscany.it\\\/wp-content\\\/uploads\\\/2025\\\/11\\\/madonna-spasimo-gallery-01.jpg\",\"datePublished\":\"2025-11-24T20:21:02+00:00\",\"dateModified\":\"2025-12-16T13:07:13+00:00\",\"description\":\"\u00c0 San Vivaldo, visitez la Vierge des Souffrances : un oratoire suggestif entre art, spiritualit\u00e9 et nature toscane.\",\"breadcrumb\":{\"@id\":\"https:\\\/\\\/www.montaioneintuscany.it\\\/fr\\\/decouvrir-montaione\\\/la-jerusalem-de-san-vivaldo\\\/la-vierge-des-souffrances\\\/#breadcrumb\"},\"inLanguage\":\"fr-FR\",\"potentialAction\":[{\"@type\":\"ReadAction\",\"target\":[\"https:\\\/\\\/www.montaioneintuscany.it\\\/fr\\\/decouvrir-montaione\\\/la-jerusalem-de-san-vivaldo\\\/la-vierge-des-souffrances\\\/\"]}]},{\"@type\":\"ImageObject\",\"inLanguage\":\"fr-FR\",\"@id\":\"https:\\\/\\\/www.montaioneintuscany.it\\\/fr\\\/decouvrir-montaione\\\/la-jerusalem-de-san-vivaldo\\\/la-vierge-des-souffrances\\\/#primaryimage\",\"url\":\"https:\\\/\\\/www.montaioneintuscany.it\\\/wp-content\\\/uploads\\\/2025\\\/11\\\/madonna-spasimo-gallery-01.jpg\",\"contentUrl\":\"https:\\\/\\\/www.montaioneintuscany.it\\\/wp-content\\\/uploads\\\/2025\\\/11\\\/madonna-spasimo-gallery-01.jpg\"},{\"@type\":\"BreadcrumbList\",\"@id\":\"https:\\\/\\\/www.montaioneintuscany.it\\\/fr\\\/decouvrir-montaione\\\/la-jerusalem-de-san-vivaldo\\\/la-vierge-des-souffrances\\\/#breadcrumb\",\"itemListElement\":[{\"@type\":\"ListItem\",\"position\":1,\"name\":\"Home\",\"item\":\"https:\\\/\\\/www.montaioneintuscany.it\\\/\"},{\"@type\":\"ListItem\",\"position\":2,\"name\":\"D\u00e9couvrir Montaione\",\"item\":\"https:\\\/\\\/www.montaioneintuscany.it\\\/fr\\\/decouvrir-montaione\\\/\"},{\"@type\":\"ListItem\",\"position\":3,\"name\":\"La \u201cJ\u00e9rusalem\u201d de San Vivaldo\",\"item\":\"https:\\\/\\\/www.montaioneintuscany.it\\\/fr\\\/decouvrir-montaione\\\/la-jerusalem-de-san-vivaldo\\\/\"},{\"@type\":\"ListItem\",\"position\":4,\"name\":\"La Vierge des Souffrances\"}]},{\"@type\":\"WebSite\",\"@id\":\"https:\\\/\\\/www.montaioneintuscany.it\\\/en\\\/#website\",\"url\":\"https:\\\/\\\/www.montaioneintuscany.it\\\/en\\\/\",\"name\":\"Montaioneintuscany\",\"description\":\"\",\"publisher\":{\"@id\":\"https:\\\/\\\/www.montaioneintuscany.it\\\/en\\\/#organization\"},\"potentialAction\":[{\"@type\":\"SearchAction\",\"target\":{\"@type\":\"EntryPoint\",\"urlTemplate\":\"https:\\\/\\\/www.montaioneintuscany.it\\\/en\\\/?s={search_term_string}\"},\"query-input\":{\"@type\":\"PropertyValueSpecification\",\"valueRequired\":true,\"valueName\":\"search_term_string\"}}],\"inLanguage\":\"fr-FR\"},{\"@type\":\"Organization\",\"@id\":\"https:\\\/\\\/www.montaioneintuscany.it\\\/en\\\/#organization\",\"name\":\"Montaioneintuscany\",\"url\":\"https:\\\/\\\/www.montaioneintuscany.it\\\/en\\\/\",\"logo\":{\"@type\":\"ImageObject\",\"inLanguage\":\"fr-FR\",\"@id\":\"https:\\\/\\\/www.montaioneintuscany.it\\\/en\\\/#\\\/schema\\\/logo\\\/image\\\/\",\"url\":\"https:\\\/\\\/www.montaioneintuscany.it\\\/wp-content\\\/uploads\\\/2025\\\/10\\\/logo.svg\",\"contentUrl\":\"https:\\\/\\\/www.montaioneintuscany.it\\\/wp-content\\\/uploads\\\/2025\\\/10\\\/logo.svg\",\"width\":247,\"height\":25,\"caption\":\"Montaioneintuscany\"},\"image\":{\"@id\":\"https:\\\/\\\/www.montaioneintuscany.it\\\/en\\\/#\\\/schema\\\/logo\\\/image\\\/\"}}]}<\/script>\n<!-- \/ Yoast SEO plugin. -->","yoast_head_json":{"title":"Montaioneintuscany - La Vierge des Souffrances","description":"\u00c0 San Vivaldo, visitez la Vierge des Souffrances : un oratoire suggestif entre art, spiritualit\u00e9 et nature toscane.","robots":{"index":"index","follow":"follow","max-snippet":"max-snippet:-1","max-image-preview":"max-image-preview:large","max-video-preview":"max-video-preview:-1"},"canonical":"https:\/\/www.montaioneintuscany.it\/fr\/decouvrir-montaione\/la-jerusalem-de-san-vivaldo\/la-vierge-des-souffrances\/","og_locale":"fr_FR","og_type":"article","og_title":"Montaioneintuscany - La Vierge des Souffrances","og_description":"\u00c0 San Vivaldo, visitez la Vierge des Souffrances : un oratoire suggestif entre art, spiritualit\u00e9 et nature toscane.","og_url":"https:\/\/www.montaioneintuscany.it\/fr\/decouvrir-montaione\/la-jerusalem-de-san-vivaldo\/la-vierge-des-souffrances\/","og_site_name":"Montaioneintuscany","article_modified_time":"2025-12-16T13:07:13+00:00","og_image":[{"url":"https:\/\/www.montaioneintuscany.it\/wp-content\/uploads\/2025\/11\/madonna-spasimo-gallery-01.jpg","type":"","width":"","height":""}],"twitter_card":"summary_large_image","twitter_misc":{"Dur\u00e9e de lecture estim\u00e9e":"2 minutes"},"schema":{"@context":"https:\/\/schema.org","@graph":[{"@type":"WebPage","@id":"https:\/\/www.montaioneintuscany.it\/fr\/decouvrir-montaione\/la-jerusalem-de-san-vivaldo\/la-vierge-des-souffrances\/","url":"https:\/\/www.montaioneintuscany.it\/fr\/decouvrir-montaione\/la-jerusalem-de-san-vivaldo\/la-vierge-des-souffrances\/","name":"Montaioneintuscany - La Vierge des Souffrances","isPartOf":{"@id":"https:\/\/www.montaioneintuscany.it\/en\/#website"},"primaryImageOfPage":{"@id":"https:\/\/www.montaioneintuscany.it\/fr\/decouvrir-montaione\/la-jerusalem-de-san-vivaldo\/la-vierge-des-souffrances\/#primaryimage"},"image":{"@id":"https:\/\/www.montaioneintuscany.it\/fr\/decouvrir-montaione\/la-jerusalem-de-san-vivaldo\/la-vierge-des-souffrances\/#primaryimage"},"thumbnailUrl":"https:\/\/www.montaioneintuscany.it\/wp-content\/uploads\/2025\/11\/madonna-spasimo-gallery-01.jpg","datePublished":"2025-11-24T20:21:02+00:00","dateModified":"2025-12-16T13:07:13+00:00","description":"\u00c0 San Vivaldo, visitez la Vierge des Souffrances : un oratoire suggestif entre art, spiritualit\u00e9 et nature toscane.","breadcrumb":{"@id":"https:\/\/www.montaioneintuscany.it\/fr\/decouvrir-montaione\/la-jerusalem-de-san-vivaldo\/la-vierge-des-souffrances\/#breadcrumb"},"inLanguage":"fr-FR","potentialAction":[{"@type":"ReadAction","target":["https:\/\/www.montaioneintuscany.it\/fr\/decouvrir-montaione\/la-jerusalem-de-san-vivaldo\/la-vierge-des-souffrances\/"]}]},{"@type":"ImageObject","inLanguage":"fr-FR","@id":"https:\/\/www.montaioneintuscany.it\/fr\/decouvrir-montaione\/la-jerusalem-de-san-vivaldo\/la-vierge-des-souffrances\/#primaryimage","url":"https:\/\/www.montaioneintuscany.it\/wp-content\/uploads\/2025\/11\/madonna-spasimo-gallery-01.jpg","contentUrl":"https:\/\/www.montaioneintuscany.it\/wp-content\/uploads\/2025\/11\/madonna-spasimo-gallery-01.jpg"},{"@type":"BreadcrumbList","@id":"https:\/\/www.montaioneintuscany.it\/fr\/decouvrir-montaione\/la-jerusalem-de-san-vivaldo\/la-vierge-des-souffrances\/#breadcrumb","itemListElement":[{"@type":"ListItem","position":1,"name":"Home","item":"https:\/\/www.montaioneintuscany.it\/"},{"@type":"ListItem","position":2,"name":"D\u00e9couvrir Montaione","item":"https:\/\/www.montaioneintuscany.it\/fr\/decouvrir-montaione\/"},{"@type":"ListItem","position":3,"name":"La \u201cJ\u00e9rusalem\u201d de San Vivaldo","item":"https:\/\/www.montaioneintuscany.it\/fr\/decouvrir-montaione\/la-jerusalem-de-san-vivaldo\/"},{"@type":"ListItem","position":4,"name":"La Vierge des Souffrances"}]},{"@type":"WebSite","@id":"https:\/\/www.montaioneintuscany.it\/en\/#website","url":"https:\/\/www.montaioneintuscany.it\/en\/","name":"Montaioneintuscany","description":"","publisher":{"@id":"https:\/\/www.montaioneintuscany.it\/en\/#organization"},"potentialAction":[{"@type":"SearchAction","target":{"@type":"EntryPoint","urlTemplate":"https:\/\/www.montaioneintuscany.it\/en\/?s={search_term_string}"},"query-input":{"@type":"PropertyValueSpecification","valueRequired":true,"valueName":"search_term_string"}}],"inLanguage":"fr-FR"},{"@type":"Organization","@id":"https:\/\/www.montaioneintuscany.it\/en\/#organization","name":"Montaioneintuscany","url":"https:\/\/www.montaioneintuscany.it\/en\/","logo":{"@type":"ImageObject","inLanguage":"fr-FR","@id":"https:\/\/www.montaioneintuscany.it\/en\/#\/schema\/logo\/image\/","url":"https:\/\/www.montaioneintuscany.it\/wp-content\/uploads\/2025\/10\/logo.svg","contentUrl":"https:\/\/www.montaioneintuscany.it\/wp-content\/uploads\/2025\/10\/logo.svg","width":247,"height":25,"caption":"Montaioneintuscany"},"image":{"@id":"https:\/\/www.montaioneintuscany.it\/en\/#\/schema\/logo\/image\/"}}]}},"_links":{"self":[{"href":"https:\/\/www.montaioneintuscany.it\/fr\/wp-json\/wp\/v2\/pages\/16284","targetHints":{"allow":["GET"]}}],"collection":[{"href":"https:\/\/www.montaioneintuscany.it\/fr\/wp-json\/wp\/v2\/pages"}],"about":[{"href":"https:\/\/www.montaioneintuscany.it\/fr\/wp-json\/wp\/v2\/types\/page"}],"author":[{"embeddable":true,"href":"https:\/\/www.montaioneintuscany.it\/fr\/wp-json\/wp\/v2\/users\/2"}],"replies":[{"embeddable":true,"href":"https:\/\/www.montaioneintuscany.it\/fr\/wp-json\/wp\/v2\/comments?post=16284"}],"version-history":[{"count":20,"href":"https:\/\/www.montaioneintuscany.it\/fr\/wp-json\/wp\/v2\/pages\/16284\/revisions"}],"predecessor-version":[{"id":18083,"href":"https:\/\/www.montaioneintuscany.it\/fr\/wp-json\/wp\/v2\/pages\/16284\/revisions\/18083"}],"up":[{"embeddable":true,"href":"https:\/\/www.montaioneintuscany.it\/fr\/wp-json\/wp\/v2\/pages\/16146"}],"wp:attachment":[{"href":"https:\/\/www.montaioneintuscany.it\/fr\/wp-json\/wp\/v2\/media?parent=16284"}],"curies":[{"name":"wp","href":"https:\/\/api.w.org\/{rel}","templated":true}]}}