{"id":16251,"date":"2025-11-24T21:10:04","date_gmt":"2025-11-24T20:10:04","guid":{"rendered":"https:\/\/montaione.filaretedev.it\/decouvrir-montaione\/casa-di-ponzio-pilato-e-edicola-dellecce-homo\/"},"modified":"2025-12-16T14:02:13","modified_gmt":"2025-12-16T13:02:13","slug":"maison-de-ponce-pilate-et-sanctuaire-de-lecce-homo","status":"publish","type":"page","link":"https:\/\/www.montaioneintuscany.it\/fr\/decouvrir-montaione\/la-jerusalem-de-san-vivaldo\/maison-de-ponce-pilate-et-sanctuaire-de-lecce-homo\/","title":{"rendered":"Maison de Ponce Pilate et Sanctuaire de l\u2019Ecce Homo"},"content":{"rendered":"\t\t<div data-elementor-type=\"wp-page\" data-elementor-id=\"16251\" class=\"elementor elementor-16251 elementor-14710\" data-elementor-post-type=\"page\">\n\t\t\t\t<div class=\"elementor-element elementor-element-7940d521 e-flex e-con-boxed e-con e-parent\" data-id=\"7940d521\" data-element_type=\"container\" data-e-type=\"container\" data-settings=\"{&quot;background_background&quot;:&quot;classic&quot;}\">\n\t\t\t\t\t<div class=\"e-con-inner\">\n\t\t<div class=\"elementor-element elementor-element-184d5a8e e-con-full mt-auto mb-4 e-flex e-con e-child\" data-id=\"184d5a8e\" data-element_type=\"container\" data-e-type=\"container\">\n\t\t\t\t<\/div>\n\t\t\t\t\t<\/div>\n\t\t\t\t<\/div>\n\t\t<div class=\"elementor-element elementor-element-f62acf9 e-flex e-con-boxed e-con e-parent\" data-id=\"f62acf9\" data-element_type=\"container\" data-e-type=\"container\">\n\t\t\t\t\t<div class=\"e-con-inner\">\n\t\t<div class=\"elementor-element elementor-element-527f2f4a e-con-full e-flex e-con e-child\" data-id=\"527f2f4a\" data-element_type=\"container\" data-e-type=\"container\">\n\t\t\t\t<div class=\"elementor-element elementor-element-1c229f8b elementor-widget elementor-widget-shortcode\" data-id=\"1c229f8b\" data-element_type=\"widget\" data-e-type=\"widget\" data-widget_type=\"shortcode.default\">\n\t\t\t\t\t\t\t<div class=\"elementor-shortcode\"><ul id=\"breadcrumbs\" class=\"breadcrumb w-100\"><li class=\"item-home\"><a class=\"bread-link bread-home\" href=\"https:\/\/www.montaioneintuscany.it\/fr\/\" title=\"Home\">Home<\/a><\/li><li class=\"separator separator-home\">  |  <\/li><\/ul><\/div>\n\t\t\t\t\t\t<\/div>\n\t\t\t\t<\/div>\n\t\t\t\t\t<\/div>\n\t\t\t\t<\/div>\n\t\t<div class=\"elementor-element elementor-element-3ee5181d py-5 e-flex e-con-boxed e-con e-parent\" data-id=\"3ee5181d\" data-element_type=\"container\" data-e-type=\"container\">\n\t\t\t\t\t<div class=\"e-con-inner\">\n\t\t<div class=\"elementor-element elementor-element-2a97f916 e-con-full e-flex e-con e-child\" data-id=\"2a97f916\" data-element_type=\"container\" data-e-type=\"container\">\n\t\t\t\t<div class=\"elementor-element elementor-element-7e51d22d elementor-widget elementor-widget-text-editor\" data-id=\"7e51d22d\" data-element_type=\"widget\" data-e-type=\"widget\" data-widget_type=\"text-editor.default\">\n\t\t\t\t\t\t\t\t\t<p>Avec la Maison de Pilate commence la s\u00e9rie de chapelles qui marquent le chemin de la <em>Via Dolorosa (la Voie de la Souffrance)<\/em>.<\/p><p>L\u2019\u00e9difice r\u00e9sume trois \u00e9pisodes de la Passion selon les hypoth\u00e8ses sur les lieux o\u00f9 \u00e9taient v\u00e9n\u00e9r\u00e9es ses reliques dans la J\u00e9rusalem du \u2018500. Dans deux coin int\u00e9rieurs, les sc\u00e8nes sculpturales de la <em>Flagellation et du Couronnement d\u2019\u00e9pines<\/em> montrent un Christ souffrant et r\u00e9sign\u00e9 entour\u00e9 par de personnages imm\u00e9diatement identifiables comme n\u00e9gatifs pour leur diff\u00e9rente coloration du teint et pour les physionomies contract\u00e9es et grotesques.<\/p><p>L\u2019<em>Ecce Homo<\/em> se trouve dans le sanctuaire ext\u00e9rieur, o\u00f9 une fresque partiellement visible int\u00e8gre avec une soign\u00e9e gradation des plans le relief en terre cuite attribu\u00e9 \u00e0 Marc de la Robbia, fils de Jean. Pilate fait escorter le Christ sur le balcon et demande \u00e0 la foule de choisir entre le lib\u00e9rer lui ou Barabba.<\/p><p>La pi\u00e8ce ferm\u00e9e par une grille sous le sanctuaire abritait autrefois la statue de Barabba emprisonn\u00e9, qui semble avoir \u00e9t\u00e9 endommag\u00e9e par des lapidations sur base superstitieuse au cours du XIXe si\u00e8cle.<\/p>\t\t\t\t\t\t\t\t<\/div>\n\t\t\t\t<div class=\"elementor-element elementor-element-a61ad45 elementor-arrows-position-outside pb-5 elementor-widget elementor-widget-image-carousel\" data-id=\"a61ad45\" data-element_type=\"widget\" data-e-type=\"widget\" data-settings=\"{&quot;navigation&quot;:&quot;arrows&quot;,&quot;autoplay&quot;:&quot;yes&quot;,&quot;pause_on_hover&quot;:&quot;yes&quot;,&quot;pause_on_interaction&quot;:&quot;yes&quot;,&quot;autoplay_speed&quot;:5000,&quot;infinite&quot;:&quot;yes&quot;,&quot;speed&quot;:500,&quot;image_spacing_custom&quot;:{&quot;unit&quot;:&quot;px&quot;,&quot;size&quot;:20,&quot;sizes&quot;:[]},&quot;image_spacing_custom_tablet&quot;:{&quot;unit&quot;:&quot;px&quot;,&quot;size&quot;:&quot;&quot;,&quot;sizes&quot;:[]},&quot;image_spacing_custom_mobile&quot;:{&quot;unit&quot;:&quot;px&quot;,&quot;size&quot;:&quot;&quot;,&quot;sizes&quot;:[]}}\" data-widget_type=\"image-carousel.default\">\n\t\t\t\t\t\t\t<div class=\"elementor-image-carousel-wrapper swiper\" role=\"region\" aria-roledescription=\"carousel\" aria-label=\"Carosello d&#039;immagini\" dir=\"ltr\">\n\t\t\t<div class=\"elementor-image-carousel swiper-wrapper\" aria-live=\"off\">\n\t\t\t\t\t\t\t\t<div class=\"swiper-slide\" role=\"group\" aria-roledescription=\"slide\" aria-label=\"1 sur 5\"><a data-elementor-open-lightbox=\"yes\" data-elementor-lightbox-slideshow=\"a61ad45\" data-elementor-lightbox-title=\"casa-pilato-gallery-01\" data-e-action-hash=\"#elementor-action%3Aaction%3Dlightbox%26settings%3DeyJpZCI6MTYyNDUsInVybCI6Imh0dHBzOlwvXC93d3cubW9udGFpb25laW50dXNjYW55Lml0XC93cC1jb250ZW50XC91cGxvYWRzXC8yMDI1XC8xMVwvY2FzYS1waWxhdG8tZ2FsbGVyeS0wMS5qcGciLCJzbGlkZXNob3ciOiJhNjFhZDQ1In0%3D\" href=\"https:\/\/www.montaioneintuscany.it\/wp-content\/uploads\/2025\/11\/casa-pilato-gallery-01.jpg\"><figure class=\"swiper-slide-inner\"><img decoding=\"async\" class=\"swiper-slide-image\" src=\"https:\/\/www.montaioneintuscany.it\/wp-content\/uploads\/2025\/11\/casa-pilato-gallery-01.jpg\" alt=\"casa-pilato-gallery-01\" \/><\/figure><\/a><\/div><div class=\"swiper-slide\" role=\"group\" aria-roledescription=\"slide\" aria-label=\"2 sur 5\"><a data-elementor-open-lightbox=\"yes\" data-elementor-lightbox-slideshow=\"a61ad45\" data-elementor-lightbox-title=\"casa-pilato-gallery-02\" data-e-action-hash=\"#elementor-action%3Aaction%3Dlightbox%26settings%3DeyJpZCI6MTYyNDYsInVybCI6Imh0dHBzOlwvXC93d3cubW9udGFpb25laW50dXNjYW55Lml0XC93cC1jb250ZW50XC91cGxvYWRzXC8yMDI1XC8xMVwvY2FzYS1waWxhdG8tZ2FsbGVyeS0wMi5qcGciLCJzbGlkZXNob3ciOiJhNjFhZDQ1In0%3D\" href=\"https:\/\/www.montaioneintuscany.it\/wp-content\/uploads\/2025\/11\/casa-pilato-gallery-02.jpg\"><figure class=\"swiper-slide-inner\"><img decoding=\"async\" class=\"swiper-slide-image\" src=\"https:\/\/www.montaioneintuscany.it\/wp-content\/uploads\/2025\/11\/casa-pilato-gallery-02.jpg\" alt=\"casa-pilato-gallery-02\" \/><\/figure><\/a><\/div><div class=\"swiper-slide\" role=\"group\" aria-roledescription=\"slide\" aria-label=\"3 sur 5\"><a data-elementor-open-lightbox=\"yes\" data-elementor-lightbox-slideshow=\"a61ad45\" data-elementor-lightbox-title=\"casa-pilato-gallery-03\" data-e-action-hash=\"#elementor-action%3Aaction%3Dlightbox%26settings%3DeyJpZCI6MTYyNDcsInVybCI6Imh0dHBzOlwvXC93d3cubW9udGFpb25laW50dXNjYW55Lml0XC93cC1jb250ZW50XC91cGxvYWRzXC8yMDI1XC8xMVwvY2FzYS1waWxhdG8tZ2FsbGVyeS0wMy5qcGciLCJzbGlkZXNob3ciOiJhNjFhZDQ1In0%3D\" href=\"https:\/\/www.montaioneintuscany.it\/wp-content\/uploads\/2025\/11\/casa-pilato-gallery-03.jpg\"><figure class=\"swiper-slide-inner\"><img decoding=\"async\" class=\"swiper-slide-image\" src=\"https:\/\/www.montaioneintuscany.it\/wp-content\/uploads\/2025\/11\/casa-pilato-gallery-03.jpg\" alt=\"casa-pilato-gallery-03\" \/><\/figure><\/a><\/div><div class=\"swiper-slide\" role=\"group\" aria-roledescription=\"slide\" aria-label=\"4 sur 5\"><a data-elementor-open-lightbox=\"yes\" data-elementor-lightbox-slideshow=\"a61ad45\" data-elementor-lightbox-title=\"casa-pilato-gallery-06\" data-e-action-hash=\"#elementor-action%3Aaction%3Dlightbox%26settings%3DeyJpZCI6MTYyNDgsInVybCI6Imh0dHBzOlwvXC93d3cubW9udGFpb25laW50dXNjYW55Lml0XC93cC1jb250ZW50XC91cGxvYWRzXC8yMDI1XC8xMVwvY2FzYS1waWxhdG8tZ2FsbGVyeS0wNi5qcGciLCJzbGlkZXNob3ciOiJhNjFhZDQ1In0%3D\" href=\"https:\/\/www.montaioneintuscany.it\/wp-content\/uploads\/2025\/11\/casa-pilato-gallery-06.jpg\"><figure class=\"swiper-slide-inner\"><img decoding=\"async\" class=\"swiper-slide-image\" src=\"https:\/\/www.montaioneintuscany.it\/wp-content\/uploads\/2025\/11\/casa-pilato-gallery-06.jpg\" alt=\"casa-pilato-gallery-06\" \/><\/figure><\/a><\/div><div class=\"swiper-slide\" role=\"group\" aria-roledescription=\"slide\" aria-label=\"5 sur 5\"><a data-elementor-open-lightbox=\"yes\" data-elementor-lightbox-slideshow=\"a61ad45\" data-elementor-lightbox-title=\"casa-pilato-gallery-07\" data-e-action-hash=\"#elementor-action%3Aaction%3Dlightbox%26settings%3DeyJpZCI6MTYyNDksInVybCI6Imh0dHBzOlwvXC93d3cubW9udGFpb25laW50dXNjYW55Lml0XC93cC1jb250ZW50XC91cGxvYWRzXC8yMDI1XC8xMVwvY2FzYS1waWxhdG8tZ2FsbGVyeS0wNy5qcGciLCJzbGlkZXNob3ciOiJhNjFhZDQ1In0%3D\" href=\"https:\/\/www.montaioneintuscany.it\/wp-content\/uploads\/2025\/11\/casa-pilato-gallery-07.jpg\"><figure class=\"swiper-slide-inner\"><img decoding=\"async\" class=\"swiper-slide-image\" src=\"https:\/\/www.montaioneintuscany.it\/wp-content\/uploads\/2025\/11\/casa-pilato-gallery-07.jpg\" alt=\"casa-pilato-gallery-07\" \/><\/figure><\/a><\/div>\t\t\t<\/div>\n\t\t\t\t\t\t\t\t\t\t\t\t<div class=\"elementor-swiper-button elementor-swiper-button-prev\" role=\"button\" tabindex=\"0\">\n\t\t\t\t\t\t<svg xmlns=\"http:\/\/www.w3.org\/2000\/svg\" xmlns:xlink=\"http:\/\/www.w3.org\/1999\/xlink\" id=\"Livello_1\" x=\"0px\" y=\"0px\" width=\"75px\" height=\"75px\" viewBox=\"0 0 75 75\" style=\"enable-background:new 0 0 75 75;\" xml:space=\"preserve\"><style type=\"text\/css\">\t.st0{fill:#375140;}\t.st1{fill:none;stroke:#E5E9DD;stroke-width:3;}<\/style><circle class=\"st0\" cx=\"37.5\" cy=\"37.5\" r=\"37.5\"><\/circle><path class=\"st1\" d=\"M34.2,47.4L25,38.2l9.2-9.2 M25,38.2h25\"><\/path><\/svg>\t\t\t\t\t<\/div>\n\t\t\t\t\t<div class=\"elementor-swiper-button elementor-swiper-button-next\" role=\"button\" tabindex=\"0\">\n\t\t\t\t\t\t<svg xmlns=\"http:\/\/www.w3.org\/2000\/svg\" xmlns:xlink=\"http:\/\/www.w3.org\/1999\/xlink\" id=\"Livello_1\" x=\"0px\" y=\"0px\" width=\"75px\" height=\"75px\" viewBox=\"0 0 75 75\" style=\"enable-background:new 0 0 75 75;\" xml:space=\"preserve\"><style type=\"text\/css\">\t.st0{fill:#375140;}\t.st1{fill:none;stroke:#E5E9DD;stroke-width:3;}<\/style><circle class=\"st0\" cx=\"37.5\" cy=\"37.5\" r=\"37.5\"><\/circle><path class=\"st1\" d=\"M40.8,27.6l9.2,9.2L40.8,46 M50,36.8H25\"><\/path><\/svg>\t\t\t\t\t<\/div>\n\t\t\t\t\n\t\t\t\t\t\t\t\t\t<\/div>\n\t\t\t\t\t\t<\/div>\n\t\t\t\t<\/div>\n\t\t\t\t\t<\/div>\n\t\t\t\t<\/div>\n\t\t\t\t<\/div>\n\t\t","protected":false},"excerpt":{"rendered":"<p>Avec la Maison de Pilate commence la s\u00e9rie de chapelles qui marquent le chemin de la Via Dolorosa (la Voie de la Souffrance). L\u2019\u00e9difice r\u00e9sume trois \u00e9pisodes de la Passion selon les hypoth\u00e8ses sur les lieux o\u00f9 \u00e9taient v\u00e9n\u00e9r\u00e9es ses reliques dans la J\u00e9rusalem du \u2018500. Dans deux coin int\u00e9rieurs, les sc\u00e8nes sculpturales de la [&hellip;]<\/p>\n","protected":false},"author":2,"featured_media":0,"parent":16146,"menu_order":0,"comment_status":"closed","ping_status":"closed","template":"","meta":{"_acf_changed":false,"footnotes":""},"class_list":["post-16251","page","type-page","status-publish","hentry"],"acf":[],"yoast_head":"<!-- This site is optimized with the Yoast SEO plugin v27.3 - https:\/\/yoast.com\/product\/yoast-seo-wordpress\/ -->\n<title>Montaioneintuscany - Maison de Ponce Pilate et Sanctuaire de l\u2019Ecce Homo<\/title>\n<meta name=\"description\" content=\"Maison de Pilate : trois \u00e9pisodes de la Passion dans un seul \u00e9difice, avec Ecce Homo en terre cuite attribu\u00e9 \u00e0 Marco della Robbia.\" \/>\n<meta name=\"robots\" content=\"index, follow, max-snippet:-1, max-image-preview:large, max-video-preview:-1\" \/>\n<link rel=\"canonical\" href=\"https:\/\/www.montaioneintuscany.it\/fr\/decouvrir-montaione\/la-jerusalem-de-san-vivaldo\/maison-de-ponce-pilate-et-sanctuaire-de-lecce-homo\/\" \/>\n<meta property=\"og:locale\" content=\"fr_FR\" \/>\n<meta property=\"og:type\" content=\"article\" \/>\n<meta property=\"og:title\" content=\"Montaioneintuscany - Maison de Ponce Pilate et Sanctuaire de l\u2019Ecce Homo\" \/>\n<meta property=\"og:description\" content=\"Maison de Pilate : trois \u00e9pisodes de la Passion dans un seul \u00e9difice, avec Ecce Homo en terre cuite attribu\u00e9 \u00e0 Marco della Robbia.\" \/>\n<meta property=\"og:url\" content=\"https:\/\/www.montaioneintuscany.it\/fr\/decouvrir-montaione\/la-jerusalem-de-san-vivaldo\/maison-de-ponce-pilate-et-sanctuaire-de-lecce-homo\/\" \/>\n<meta property=\"og:site_name\" content=\"Montaioneintuscany\" \/>\n<meta property=\"article:modified_time\" content=\"2025-12-16T13:02:13+00:00\" \/>\n<meta property=\"og:image\" content=\"https:\/\/www.montaioneintuscany.it\/wp-content\/uploads\/2025\/11\/casa-pilato-gallery-01.jpg\" \/>\n<meta name=\"twitter:card\" content=\"summary_large_image\" \/>\n<meta name=\"twitter:label1\" content=\"Dur\u00e9e de lecture estim\u00e9e\" \/>\n\t<meta name=\"twitter:data1\" content=\"2 minutes\" \/>\n<script type=\"application\/ld+json\" class=\"yoast-schema-graph\">{\"@context\":\"https:\\\/\\\/schema.org\",\"@graph\":[{\"@type\":\"WebPage\",\"@id\":\"https:\\\/\\\/www.montaioneintuscany.it\\\/fr\\\/decouvrir-montaione\\\/la-jerusalem-de-san-vivaldo\\\/maison-de-ponce-pilate-et-sanctuaire-de-lecce-homo\\\/\",\"url\":\"https:\\\/\\\/www.montaioneintuscany.it\\\/fr\\\/decouvrir-montaione\\\/la-jerusalem-de-san-vivaldo\\\/maison-de-ponce-pilate-et-sanctuaire-de-lecce-homo\\\/\",\"name\":\"Montaioneintuscany - Maison de Ponce Pilate et Sanctuaire de l\u2019Ecce Homo\",\"isPartOf\":{\"@id\":\"https:\\\/\\\/www.montaioneintuscany.it\\\/en\\\/#website\"},\"primaryImageOfPage\":{\"@id\":\"https:\\\/\\\/www.montaioneintuscany.it\\\/fr\\\/decouvrir-montaione\\\/la-jerusalem-de-san-vivaldo\\\/maison-de-ponce-pilate-et-sanctuaire-de-lecce-homo\\\/#primaryimage\"},\"image\":{\"@id\":\"https:\\\/\\\/www.montaioneintuscany.it\\\/fr\\\/decouvrir-montaione\\\/la-jerusalem-de-san-vivaldo\\\/maison-de-ponce-pilate-et-sanctuaire-de-lecce-homo\\\/#primaryimage\"},\"thumbnailUrl\":\"https:\\\/\\\/www.montaioneintuscany.it\\\/wp-content\\\/uploads\\\/2025\\\/11\\\/casa-pilato-gallery-01.jpg\",\"datePublished\":\"2025-11-24T20:10:04+00:00\",\"dateModified\":\"2025-12-16T13:02:13+00:00\",\"description\":\"Maison de Pilate : trois \u00e9pisodes de la Passion dans un seul \u00e9difice, avec Ecce Homo en terre cuite attribu\u00e9 \u00e0 Marco della Robbia.\",\"breadcrumb\":{\"@id\":\"https:\\\/\\\/www.montaioneintuscany.it\\\/fr\\\/decouvrir-montaione\\\/la-jerusalem-de-san-vivaldo\\\/maison-de-ponce-pilate-et-sanctuaire-de-lecce-homo\\\/#breadcrumb\"},\"inLanguage\":\"fr-FR\",\"potentialAction\":[{\"@type\":\"ReadAction\",\"target\":[\"https:\\\/\\\/www.montaioneintuscany.it\\\/fr\\\/decouvrir-montaione\\\/la-jerusalem-de-san-vivaldo\\\/maison-de-ponce-pilate-et-sanctuaire-de-lecce-homo\\\/\"]}]},{\"@type\":\"ImageObject\",\"inLanguage\":\"fr-FR\",\"@id\":\"https:\\\/\\\/www.montaioneintuscany.it\\\/fr\\\/decouvrir-montaione\\\/la-jerusalem-de-san-vivaldo\\\/maison-de-ponce-pilate-et-sanctuaire-de-lecce-homo\\\/#primaryimage\",\"url\":\"https:\\\/\\\/www.montaioneintuscany.it\\\/wp-content\\\/uploads\\\/2025\\\/11\\\/casa-pilato-gallery-01.jpg\",\"contentUrl\":\"https:\\\/\\\/www.montaioneintuscany.it\\\/wp-content\\\/uploads\\\/2025\\\/11\\\/casa-pilato-gallery-01.jpg\"},{\"@type\":\"BreadcrumbList\",\"@id\":\"https:\\\/\\\/www.montaioneintuscany.it\\\/fr\\\/decouvrir-montaione\\\/la-jerusalem-de-san-vivaldo\\\/maison-de-ponce-pilate-et-sanctuaire-de-lecce-homo\\\/#breadcrumb\",\"itemListElement\":[{\"@type\":\"ListItem\",\"position\":1,\"name\":\"Home\",\"item\":\"https:\\\/\\\/www.montaioneintuscany.it\\\/\"},{\"@type\":\"ListItem\",\"position\":2,\"name\":\"D\u00e9couvrir Montaione\",\"item\":\"https:\\\/\\\/www.montaioneintuscany.it\\\/fr\\\/decouvrir-montaione\\\/\"},{\"@type\":\"ListItem\",\"position\":3,\"name\":\"La \u201cJ\u00e9rusalem\u201d de San Vivaldo\",\"item\":\"https:\\\/\\\/www.montaioneintuscany.it\\\/fr\\\/decouvrir-montaione\\\/la-jerusalem-de-san-vivaldo\\\/\"},{\"@type\":\"ListItem\",\"position\":4,\"name\":\"Maison de Ponce Pilate et Sanctuaire de l\u2019Ecce Homo\"}]},{\"@type\":\"WebSite\",\"@id\":\"https:\\\/\\\/www.montaioneintuscany.it\\\/en\\\/#website\",\"url\":\"https:\\\/\\\/www.montaioneintuscany.it\\\/en\\\/\",\"name\":\"Montaioneintuscany\",\"description\":\"\",\"publisher\":{\"@id\":\"https:\\\/\\\/www.montaioneintuscany.it\\\/en\\\/#organization\"},\"potentialAction\":[{\"@type\":\"SearchAction\",\"target\":{\"@type\":\"EntryPoint\",\"urlTemplate\":\"https:\\\/\\\/www.montaioneintuscany.it\\\/en\\\/?s={search_term_string}\"},\"query-input\":{\"@type\":\"PropertyValueSpecification\",\"valueRequired\":true,\"valueName\":\"search_term_string\"}}],\"inLanguage\":\"fr-FR\"},{\"@type\":\"Organization\",\"@id\":\"https:\\\/\\\/www.montaioneintuscany.it\\\/en\\\/#organization\",\"name\":\"Montaioneintuscany\",\"url\":\"https:\\\/\\\/www.montaioneintuscany.it\\\/en\\\/\",\"logo\":{\"@type\":\"ImageObject\",\"inLanguage\":\"fr-FR\",\"@id\":\"https:\\\/\\\/www.montaioneintuscany.it\\\/en\\\/#\\\/schema\\\/logo\\\/image\\\/\",\"url\":\"https:\\\/\\\/www.montaioneintuscany.it\\\/wp-content\\\/uploads\\\/2025\\\/10\\\/logo.svg\",\"contentUrl\":\"https:\\\/\\\/www.montaioneintuscany.it\\\/wp-content\\\/uploads\\\/2025\\\/10\\\/logo.svg\",\"width\":247,\"height\":25,\"caption\":\"Montaioneintuscany\"},\"image\":{\"@id\":\"https:\\\/\\\/www.montaioneintuscany.it\\\/en\\\/#\\\/schema\\\/logo\\\/image\\\/\"}}]}<\/script>\n<!-- \/ Yoast SEO plugin. -->","yoast_head_json":{"title":"Montaioneintuscany - Maison de Ponce Pilate et Sanctuaire de l\u2019Ecce Homo","description":"Maison de Pilate : trois \u00e9pisodes de la Passion dans un seul \u00e9difice, avec Ecce Homo en terre cuite attribu\u00e9 \u00e0 Marco della Robbia.","robots":{"index":"index","follow":"follow","max-snippet":"max-snippet:-1","max-image-preview":"max-image-preview:large","max-video-preview":"max-video-preview:-1"},"canonical":"https:\/\/www.montaioneintuscany.it\/fr\/decouvrir-montaione\/la-jerusalem-de-san-vivaldo\/maison-de-ponce-pilate-et-sanctuaire-de-lecce-homo\/","og_locale":"fr_FR","og_type":"article","og_title":"Montaioneintuscany - Maison de Ponce Pilate et Sanctuaire de l\u2019Ecce Homo","og_description":"Maison de Pilate : trois \u00e9pisodes de la Passion dans un seul \u00e9difice, avec Ecce Homo en terre cuite attribu\u00e9 \u00e0 Marco della Robbia.","og_url":"https:\/\/www.montaioneintuscany.it\/fr\/decouvrir-montaione\/la-jerusalem-de-san-vivaldo\/maison-de-ponce-pilate-et-sanctuaire-de-lecce-homo\/","og_site_name":"Montaioneintuscany","article_modified_time":"2025-12-16T13:02:13+00:00","og_image":[{"url":"https:\/\/www.montaioneintuscany.it\/wp-content\/uploads\/2025\/11\/casa-pilato-gallery-01.jpg","type":"","width":"","height":""}],"twitter_card":"summary_large_image","twitter_misc":{"Dur\u00e9e de lecture estim\u00e9e":"2 minutes"},"schema":{"@context":"https:\/\/schema.org","@graph":[{"@type":"WebPage","@id":"https:\/\/www.montaioneintuscany.it\/fr\/decouvrir-montaione\/la-jerusalem-de-san-vivaldo\/maison-de-ponce-pilate-et-sanctuaire-de-lecce-homo\/","url":"https:\/\/www.montaioneintuscany.it\/fr\/decouvrir-montaione\/la-jerusalem-de-san-vivaldo\/maison-de-ponce-pilate-et-sanctuaire-de-lecce-homo\/","name":"Montaioneintuscany - Maison de Ponce Pilate et Sanctuaire de l\u2019Ecce Homo","isPartOf":{"@id":"https:\/\/www.montaioneintuscany.it\/en\/#website"},"primaryImageOfPage":{"@id":"https:\/\/www.montaioneintuscany.it\/fr\/decouvrir-montaione\/la-jerusalem-de-san-vivaldo\/maison-de-ponce-pilate-et-sanctuaire-de-lecce-homo\/#primaryimage"},"image":{"@id":"https:\/\/www.montaioneintuscany.it\/fr\/decouvrir-montaione\/la-jerusalem-de-san-vivaldo\/maison-de-ponce-pilate-et-sanctuaire-de-lecce-homo\/#primaryimage"},"thumbnailUrl":"https:\/\/www.montaioneintuscany.it\/wp-content\/uploads\/2025\/11\/casa-pilato-gallery-01.jpg","datePublished":"2025-11-24T20:10:04+00:00","dateModified":"2025-12-16T13:02:13+00:00","description":"Maison de Pilate : trois \u00e9pisodes de la Passion dans un seul \u00e9difice, avec Ecce Homo en terre cuite attribu\u00e9 \u00e0 Marco della Robbia.","breadcrumb":{"@id":"https:\/\/www.montaioneintuscany.it\/fr\/decouvrir-montaione\/la-jerusalem-de-san-vivaldo\/maison-de-ponce-pilate-et-sanctuaire-de-lecce-homo\/#breadcrumb"},"inLanguage":"fr-FR","potentialAction":[{"@type":"ReadAction","target":["https:\/\/www.montaioneintuscany.it\/fr\/decouvrir-montaione\/la-jerusalem-de-san-vivaldo\/maison-de-ponce-pilate-et-sanctuaire-de-lecce-homo\/"]}]},{"@type":"ImageObject","inLanguage":"fr-FR","@id":"https:\/\/www.montaioneintuscany.it\/fr\/decouvrir-montaione\/la-jerusalem-de-san-vivaldo\/maison-de-ponce-pilate-et-sanctuaire-de-lecce-homo\/#primaryimage","url":"https:\/\/www.montaioneintuscany.it\/wp-content\/uploads\/2025\/11\/casa-pilato-gallery-01.jpg","contentUrl":"https:\/\/www.montaioneintuscany.it\/wp-content\/uploads\/2025\/11\/casa-pilato-gallery-01.jpg"},{"@type":"BreadcrumbList","@id":"https:\/\/www.montaioneintuscany.it\/fr\/decouvrir-montaione\/la-jerusalem-de-san-vivaldo\/maison-de-ponce-pilate-et-sanctuaire-de-lecce-homo\/#breadcrumb","itemListElement":[{"@type":"ListItem","position":1,"name":"Home","item":"https:\/\/www.montaioneintuscany.it\/"},{"@type":"ListItem","position":2,"name":"D\u00e9couvrir Montaione","item":"https:\/\/www.montaioneintuscany.it\/fr\/decouvrir-montaione\/"},{"@type":"ListItem","position":3,"name":"La \u201cJ\u00e9rusalem\u201d de San Vivaldo","item":"https:\/\/www.montaioneintuscany.it\/fr\/decouvrir-montaione\/la-jerusalem-de-san-vivaldo\/"},{"@type":"ListItem","position":4,"name":"Maison de Ponce Pilate et Sanctuaire de l\u2019Ecce Homo"}]},{"@type":"WebSite","@id":"https:\/\/www.montaioneintuscany.it\/en\/#website","url":"https:\/\/www.montaioneintuscany.it\/en\/","name":"Montaioneintuscany","description":"","publisher":{"@id":"https:\/\/www.montaioneintuscany.it\/en\/#organization"},"potentialAction":[{"@type":"SearchAction","target":{"@type":"EntryPoint","urlTemplate":"https:\/\/www.montaioneintuscany.it\/en\/?s={search_term_string}"},"query-input":{"@type":"PropertyValueSpecification","valueRequired":true,"valueName":"search_term_string"}}],"inLanguage":"fr-FR"},{"@type":"Organization","@id":"https:\/\/www.montaioneintuscany.it\/en\/#organization","name":"Montaioneintuscany","url":"https:\/\/www.montaioneintuscany.it\/en\/","logo":{"@type":"ImageObject","inLanguage":"fr-FR","@id":"https:\/\/www.montaioneintuscany.it\/en\/#\/schema\/logo\/image\/","url":"https:\/\/www.montaioneintuscany.it\/wp-content\/uploads\/2025\/10\/logo.svg","contentUrl":"https:\/\/www.montaioneintuscany.it\/wp-content\/uploads\/2025\/10\/logo.svg","width":247,"height":25,"caption":"Montaioneintuscany"},"image":{"@id":"https:\/\/www.montaioneintuscany.it\/en\/#\/schema\/logo\/image\/"}}]}},"_links":{"self":[{"href":"https:\/\/www.montaioneintuscany.it\/fr\/wp-json\/wp\/v2\/pages\/16251","targetHints":{"allow":["GET"]}}],"collection":[{"href":"https:\/\/www.montaioneintuscany.it\/fr\/wp-json\/wp\/v2\/pages"}],"about":[{"href":"https:\/\/www.montaioneintuscany.it\/fr\/wp-json\/wp\/v2\/types\/page"}],"author":[{"embeddable":true,"href":"https:\/\/www.montaioneintuscany.it\/fr\/wp-json\/wp\/v2\/users\/2"}],"replies":[{"embeddable":true,"href":"https:\/\/www.montaioneintuscany.it\/fr\/wp-json\/wp\/v2\/comments?post=16251"}],"version-history":[{"count":17,"href":"https:\/\/www.montaioneintuscany.it\/fr\/wp-json\/wp\/v2\/pages\/16251\/revisions"}],"predecessor-version":[{"id":18079,"href":"https:\/\/www.montaioneintuscany.it\/fr\/wp-json\/wp\/v2\/pages\/16251\/revisions\/18079"}],"up":[{"embeddable":true,"href":"https:\/\/www.montaioneintuscany.it\/fr\/wp-json\/wp\/v2\/pages\/16146"}],"wp:attachment":[{"href":"https:\/\/www.montaioneintuscany.it\/fr\/wp-json\/wp\/v2\/media?parent=16251"}],"curies":[{"name":"wp","href":"https:\/\/api.w.org\/{rel}","templated":true}]}}