{"id":16219,"date":"2025-11-24T20:56:56","date_gmt":"2025-11-24T19:56:56","guid":{"rendered":"https:\/\/montaione.filaretedev.it\/decouvrir-montaione\/annunciazione\/"},"modified":"2025-12-16T13:56:18","modified_gmt":"2025-12-16T12:56:18","slug":"annonciation","status":"publish","type":"page","link":"https:\/\/www.montaioneintuscany.it\/fr\/decouvrir-montaione\/la-jerusalem-de-san-vivaldo\/annonciation\/","title":{"rendered":"Annonciation"},"content":{"rendered":"\t\t<div data-elementor-type=\"wp-page\" data-elementor-id=\"16219\" class=\"elementor elementor-16219 elementor-14681\" data-elementor-post-type=\"page\">\n\t\t\t\t<div class=\"elementor-element elementor-element-5ded8063 e-flex e-con-boxed e-con e-parent\" data-id=\"5ded8063\" data-element_type=\"container\" data-e-type=\"container\" data-settings=\"{&quot;background_background&quot;:&quot;classic&quot;}\">\n\t\t\t\t\t<div class=\"e-con-inner\">\n\t\t<div class=\"elementor-element elementor-element-594d50c3 e-con-full mt-auto mb-4 e-flex e-con e-child\" data-id=\"594d50c3\" data-element_type=\"container\" data-e-type=\"container\">\n\t\t\t\t<\/div>\n\t\t\t\t\t<\/div>\n\t\t\t\t<\/div>\n\t\t<div class=\"elementor-element elementor-element-65e86885 e-flex e-con-boxed e-con e-parent\" data-id=\"65e86885\" data-element_type=\"container\" data-e-type=\"container\">\n\t\t\t\t\t<div class=\"e-con-inner\">\n\t\t<div class=\"elementor-element elementor-element-1c621791 e-con-full e-flex e-con e-child\" data-id=\"1c621791\" data-element_type=\"container\" data-e-type=\"container\">\n\t\t\t\t<div class=\"elementor-element elementor-element-34f40e4 elementor-widget elementor-widget-shortcode\" data-id=\"34f40e4\" data-element_type=\"widget\" data-e-type=\"widget\" data-widget_type=\"shortcode.default\">\n\t\t\t\t\t\t\t<div class=\"elementor-shortcode\"><ul id=\"breadcrumbs\" class=\"breadcrumb w-100\"><li class=\"item-home\"><a class=\"bread-link bread-home\" href=\"https:\/\/www.montaioneintuscany.it\/fr\/\" title=\"Home\">Home<\/a><\/li><li class=\"separator separator-home\">  |  <\/li><\/ul><\/div>\n\t\t\t\t\t\t<\/div>\n\t\t\t\t<\/div>\n\t\t\t\t\t<\/div>\n\t\t\t\t<\/div>\n\t\t<div class=\"elementor-element elementor-element-3948049b py-5 e-flex e-con-boxed e-con e-parent\" data-id=\"3948049b\" data-element_type=\"container\" data-e-type=\"container\">\n\t\t\t\t\t<div class=\"e-con-inner\">\n\t\t<div class=\"elementor-element elementor-element-4aa89eee e-con-full e-flex e-con e-child\" data-id=\"4aa89eee\" data-element_type=\"container\" data-e-type=\"container\">\n\t\t\t\t<div class=\"elementor-element elementor-element-44dff42f elementor-widget elementor-widget-text-editor\" data-id=\"44dff42f\" data-element_type=\"widget\" data-e-type=\"widget\" data-widget_type=\"text-editor.default\">\n\t\t\t\t\t\t\t\t\t<p>La chapelle de l\u2019Annonciation, d\u00e9di\u00e9e \u00e0 la Vierge, ne fait pas partie du premier noyau du XVIe si\u00e8cle con\u00e7u par le fr\u00e8re Thomas. Les premi\u00e8res nouvelles sur l\u2019\u00e9difice remontent \u00e0 la seconde moiti\u00e9 du XVIIe si\u00e8cle, lorsque le motif du culte de la Vierge s\u2019\u00e9tait affirm\u00e9 avec force \u00e0 c\u00f4t\u00e9 de celui qui pr\u00e9valait \u00e0 l\u2019origine: la visite du site comme lieu de p\u00e8lerinage symbolique \u00e0 \u201cJ\u00e9rusalem\u201d.<\/p><p>Si, d\u2019un point de vue architectural, la chapelle, \u00e0 plan croix grecque avec corps central sur\u00e9lev\u00e9 couvert d\u2019un d\u00f4me octogonal, est parmi les plus \u00e9labor\u00e9s du complexe, le groupe sculptural int\u00e9rieur n\u2019est pas aussi significatif. Au centre d\u2019un autel en marbre, surmont\u00e9 par le symbole de la Vierge, se trouvent en effet deux simples statues de l\u2019Archange Gabriel et de Marie, datant du XIXe si\u00e8cle. La d\u00e9votion de la Vierge est un th\u00e8me tr\u00e8s ressenti dans la tradition franciscaine, au point que l\u2019Immacul\u00e9e Conception de Marie, c\u00e9l\u00e9br\u00e9e le 8 d\u00e9cembre, est la patronne de l\u2019Ordre.<\/p>\t\t\t\t\t\t\t\t<\/div>\n\t\t\t\t<div class=\"elementor-element elementor-element-87985de elementor-arrows-position-outside pb-5 elementor-widget elementor-widget-image-carousel\" data-id=\"87985de\" data-element_type=\"widget\" data-e-type=\"widget\" data-settings=\"{&quot;navigation&quot;:&quot;arrows&quot;,&quot;autoplay&quot;:&quot;yes&quot;,&quot;pause_on_hover&quot;:&quot;yes&quot;,&quot;pause_on_interaction&quot;:&quot;yes&quot;,&quot;autoplay_speed&quot;:5000,&quot;infinite&quot;:&quot;yes&quot;,&quot;speed&quot;:500,&quot;image_spacing_custom&quot;:{&quot;unit&quot;:&quot;px&quot;,&quot;size&quot;:20,&quot;sizes&quot;:[]},&quot;image_spacing_custom_tablet&quot;:{&quot;unit&quot;:&quot;px&quot;,&quot;size&quot;:&quot;&quot;,&quot;sizes&quot;:[]},&quot;image_spacing_custom_mobile&quot;:{&quot;unit&quot;:&quot;px&quot;,&quot;size&quot;:&quot;&quot;,&quot;sizes&quot;:[]}}\" data-widget_type=\"image-carousel.default\">\n\t\t\t\t\t\t\t<div class=\"elementor-image-carousel-wrapper swiper\" role=\"region\" aria-roledescription=\"carousel\" aria-label=\"Carosello d&#039;immagini\" dir=\"ltr\">\n\t\t\t<div class=\"elementor-image-carousel swiper-wrapper\" aria-live=\"off\">\n\t\t\t\t\t\t\t\t<div class=\"swiper-slide\" role=\"group\" aria-roledescription=\"slide\" aria-label=\"1 sur 3\"><a data-elementor-open-lightbox=\"yes\" data-elementor-lightbox-slideshow=\"87985de\" data-elementor-lightbox-title=\"annunciazione-gallery-01\" data-e-action-hash=\"#elementor-action%3Aaction%3Dlightbox%26settings%3DeyJpZCI6MTYyMTUsInVybCI6Imh0dHBzOlwvXC93d3cubW9udGFpb25laW50dXNjYW55Lml0XC93cC1jb250ZW50XC91cGxvYWRzXC8yMDI1XC8xMVwvYW5udW5jaWF6aW9uZS1nYWxsZXJ5LTAxLmpwZyIsInNsaWRlc2hvdyI6Ijg3OTg1ZGUifQ%3D%3D\" href=\"https:\/\/www.montaioneintuscany.it\/wp-content\/uploads\/2025\/11\/annunciazione-gallery-01.jpg\"><figure class=\"swiper-slide-inner\"><img decoding=\"async\" class=\"swiper-slide-image\" src=\"https:\/\/www.montaioneintuscany.it\/wp-content\/uploads\/2025\/11\/annunciazione-gallery-01.jpg\" alt=\"annunciazione-gallery-01\" \/><\/figure><\/a><\/div><div class=\"swiper-slide\" role=\"group\" aria-roledescription=\"slide\" aria-label=\"2 sur 3\"><a data-elementor-open-lightbox=\"yes\" data-elementor-lightbox-slideshow=\"87985de\" data-elementor-lightbox-title=\"annunciazione-gallery-02\" data-e-action-hash=\"#elementor-action%3Aaction%3Dlightbox%26settings%3DeyJpZCI6MTYyMTYsInVybCI6Imh0dHBzOlwvXC93d3cubW9udGFpb25laW50dXNjYW55Lml0XC93cC1jb250ZW50XC91cGxvYWRzXC8yMDI1XC8xMVwvYW5udW5jaWF6aW9uZS1nYWxsZXJ5LTAyLmpwZyIsInNsaWRlc2hvdyI6Ijg3OTg1ZGUifQ%3D%3D\" href=\"https:\/\/www.montaioneintuscany.it\/wp-content\/uploads\/2025\/11\/annunciazione-gallery-02.jpg\"><figure class=\"swiper-slide-inner\"><img decoding=\"async\" class=\"swiper-slide-image\" src=\"https:\/\/www.montaioneintuscany.it\/wp-content\/uploads\/2025\/11\/annunciazione-gallery-02.jpg\" alt=\"annunciazione-gallery-02\" \/><\/figure><\/a><\/div><div class=\"swiper-slide\" role=\"group\" aria-roledescription=\"slide\" aria-label=\"3 sur 3\"><a data-elementor-open-lightbox=\"yes\" data-elementor-lightbox-slideshow=\"87985de\" data-elementor-lightbox-title=\"annunciazione-gallery-03\" data-e-action-hash=\"#elementor-action%3Aaction%3Dlightbox%26settings%3DeyJpZCI6MTYyMTcsInVybCI6Imh0dHBzOlwvXC93d3cubW9udGFpb25laW50dXNjYW55Lml0XC93cC1jb250ZW50XC91cGxvYWRzXC8yMDI1XC8xMVwvYW5udW5jaWF6aW9uZS1nYWxsZXJ5LTAzLmpwZyIsInNsaWRlc2hvdyI6Ijg3OTg1ZGUifQ%3D%3D\" href=\"https:\/\/www.montaioneintuscany.it\/wp-content\/uploads\/2025\/11\/annunciazione-gallery-03.jpg\"><figure class=\"swiper-slide-inner\"><img decoding=\"async\" class=\"swiper-slide-image\" src=\"https:\/\/www.montaioneintuscany.it\/wp-content\/uploads\/2025\/11\/annunciazione-gallery-03.jpg\" alt=\"annunciazione-gallery-03\" \/><\/figure><\/a><\/div>\t\t\t<\/div>\n\t\t\t\t\t\t\t\t\t\t\t\t<div class=\"elementor-swiper-button elementor-swiper-button-prev\" role=\"button\" tabindex=\"0\">\n\t\t\t\t\t\t<svg xmlns=\"http:\/\/www.w3.org\/2000\/svg\" xmlns:xlink=\"http:\/\/www.w3.org\/1999\/xlink\" id=\"Livello_1\" x=\"0px\" y=\"0px\" width=\"75px\" height=\"75px\" viewBox=\"0 0 75 75\" style=\"enable-background:new 0 0 75 75;\" xml:space=\"preserve\"><style type=\"text\/css\">\t.st0{fill:#375140;}\t.st1{fill:none;stroke:#E5E9DD;stroke-width:3;}<\/style><circle class=\"st0\" cx=\"37.5\" cy=\"37.5\" r=\"37.5\"><\/circle><path class=\"st1\" d=\"M34.2,47.4L25,38.2l9.2-9.2 M25,38.2h25\"><\/path><\/svg>\t\t\t\t\t<\/div>\n\t\t\t\t\t<div class=\"elementor-swiper-button elementor-swiper-button-next\" role=\"button\" tabindex=\"0\">\n\t\t\t\t\t\t<svg xmlns=\"http:\/\/www.w3.org\/2000\/svg\" xmlns:xlink=\"http:\/\/www.w3.org\/1999\/xlink\" id=\"Livello_1\" x=\"0px\" y=\"0px\" width=\"75px\" height=\"75px\" viewBox=\"0 0 75 75\" style=\"enable-background:new 0 0 75 75;\" xml:space=\"preserve\"><style type=\"text\/css\">\t.st0{fill:#375140;}\t.st1{fill:none;stroke:#E5E9DD;stroke-width:3;}<\/style><circle class=\"st0\" cx=\"37.5\" cy=\"37.5\" r=\"37.5\"><\/circle><path class=\"st1\" d=\"M40.8,27.6l9.2,9.2L40.8,46 M50,36.8H25\"><\/path><\/svg>\t\t\t\t\t<\/div>\n\t\t\t\t\n\t\t\t\t\t\t\t\t\t<\/div>\n\t\t\t\t\t\t<\/div>\n\t\t\t\t<\/div>\n\t\t\t\t\t<\/div>\n\t\t\t\t<\/div>\n\t\t<div class=\"elementor-element elementor-element-0bca62d e-flex e-con-boxed e-con e-parent\" data-id=\"0bca62d\" data-element_type=\"container\" data-e-type=\"container\">\n\t\t\t\t\t<div class=\"e-con-inner\">\n\t\t\t\t\t<\/div>\n\t\t\t\t<\/div>\n\t\t\t\t<\/div>\n\t\t","protected":false},"excerpt":{"rendered":"<p>La chapelle de l\u2019Annonciation, d\u00e9di\u00e9e \u00e0 la Vierge, ne fait pas partie du premier noyau du XVIe si\u00e8cle con\u00e7u par le fr\u00e8re Thomas. Les premi\u00e8res nouvelles sur l\u2019\u00e9difice remontent \u00e0 la seconde moiti\u00e9 du XVIIe si\u00e8cle, lorsque le motif du culte de la Vierge s\u2019\u00e9tait affirm\u00e9 avec force \u00e0 c\u00f4t\u00e9 de celui qui pr\u00e9valait \u00e0 [&hellip;]<\/p>\n","protected":false},"author":2,"featured_media":0,"parent":16146,"menu_order":0,"comment_status":"closed","ping_status":"closed","template":"","meta":{"_acf_changed":false,"footnotes":""},"class_list":["post-16219","page","type-page","status-publish","hentry"],"acf":[],"yoast_head":"<!-- This site is optimized with the Yoast SEO plugin v27.3 - https:\/\/yoast.com\/product\/yoast-seo-wordpress\/ -->\n<title>Montaioneintuscany - Annonciation<\/title>\n<meta name=\"description\" content=\"D\u00e9couvrez la chapelle de l&#039;Annonciation dans le J\u00e9rusalem de San Vivaldo : une chapelle mariale entre histoire et d\u00e9votion.\" \/>\n<meta name=\"robots\" content=\"index, follow, max-snippet:-1, max-image-preview:large, max-video-preview:-1\" \/>\n<link rel=\"canonical\" href=\"https:\/\/www.montaioneintuscany.it\/fr\/decouvrir-montaione\/la-jerusalem-de-san-vivaldo\/annonciation\/\" \/>\n<meta property=\"og:locale\" content=\"fr_FR\" \/>\n<meta property=\"og:type\" content=\"article\" \/>\n<meta property=\"og:title\" content=\"Montaioneintuscany - Annonciation\" \/>\n<meta property=\"og:description\" content=\"D\u00e9couvrez la chapelle de l&#039;Annonciation dans le J\u00e9rusalem de San Vivaldo : une chapelle mariale entre histoire et d\u00e9votion.\" \/>\n<meta property=\"og:url\" content=\"https:\/\/www.montaioneintuscany.it\/fr\/decouvrir-montaione\/la-jerusalem-de-san-vivaldo\/annonciation\/\" \/>\n<meta property=\"og:site_name\" content=\"Montaioneintuscany\" \/>\n<meta property=\"article:modified_time\" content=\"2025-12-16T12:56:18+00:00\" \/>\n<meta property=\"og:image\" content=\"https:\/\/www.montaioneintuscany.it\/wp-content\/uploads\/2025\/11\/annunciazione-gallery-01.jpg\" \/>\n<meta name=\"twitter:card\" content=\"summary_large_image\" \/>\n<meta name=\"twitter:label1\" content=\"Dur\u00e9e de lecture estim\u00e9e\" \/>\n\t<meta name=\"twitter:data1\" content=\"2 minutes\" \/>\n<script type=\"application\/ld+json\" class=\"yoast-schema-graph\">{\"@context\":\"https:\\\/\\\/schema.org\",\"@graph\":[{\"@type\":\"WebPage\",\"@id\":\"https:\\\/\\\/www.montaioneintuscany.it\\\/fr\\\/decouvrir-montaione\\\/la-jerusalem-de-san-vivaldo\\\/annonciation\\\/\",\"url\":\"https:\\\/\\\/www.montaioneintuscany.it\\\/fr\\\/decouvrir-montaione\\\/la-jerusalem-de-san-vivaldo\\\/annonciation\\\/\",\"name\":\"Montaioneintuscany - Annonciation\",\"isPartOf\":{\"@id\":\"https:\\\/\\\/www.montaioneintuscany.it\\\/en\\\/#website\"},\"primaryImageOfPage\":{\"@id\":\"https:\\\/\\\/www.montaioneintuscany.it\\\/fr\\\/decouvrir-montaione\\\/la-jerusalem-de-san-vivaldo\\\/annonciation\\\/#primaryimage\"},\"image\":{\"@id\":\"https:\\\/\\\/www.montaioneintuscany.it\\\/fr\\\/decouvrir-montaione\\\/la-jerusalem-de-san-vivaldo\\\/annonciation\\\/#primaryimage\"},\"thumbnailUrl\":\"https:\\\/\\\/www.montaioneintuscany.it\\\/wp-content\\\/uploads\\\/2025\\\/11\\\/annunciazione-gallery-01.jpg\",\"datePublished\":\"2025-11-24T19:56:56+00:00\",\"dateModified\":\"2025-12-16T12:56:18+00:00\",\"description\":\"D\u00e9couvrez la chapelle de l'Annonciation dans le J\u00e9rusalem de San Vivaldo : une chapelle mariale entre histoire et d\u00e9votion.\",\"breadcrumb\":{\"@id\":\"https:\\\/\\\/www.montaioneintuscany.it\\\/fr\\\/decouvrir-montaione\\\/la-jerusalem-de-san-vivaldo\\\/annonciation\\\/#breadcrumb\"},\"inLanguage\":\"fr-FR\",\"potentialAction\":[{\"@type\":\"ReadAction\",\"target\":[\"https:\\\/\\\/www.montaioneintuscany.it\\\/fr\\\/decouvrir-montaione\\\/la-jerusalem-de-san-vivaldo\\\/annonciation\\\/\"]}]},{\"@type\":\"ImageObject\",\"inLanguage\":\"fr-FR\",\"@id\":\"https:\\\/\\\/www.montaioneintuscany.it\\\/fr\\\/decouvrir-montaione\\\/la-jerusalem-de-san-vivaldo\\\/annonciation\\\/#primaryimage\",\"url\":\"https:\\\/\\\/www.montaioneintuscany.it\\\/wp-content\\\/uploads\\\/2025\\\/11\\\/annunciazione-gallery-01.jpg\",\"contentUrl\":\"https:\\\/\\\/www.montaioneintuscany.it\\\/wp-content\\\/uploads\\\/2025\\\/11\\\/annunciazione-gallery-01.jpg\"},{\"@type\":\"BreadcrumbList\",\"@id\":\"https:\\\/\\\/www.montaioneintuscany.it\\\/fr\\\/decouvrir-montaione\\\/la-jerusalem-de-san-vivaldo\\\/annonciation\\\/#breadcrumb\",\"itemListElement\":[{\"@type\":\"ListItem\",\"position\":1,\"name\":\"Home\",\"item\":\"https:\\\/\\\/www.montaioneintuscany.it\\\/\"},{\"@type\":\"ListItem\",\"position\":2,\"name\":\"D\u00e9couvrir Montaione\",\"item\":\"https:\\\/\\\/www.montaioneintuscany.it\\\/fr\\\/decouvrir-montaione\\\/\"},{\"@type\":\"ListItem\",\"position\":3,\"name\":\"La \u201cJ\u00e9rusalem\u201d de San Vivaldo\",\"item\":\"https:\\\/\\\/www.montaioneintuscany.it\\\/fr\\\/decouvrir-montaione\\\/la-jerusalem-de-san-vivaldo\\\/\"},{\"@type\":\"ListItem\",\"position\":4,\"name\":\"Annonciation\"}]},{\"@type\":\"WebSite\",\"@id\":\"https:\\\/\\\/www.montaioneintuscany.it\\\/en\\\/#website\",\"url\":\"https:\\\/\\\/www.montaioneintuscany.it\\\/en\\\/\",\"name\":\"Montaioneintuscany\",\"description\":\"\",\"publisher\":{\"@id\":\"https:\\\/\\\/www.montaioneintuscany.it\\\/en\\\/#organization\"},\"potentialAction\":[{\"@type\":\"SearchAction\",\"target\":{\"@type\":\"EntryPoint\",\"urlTemplate\":\"https:\\\/\\\/www.montaioneintuscany.it\\\/en\\\/?s={search_term_string}\"},\"query-input\":{\"@type\":\"PropertyValueSpecification\",\"valueRequired\":true,\"valueName\":\"search_term_string\"}}],\"inLanguage\":\"fr-FR\"},{\"@type\":\"Organization\",\"@id\":\"https:\\\/\\\/www.montaioneintuscany.it\\\/en\\\/#organization\",\"name\":\"Montaioneintuscany\",\"url\":\"https:\\\/\\\/www.montaioneintuscany.it\\\/en\\\/\",\"logo\":{\"@type\":\"ImageObject\",\"inLanguage\":\"fr-FR\",\"@id\":\"https:\\\/\\\/www.montaioneintuscany.it\\\/en\\\/#\\\/schema\\\/logo\\\/image\\\/\",\"url\":\"https:\\\/\\\/www.montaioneintuscany.it\\\/wp-content\\\/uploads\\\/2025\\\/10\\\/logo.svg\",\"contentUrl\":\"https:\\\/\\\/www.montaioneintuscany.it\\\/wp-content\\\/uploads\\\/2025\\\/10\\\/logo.svg\",\"width\":247,\"height\":25,\"caption\":\"Montaioneintuscany\"},\"image\":{\"@id\":\"https:\\\/\\\/www.montaioneintuscany.it\\\/en\\\/#\\\/schema\\\/logo\\\/image\\\/\"}}]}<\/script>\n<!-- \/ Yoast SEO plugin. -->","yoast_head_json":{"title":"Montaioneintuscany - Annonciation","description":"D\u00e9couvrez la chapelle de l'Annonciation dans le J\u00e9rusalem de San Vivaldo : une chapelle mariale entre histoire et d\u00e9votion.","robots":{"index":"index","follow":"follow","max-snippet":"max-snippet:-1","max-image-preview":"max-image-preview:large","max-video-preview":"max-video-preview:-1"},"canonical":"https:\/\/www.montaioneintuscany.it\/fr\/decouvrir-montaione\/la-jerusalem-de-san-vivaldo\/annonciation\/","og_locale":"fr_FR","og_type":"article","og_title":"Montaioneintuscany - Annonciation","og_description":"D\u00e9couvrez la chapelle de l'Annonciation dans le J\u00e9rusalem de San Vivaldo : une chapelle mariale entre histoire et d\u00e9votion.","og_url":"https:\/\/www.montaioneintuscany.it\/fr\/decouvrir-montaione\/la-jerusalem-de-san-vivaldo\/annonciation\/","og_site_name":"Montaioneintuscany","article_modified_time":"2025-12-16T12:56:18+00:00","og_image":[{"url":"https:\/\/www.montaioneintuscany.it\/wp-content\/uploads\/2025\/11\/annunciazione-gallery-01.jpg","type":"","width":"","height":""}],"twitter_card":"summary_large_image","twitter_misc":{"Dur\u00e9e de lecture estim\u00e9e":"2 minutes"},"schema":{"@context":"https:\/\/schema.org","@graph":[{"@type":"WebPage","@id":"https:\/\/www.montaioneintuscany.it\/fr\/decouvrir-montaione\/la-jerusalem-de-san-vivaldo\/annonciation\/","url":"https:\/\/www.montaioneintuscany.it\/fr\/decouvrir-montaione\/la-jerusalem-de-san-vivaldo\/annonciation\/","name":"Montaioneintuscany - Annonciation","isPartOf":{"@id":"https:\/\/www.montaioneintuscany.it\/en\/#website"},"primaryImageOfPage":{"@id":"https:\/\/www.montaioneintuscany.it\/fr\/decouvrir-montaione\/la-jerusalem-de-san-vivaldo\/annonciation\/#primaryimage"},"image":{"@id":"https:\/\/www.montaioneintuscany.it\/fr\/decouvrir-montaione\/la-jerusalem-de-san-vivaldo\/annonciation\/#primaryimage"},"thumbnailUrl":"https:\/\/www.montaioneintuscany.it\/wp-content\/uploads\/2025\/11\/annunciazione-gallery-01.jpg","datePublished":"2025-11-24T19:56:56+00:00","dateModified":"2025-12-16T12:56:18+00:00","description":"D\u00e9couvrez la chapelle de l'Annonciation dans le J\u00e9rusalem de San Vivaldo : une chapelle mariale entre histoire et d\u00e9votion.","breadcrumb":{"@id":"https:\/\/www.montaioneintuscany.it\/fr\/decouvrir-montaione\/la-jerusalem-de-san-vivaldo\/annonciation\/#breadcrumb"},"inLanguage":"fr-FR","potentialAction":[{"@type":"ReadAction","target":["https:\/\/www.montaioneintuscany.it\/fr\/decouvrir-montaione\/la-jerusalem-de-san-vivaldo\/annonciation\/"]}]},{"@type":"ImageObject","inLanguage":"fr-FR","@id":"https:\/\/www.montaioneintuscany.it\/fr\/decouvrir-montaione\/la-jerusalem-de-san-vivaldo\/annonciation\/#primaryimage","url":"https:\/\/www.montaioneintuscany.it\/wp-content\/uploads\/2025\/11\/annunciazione-gallery-01.jpg","contentUrl":"https:\/\/www.montaioneintuscany.it\/wp-content\/uploads\/2025\/11\/annunciazione-gallery-01.jpg"},{"@type":"BreadcrumbList","@id":"https:\/\/www.montaioneintuscany.it\/fr\/decouvrir-montaione\/la-jerusalem-de-san-vivaldo\/annonciation\/#breadcrumb","itemListElement":[{"@type":"ListItem","position":1,"name":"Home","item":"https:\/\/www.montaioneintuscany.it\/"},{"@type":"ListItem","position":2,"name":"D\u00e9couvrir Montaione","item":"https:\/\/www.montaioneintuscany.it\/fr\/decouvrir-montaione\/"},{"@type":"ListItem","position":3,"name":"La \u201cJ\u00e9rusalem\u201d de San Vivaldo","item":"https:\/\/www.montaioneintuscany.it\/fr\/decouvrir-montaione\/la-jerusalem-de-san-vivaldo\/"},{"@type":"ListItem","position":4,"name":"Annonciation"}]},{"@type":"WebSite","@id":"https:\/\/www.montaioneintuscany.it\/en\/#website","url":"https:\/\/www.montaioneintuscany.it\/en\/","name":"Montaioneintuscany","description":"","publisher":{"@id":"https:\/\/www.montaioneintuscany.it\/en\/#organization"},"potentialAction":[{"@type":"SearchAction","target":{"@type":"EntryPoint","urlTemplate":"https:\/\/www.montaioneintuscany.it\/en\/?s={search_term_string}"},"query-input":{"@type":"PropertyValueSpecification","valueRequired":true,"valueName":"search_term_string"}}],"inLanguage":"fr-FR"},{"@type":"Organization","@id":"https:\/\/www.montaioneintuscany.it\/en\/#organization","name":"Montaioneintuscany","url":"https:\/\/www.montaioneintuscany.it\/en\/","logo":{"@type":"ImageObject","inLanguage":"fr-FR","@id":"https:\/\/www.montaioneintuscany.it\/en\/#\/schema\/logo\/image\/","url":"https:\/\/www.montaioneintuscany.it\/wp-content\/uploads\/2025\/10\/logo.svg","contentUrl":"https:\/\/www.montaioneintuscany.it\/wp-content\/uploads\/2025\/10\/logo.svg","width":247,"height":25,"caption":"Montaioneintuscany"},"image":{"@id":"https:\/\/www.montaioneintuscany.it\/en\/#\/schema\/logo\/image\/"}}]}},"_links":{"self":[{"href":"https:\/\/www.montaioneintuscany.it\/fr\/wp-json\/wp\/v2\/pages\/16219","targetHints":{"allow":["GET"]}}],"collection":[{"href":"https:\/\/www.montaioneintuscany.it\/fr\/wp-json\/wp\/v2\/pages"}],"about":[{"href":"https:\/\/www.montaioneintuscany.it\/fr\/wp-json\/wp\/v2\/types\/page"}],"author":[{"embeddable":true,"href":"https:\/\/www.montaioneintuscany.it\/fr\/wp-json\/wp\/v2\/users\/2"}],"replies":[{"embeddable":true,"href":"https:\/\/www.montaioneintuscany.it\/fr\/wp-json\/wp\/v2\/comments?post=16219"}],"version-history":[{"count":17,"href":"https:\/\/www.montaioneintuscany.it\/fr\/wp-json\/wp\/v2\/pages\/16219\/revisions"}],"predecessor-version":[{"id":18073,"href":"https:\/\/www.montaioneintuscany.it\/fr\/wp-json\/wp\/v2\/pages\/16219\/revisions\/18073"}],"up":[{"embeddable":true,"href":"https:\/\/www.montaioneintuscany.it\/fr\/wp-json\/wp\/v2\/pages\/16146"}],"wp:attachment":[{"href":"https:\/\/www.montaioneintuscany.it\/fr\/wp-json\/wp\/v2\/media?parent=16219"}],"curies":[{"name":"wp","href":"https:\/\/api.w.org\/{rel}","templated":true}]}}