{"id":15871,"date":"2025-11-23T21:27:21","date_gmt":"2025-11-23T20:27:21","guid":{"rendered":"https:\/\/montaione.filaretedev.it\/decouvrir-montaione\/cisterna-romana\/"},"modified":"2025-12-16T15:10:53","modified_gmt":"2025-12-16T14:10:53","slug":"citerne-romaine","status":"publish","type":"page","link":"https:\/\/www.montaioneintuscany.it\/fr\/decouvrir-montaione\/citerne-romaine\/","title":{"rendered":"Citerne Romaine"},"content":{"rendered":"\t\t<div data-elementor-type=\"wp-page\" data-elementor-id=\"15871\" class=\"elementor elementor-15871 elementor-14409\" data-elementor-post-type=\"page\">\n\t\t\t\t<div class=\"elementor-element elementor-element-68ca597e e-flex e-con-boxed e-con e-parent\" data-id=\"68ca597e\" data-element_type=\"container\" data-e-type=\"container\" data-settings=\"{&quot;background_background&quot;:&quot;classic&quot;}\">\n\t\t\t\t\t<div class=\"e-con-inner\">\n\t\t<div class=\"elementor-element elementor-element-3fc2e309 e-con-full mt-auto mb-4 e-flex e-con e-child\" data-id=\"3fc2e309\" data-element_type=\"container\" data-e-type=\"container\">\n\t\t\t\t<\/div>\n\t\t\t\t\t<\/div>\n\t\t\t\t<\/div>\n\t\t<div class=\"elementor-element elementor-element-56264b05 e-flex e-con-boxed e-con e-parent\" data-id=\"56264b05\" data-element_type=\"container\" data-e-type=\"container\">\n\t\t\t\t\t<div class=\"e-con-inner\">\n\t\t<div class=\"elementor-element elementor-element-453d8808 e-con-full e-flex e-con e-child\" data-id=\"453d8808\" data-element_type=\"container\" data-e-type=\"container\">\n\t\t\t\t<div class=\"elementor-element elementor-element-2879b279 elementor-widget elementor-widget-shortcode\" data-id=\"2879b279\" data-element_type=\"widget\" data-e-type=\"widget\" data-widget_type=\"shortcode.default\">\n\t\t\t\t\t\t\t<div class=\"elementor-shortcode\"><ul id=\"breadcrumbs\" class=\"breadcrumb w-100\"><li class=\"item-home\"><a class=\"bread-link bread-home\" href=\"https:\/\/www.montaioneintuscany.it\/fr\/\" title=\"Home\">Home<\/a><\/li><li class=\"separator separator-home\">  |  <\/li><\/ul><\/div>\n\t\t\t\t\t\t<\/div>\n\t\t\t\t<\/div>\n\t\t\t\t\t<\/div>\n\t\t\t\t<\/div>\n\t\t<div class=\"elementor-element elementor-element-d632185 py-5 e-flex e-con-boxed e-con e-parent\" data-id=\"d632185\" data-element_type=\"container\" data-e-type=\"container\">\n\t\t\t\t\t<div class=\"e-con-inner\">\n\t\t<div class=\"elementor-element elementor-element-4eded523 e-con-full e-flex e-con e-child\" data-id=\"4eded523\" data-element_type=\"container\" data-e-type=\"container\">\n\t\t\t\t<div class=\"elementor-element elementor-element-60e8c372 elementor-widget elementor-widget-text-editor\" data-id=\"60e8c372\" data-element_type=\"widget\" data-e-type=\"widget\" data-widget_type=\"text-editor.default\">\n\t\t\t\t\t\t\t\t\t<p><strong>Montaione<\/strong> est un village dont les origines remontent loin dans le temps, m\u00eame si ce n\u2019est qu\u2019\u00e0 partir du d\u00e9but du XIIe si\u00e8cle qu\u2019il existe des preuves documentaires du toponyme. Les sites \u00e9trusques et romains visibles dans les environs et les nombreuses d\u00e9couvertes expos\u00e9es au Mus\u00e9e Arch\u00e9ologique Civique sont les t\u00e9moignages tangibles d\u2019une longue histoire. Chaque lieu a son histoire, mais ce qui est unique, c\u2019est la mani\u00e8re dont les \u00e9poques fertilisent chaque territoire. Et nourris \u00e0 leur tour par l\u2019esprit des gens qui l\u2019habitent, ils donnent vie \u00e0 des stratifications urbaines, \u00e0 des expressions de civilisation qui n\u2019ont d\u2019\u00e9gales nulle part ailleurs.<\/p><p>L\u2019ancien village de Montaione est situ\u00e9 au sommet d\u2019une colline \u00e0 342 m\u00e8tres d\u2019altitude. De l\u00e0, une terrasse de jardin orient\u00e9e au nord permet d\u2019avoir une vue tr\u00e8s large sur la Valdelsa et le Valdarno, et d\u2019embrasser du regard les montagnes des Apennins toscans. Montaione est devenu un ch\u00e2teau entre les XIIe et XIIIe si\u00e8cles, et un document de 1257 nous apprend qu\u2019\u00e0 cette \u00e9poque existait d\u00e9j\u00e0 la commune autonome de Montaione, qui en 1369 deviendra partie de la R\u00e9publique de Florence. Le ch\u00e2teau de Montaione avait une forme ovale, \u00e9tait prot\u00e9g\u00e9 par un robuste mur d\u2019enceinte renforc\u00e9 par 11 tours et accessible par deux portes principales, la Porta Fiorentina, \u00e9galement connue sous le nom de \u00ab grande porte \u00bb, et la Porta Pisana, connue sous le nom de \u00ab petite porte\u2019. Le tissu urbain reposait sur des b\u00e2timents dispos\u00e9s en rang\u00e9es selon un sch\u00e9ma compos\u00e9 de trois rues parall\u00e8les, reli\u00e9es par des ruelles tr\u00e8s \u00e9troites et domin\u00e9es par la place centrale.<\/p><p>Le principal \u00e9difice religieux de Montaione, l\u2019\u00e9glise de San Regolo avec son clocher, surplombe encore aujourd\u2019hui la place, et \u00e0 proximit\u00e9 imm\u00e9diate se trouve l\u2019ancien Palazzo Pretorio avec une fa\u00e7ade orn\u00e9e d\u2019armoiries en pierre et terre cuite, contemporaines de la fortification. Plus tard se trouve un autre b\u00e2timent prestigieux, le Palazzo Mannaioni, une r\u00e9sidence historique datant du XVIe si\u00e8cle, construite par une famille de notaires florentins qui se sont install\u00e9s \u00e0 Montaione.<\/p><p>Les si\u00e8cles ont apport\u00e9 de nombreuses transformations : les murs de la ville, encore visibles dans le cadastre de Leopoldino, ont \u00e9t\u00e9 perdus ; des 11 tours d\u00e9fensives, il en reste une du c\u00f4t\u00e9 nord, devenue r\u00e9sidence priv\u00e9e ; le projet a subi une expansion dans la partie sud, o\u00f9 s\u2019est form\u00e9e la charmante Piazzetta Branchi ; les berges sont devenues des potagers ou des jardins ; les deux portes furent d\u00e9truites pendant la Seconde Guerre mondiale. Le ch\u00e2teau a n\u00e9anmoins conserv\u00e9 son trac\u00e9 m\u00e9di\u00e9val. Les rues, ruelles et places, dans lesquelles s\u2019ouvraient autrefois les ateliers artisanaux de potiers et de forgerons, les fours \u00e0 tuiles et surtout ceux de fabrication de verre, sont rest\u00e9es les m\u00eames ; le p\u00e9rim\u00e8tre des anciens murs est encore bien visible, les principaux acc\u00e8s correspondant aux portes d\u00e9truites ; et en vous promenant, vous remarquerez que les entr\u00e9es de nombreuses entreprises commerciales d\u2019aujourd\u2019hui sont encore flanqu\u00e9es d\u2019une fen\u00eatre, comme c\u2019\u00e9tait le cas dans les anciennes boutiques d\u2019artisans.<\/p><p>Toutes ces caract\u00e9ristiques, combin\u00e9es \u00e0 la beaut\u00e9 de la r\u00e9gion, font de Montaione l\u2019un des plus beaux villages d\u2019Italie.<\/p><p><strong>Citerne Romaine<br \/><\/strong><strong>43.535490, 10.923714<\/strong><\/p>\t\t\t\t\t\t\t\t<\/div>\n\t\t\t\t<div class=\"elementor-element elementor-element-f1a873d elementor-arrows-position-outside pb-5 elementor-widget elementor-widget-image-carousel\" data-id=\"f1a873d\" data-element_type=\"widget\" data-e-type=\"widget\" data-settings=\"{&quot;navigation&quot;:&quot;arrows&quot;,&quot;autoplay&quot;:&quot;yes&quot;,&quot;pause_on_hover&quot;:&quot;yes&quot;,&quot;pause_on_interaction&quot;:&quot;yes&quot;,&quot;autoplay_speed&quot;:5000,&quot;infinite&quot;:&quot;yes&quot;,&quot;speed&quot;:500,&quot;image_spacing_custom&quot;:{&quot;unit&quot;:&quot;px&quot;,&quot;size&quot;:20,&quot;sizes&quot;:[]},&quot;image_spacing_custom_tablet&quot;:{&quot;unit&quot;:&quot;px&quot;,&quot;size&quot;:&quot;&quot;,&quot;sizes&quot;:[]},&quot;image_spacing_custom_mobile&quot;:{&quot;unit&quot;:&quot;px&quot;,&quot;size&quot;:&quot;&quot;,&quot;sizes&quot;:[]}}\" data-widget_type=\"image-carousel.default\">\n\t\t\t\t\t\t\t<div class=\"elementor-image-carousel-wrapper swiper\" role=\"region\" aria-roledescription=\"carousel\" aria-label=\"Carosello d&#039;immagini\" dir=\"ltr\">\n\t\t\t<div class=\"elementor-image-carousel swiper-wrapper\" aria-live=\"off\">\n\t\t\t\t\t\t\t\t<div class=\"swiper-slide\" role=\"group\" aria-roledescription=\"slide\" aria-label=\"1 sur 6\"><a data-elementor-open-lightbox=\"yes\" data-elementor-lightbox-slideshow=\"f1a873d\" data-elementor-lightbox-title=\"cisternaromana-gallery-03\" data-e-action-hash=\"#elementor-action%3Aaction%3Dlightbox%26settings%3DeyJpZCI6MTU4NjQsInVybCI6Imh0dHBzOlwvXC93d3cubW9udGFpb25laW50dXNjYW55Lml0XC93cC1jb250ZW50XC91cGxvYWRzXC8yMDI1XC8xMVwvY2lzdGVybmFyb21hbmEtZ2FsbGVyeS0wMy5qcGciLCJzbGlkZXNob3ciOiJmMWE4NzNkIn0%3D\" href=\"https:\/\/www.montaioneintuscany.it\/wp-content\/uploads\/2025\/11\/cisternaromana-gallery-03.jpg\"><figure class=\"swiper-slide-inner\"><img decoding=\"async\" class=\"swiper-slide-image\" src=\"https:\/\/www.montaioneintuscany.it\/wp-content\/uploads\/2025\/11\/cisternaromana-gallery-03.jpg\" alt=\"cisternaromana-gallery-03\" \/><\/figure><\/a><\/div><div class=\"swiper-slide\" role=\"group\" aria-roledescription=\"slide\" aria-label=\"2 sur 6\"><a data-elementor-open-lightbox=\"yes\" data-elementor-lightbox-slideshow=\"f1a873d\" data-elementor-lightbox-title=\"cisternaromana-gallery-02\" data-e-action-hash=\"#elementor-action%3Aaction%3Dlightbox%26settings%3DeyJpZCI6MTU4NjUsInVybCI6Imh0dHBzOlwvXC93d3cubW9udGFpb25laW50dXNjYW55Lml0XC93cC1jb250ZW50XC91cGxvYWRzXC8yMDI1XC8xMVwvY2lzdGVybmFyb21hbmEtZ2FsbGVyeS0wMi5qcGciLCJzbGlkZXNob3ciOiJmMWE4NzNkIn0%3D\" href=\"https:\/\/www.montaioneintuscany.it\/wp-content\/uploads\/2025\/11\/cisternaromana-gallery-02.jpg\"><figure class=\"swiper-slide-inner\"><img decoding=\"async\" class=\"swiper-slide-image\" src=\"https:\/\/www.montaioneintuscany.it\/wp-content\/uploads\/2025\/11\/cisternaromana-gallery-02.jpg\" alt=\"cisternaromana-gallery-02\" \/><\/figure><\/a><\/div><div class=\"swiper-slide\" role=\"group\" aria-roledescription=\"slide\" aria-label=\"3 sur 6\"><a data-elementor-open-lightbox=\"yes\" data-elementor-lightbox-slideshow=\"f1a873d\" data-elementor-lightbox-title=\"cisternaromana-gallery-01\" data-e-action-hash=\"#elementor-action%3Aaction%3Dlightbox%26settings%3DeyJpZCI6MTU4NjYsInVybCI6Imh0dHBzOlwvXC93d3cubW9udGFpb25laW50dXNjYW55Lml0XC93cC1jb250ZW50XC91cGxvYWRzXC8yMDI1XC8xMVwvY2lzdGVybmFyb21hbmEtZ2FsbGVyeS0wMS5qcGciLCJzbGlkZXNob3ciOiJmMWE4NzNkIn0%3D\" href=\"https:\/\/www.montaioneintuscany.it\/wp-content\/uploads\/2025\/11\/cisternaromana-gallery-01.jpg\"><figure class=\"swiper-slide-inner\"><img decoding=\"async\" class=\"swiper-slide-image\" src=\"https:\/\/www.montaioneintuscany.it\/wp-content\/uploads\/2025\/11\/cisternaromana-gallery-01.jpg\" alt=\"cisternaromana-gallery-01\" \/><\/figure><\/a><\/div><div class=\"swiper-slide\" role=\"group\" aria-roledescription=\"slide\" aria-label=\"4 sur 6\"><a data-elementor-open-lightbox=\"yes\" data-elementor-lightbox-slideshow=\"f1a873d\" data-elementor-lightbox-title=\"cisternaromana-gallery-06\" data-e-action-hash=\"#elementor-action%3Aaction%3Dlightbox%26settings%3DeyJpZCI6MTU4NjcsInVybCI6Imh0dHBzOlwvXC93d3cubW9udGFpb25laW50dXNjYW55Lml0XC93cC1jb250ZW50XC91cGxvYWRzXC8yMDI1XC8xMVwvY2lzdGVybmFyb21hbmEtZ2FsbGVyeS0wNi5qcGciLCJzbGlkZXNob3ciOiJmMWE4NzNkIn0%3D\" href=\"https:\/\/www.montaioneintuscany.it\/wp-content\/uploads\/2025\/11\/cisternaromana-gallery-06.jpg\"><figure class=\"swiper-slide-inner\"><img decoding=\"async\" class=\"swiper-slide-image\" src=\"https:\/\/www.montaioneintuscany.it\/wp-content\/uploads\/2025\/11\/cisternaromana-gallery-06.jpg\" alt=\"cisternaromana-gallery-06\" \/><\/figure><\/a><\/div><div class=\"swiper-slide\" role=\"group\" aria-roledescription=\"slide\" aria-label=\"5 sur 6\"><a data-elementor-open-lightbox=\"yes\" data-elementor-lightbox-slideshow=\"f1a873d\" data-elementor-lightbox-title=\"cisternaromana-gallery-05\" data-e-action-hash=\"#elementor-action%3Aaction%3Dlightbox%26settings%3DeyJpZCI6MTU4NjgsInVybCI6Imh0dHBzOlwvXC93d3cubW9udGFpb25laW50dXNjYW55Lml0XC93cC1jb250ZW50XC91cGxvYWRzXC8yMDI1XC8xMVwvY2lzdGVybmFyb21hbmEtZ2FsbGVyeS0wNS5qcGciLCJzbGlkZXNob3ciOiJmMWE4NzNkIn0%3D\" href=\"https:\/\/www.montaioneintuscany.it\/wp-content\/uploads\/2025\/11\/cisternaromana-gallery-05.jpg\"><figure class=\"swiper-slide-inner\"><img decoding=\"async\" class=\"swiper-slide-image\" src=\"https:\/\/www.montaioneintuscany.it\/wp-content\/uploads\/2025\/11\/cisternaromana-gallery-05.jpg\" alt=\"cisternaromana-gallery-05\" \/><\/figure><\/a><\/div><div class=\"swiper-slide\" role=\"group\" aria-roledescription=\"slide\" aria-label=\"6 sur 6\"><a data-elementor-open-lightbox=\"yes\" data-elementor-lightbox-slideshow=\"f1a873d\" data-elementor-lightbox-title=\"cisternaromana-gallery-04\" data-e-action-hash=\"#elementor-action%3Aaction%3Dlightbox%26settings%3DeyJpZCI6MTU4NjksInVybCI6Imh0dHBzOlwvXC93d3cubW9udGFpb25laW50dXNjYW55Lml0XC93cC1jb250ZW50XC91cGxvYWRzXC8yMDI1XC8xMVwvY2lzdGVybmFyb21hbmEtZ2FsbGVyeS0wNC5qcGciLCJzbGlkZXNob3ciOiJmMWE4NzNkIn0%3D\" href=\"https:\/\/www.montaioneintuscany.it\/wp-content\/uploads\/2025\/11\/cisternaromana-gallery-04.jpg\"><figure class=\"swiper-slide-inner\"><img decoding=\"async\" class=\"swiper-slide-image\" src=\"https:\/\/www.montaioneintuscany.it\/wp-content\/uploads\/2025\/11\/cisternaromana-gallery-04.jpg\" alt=\"cisternaromana-gallery-04\" \/><\/figure><\/a><\/div>\t\t\t<\/div>\n\t\t\t\t\t\t\t\t\t\t\t\t<div class=\"elementor-swiper-button elementor-swiper-button-prev\" role=\"button\" tabindex=\"0\">\n\t\t\t\t\t\t<svg xmlns=\"http:\/\/www.w3.org\/2000\/svg\" xmlns:xlink=\"http:\/\/www.w3.org\/1999\/xlink\" id=\"Livello_1\" x=\"0px\" y=\"0px\" width=\"75px\" height=\"75px\" viewBox=\"0 0 75 75\" style=\"enable-background:new 0 0 75 75;\" xml:space=\"preserve\"><style type=\"text\/css\">\t.st0{fill:#375140;}\t.st1{fill:none;stroke:#E5E9DD;stroke-width:3;}<\/style><circle class=\"st0\" cx=\"37.5\" cy=\"37.5\" r=\"37.5\"><\/circle><path class=\"st1\" d=\"M34.2,47.4L25,38.2l9.2-9.2 M25,38.2h25\"><\/path><\/svg>\t\t\t\t\t<\/div>\n\t\t\t\t\t<div class=\"elementor-swiper-button elementor-swiper-button-next\" role=\"button\" tabindex=\"0\">\n\t\t\t\t\t\t<svg xmlns=\"http:\/\/www.w3.org\/2000\/svg\" xmlns:xlink=\"http:\/\/www.w3.org\/1999\/xlink\" id=\"Livello_1\" x=\"0px\" y=\"0px\" width=\"75px\" height=\"75px\" viewBox=\"0 0 75 75\" style=\"enable-background:new 0 0 75 75;\" xml:space=\"preserve\"><style type=\"text\/css\">\t.st0{fill:#375140;}\t.st1{fill:none;stroke:#E5E9DD;stroke-width:3;}<\/style><circle class=\"st0\" cx=\"37.5\" cy=\"37.5\" r=\"37.5\"><\/circle><path class=\"st1\" d=\"M40.8,27.6l9.2,9.2L40.8,46 M50,36.8H25\"><\/path><\/svg>\t\t\t\t\t<\/div>\n\t\t\t\t\n\t\t\t\t\t\t\t\t\t<\/div>\n\t\t\t\t\t\t<\/div>\n\t\t\t\t<div class=\"elementor-element elementor-element-25eb23a elementor-widget elementor-widget-google_maps\" data-id=\"25eb23a\" data-element_type=\"widget\" data-e-type=\"widget\" data-widget_type=\"google_maps.default\">\n\t\t\t\t\t\t\t<div class=\"elementor-custom-embed\">\n\t\t\t<iframe loading=\"lazy\"\n\t\t\t\t\tsrc=\"https:\/\/maps.google.com\/maps?q=cisterna%20romana%20montaione&#038;t=m&#038;z=14&#038;output=embed&#038;iwloc=near\"\n\t\t\t\t\ttitle=\"cisterna romana montaione\"\n\t\t\t\t\taria-label=\"cisterna romana montaione\"\n\t\t\t><\/iframe>\n\t\t<\/div>\n\t\t\t\t\t\t<\/div>\n\t\t\t\t<\/div>\n\t\t\t\t\t<\/div>\n\t\t\t\t<\/div>\n\t\t\t\t<\/div>\n\t\t","protected":false},"excerpt":{"rendered":"<p>Montaione est un village dont les origines remontent loin dans le temps, m\u00eame si ce n\u2019est qu\u2019\u00e0 partir du d\u00e9but du XIIe si\u00e8cle qu\u2019il existe des preuves documentaires du toponyme. Les sites \u00e9trusques et romains visibles dans les environs et les nombreuses d\u00e9couvertes expos\u00e9es au Mus\u00e9e Arch\u00e9ologique Civique sont les t\u00e9moignages tangibles d\u2019une longue histoire. [&hellip;]<\/p>\n","protected":false},"author":2,"featured_media":0,"parent":13881,"menu_order":0,"comment_status":"closed","ping_status":"closed","template":"","meta":{"_acf_changed":false,"footnotes":""},"class_list":["post-15871","page","type-page","status-publish","hentry"],"acf":[],"yoast_head":"<!-- This site is optimized with the Yoast SEO plugin v27.3 - https:\/\/yoast.com\/product\/yoast-seo-wordpress\/ -->\n<title>Montaioneintuscany - Citerne Romaine<\/title>\n<meta name=\"description\" content=\"Visitez la citerne romaine de Montaione : l&#039;un des vestiges romains les plus importants de la Valdelsa, nich\u00e9 dans les collines toscanes pr\u00e8s du village.\" \/>\n<meta name=\"robots\" content=\"index, follow, max-snippet:-1, max-image-preview:large, max-video-preview:-1\" \/>\n<link rel=\"canonical\" href=\"https:\/\/www.montaioneintuscany.it\/fr\/decouvrir-montaione\/citerne-romaine\/\" \/>\n<meta property=\"og:locale\" content=\"fr_FR\" \/>\n<meta property=\"og:type\" content=\"article\" \/>\n<meta property=\"og:title\" content=\"Montaioneintuscany - Citerne Romaine\" \/>\n<meta property=\"og:description\" content=\"Visitez la citerne romaine de Montaione : l&#039;un des vestiges romains les plus importants de la Valdelsa, nich\u00e9 dans les collines toscanes pr\u00e8s du village.\" \/>\n<meta property=\"og:url\" content=\"https:\/\/www.montaioneintuscany.it\/fr\/decouvrir-montaione\/citerne-romaine\/\" \/>\n<meta property=\"og:site_name\" content=\"Montaioneintuscany\" \/>\n<meta property=\"article:modified_time\" content=\"2025-12-16T14:10:53+00:00\" \/>\n<meta property=\"og:image\" content=\"https:\/\/www.montaioneintuscany.it\/wp-content\/uploads\/2025\/11\/cisternaromana-gallery-03.jpg\" \/>\n<meta name=\"twitter:card\" content=\"summary_large_image\" \/>\n<meta name=\"twitter:label1\" content=\"Dur\u00e9e de lecture estim\u00e9e\" \/>\n\t<meta name=\"twitter:data1\" content=\"6 minutes\" \/>\n<script type=\"application\/ld+json\" class=\"yoast-schema-graph\">{\"@context\":\"https:\\\/\\\/schema.org\",\"@graph\":[{\"@type\":\"WebPage\",\"@id\":\"https:\\\/\\\/www.montaioneintuscany.it\\\/fr\\\/decouvrir-montaione\\\/citerne-romaine\\\/\",\"url\":\"https:\\\/\\\/www.montaioneintuscany.it\\\/fr\\\/decouvrir-montaione\\\/citerne-romaine\\\/\",\"name\":\"Montaioneintuscany - Citerne Romaine\",\"isPartOf\":{\"@id\":\"https:\\\/\\\/www.montaioneintuscany.it\\\/en\\\/#website\"},\"primaryImageOfPage\":{\"@id\":\"https:\\\/\\\/www.montaioneintuscany.it\\\/fr\\\/decouvrir-montaione\\\/citerne-romaine\\\/#primaryimage\"},\"image\":{\"@id\":\"https:\\\/\\\/www.montaioneintuscany.it\\\/fr\\\/decouvrir-montaione\\\/citerne-romaine\\\/#primaryimage\"},\"thumbnailUrl\":\"https:\\\/\\\/www.montaioneintuscany.it\\\/wp-content\\\/uploads\\\/2025\\\/11\\\/cisternaromana-gallery-03.jpg\",\"datePublished\":\"2025-11-23T20:27:21+00:00\",\"dateModified\":\"2025-12-16T14:10:53+00:00\",\"description\":\"Visitez la citerne romaine de Montaione : l'un des vestiges romains les plus importants de la Valdelsa, nich\u00e9 dans les collines toscanes pr\u00e8s du village.\",\"breadcrumb\":{\"@id\":\"https:\\\/\\\/www.montaioneintuscany.it\\\/fr\\\/decouvrir-montaione\\\/citerne-romaine\\\/#breadcrumb\"},\"inLanguage\":\"fr-FR\",\"potentialAction\":[{\"@type\":\"ReadAction\",\"target\":[\"https:\\\/\\\/www.montaioneintuscany.it\\\/fr\\\/decouvrir-montaione\\\/citerne-romaine\\\/\"]}]},{\"@type\":\"ImageObject\",\"inLanguage\":\"fr-FR\",\"@id\":\"https:\\\/\\\/www.montaioneintuscany.it\\\/fr\\\/decouvrir-montaione\\\/citerne-romaine\\\/#primaryimage\",\"url\":\"https:\\\/\\\/www.montaioneintuscany.it\\\/wp-content\\\/uploads\\\/2025\\\/11\\\/cisternaromana-gallery-03.jpg\",\"contentUrl\":\"https:\\\/\\\/www.montaioneintuscany.it\\\/wp-content\\\/uploads\\\/2025\\\/11\\\/cisternaromana-gallery-03.jpg\"},{\"@type\":\"BreadcrumbList\",\"@id\":\"https:\\\/\\\/www.montaioneintuscany.it\\\/fr\\\/decouvrir-montaione\\\/citerne-romaine\\\/#breadcrumb\",\"itemListElement\":[{\"@type\":\"ListItem\",\"position\":1,\"name\":\"Home\",\"item\":\"https:\\\/\\\/www.montaioneintuscany.it\\\/\"},{\"@type\":\"ListItem\",\"position\":2,\"name\":\"D\u00e9couvrir Montaione\",\"item\":\"https:\\\/\\\/www.montaioneintuscany.it\\\/fr\\\/decouvrir-montaione\\\/\"},{\"@type\":\"ListItem\",\"position\":3,\"name\":\"Citerne Romaine\"}]},{\"@type\":\"WebSite\",\"@id\":\"https:\\\/\\\/www.montaioneintuscany.it\\\/en\\\/#website\",\"url\":\"https:\\\/\\\/www.montaioneintuscany.it\\\/en\\\/\",\"name\":\"Montaioneintuscany\",\"description\":\"\",\"publisher\":{\"@id\":\"https:\\\/\\\/www.montaioneintuscany.it\\\/en\\\/#organization\"},\"potentialAction\":[{\"@type\":\"SearchAction\",\"target\":{\"@type\":\"EntryPoint\",\"urlTemplate\":\"https:\\\/\\\/www.montaioneintuscany.it\\\/en\\\/?s={search_term_string}\"},\"query-input\":{\"@type\":\"PropertyValueSpecification\",\"valueRequired\":true,\"valueName\":\"search_term_string\"}}],\"inLanguage\":\"fr-FR\"},{\"@type\":\"Organization\",\"@id\":\"https:\\\/\\\/www.montaioneintuscany.it\\\/en\\\/#organization\",\"name\":\"Montaioneintuscany\",\"url\":\"https:\\\/\\\/www.montaioneintuscany.it\\\/en\\\/\",\"logo\":{\"@type\":\"ImageObject\",\"inLanguage\":\"fr-FR\",\"@id\":\"https:\\\/\\\/www.montaioneintuscany.it\\\/en\\\/#\\\/schema\\\/logo\\\/image\\\/\",\"url\":\"https:\\\/\\\/www.montaioneintuscany.it\\\/wp-content\\\/uploads\\\/2025\\\/10\\\/logo.svg\",\"contentUrl\":\"https:\\\/\\\/www.montaioneintuscany.it\\\/wp-content\\\/uploads\\\/2025\\\/10\\\/logo.svg\",\"width\":247,\"height\":25,\"caption\":\"Montaioneintuscany\"},\"image\":{\"@id\":\"https:\\\/\\\/www.montaioneintuscany.it\\\/en\\\/#\\\/schema\\\/logo\\\/image\\\/\"}}]}<\/script>\n<!-- \/ Yoast SEO plugin. -->","yoast_head_json":{"title":"Montaioneintuscany - Citerne Romaine","description":"Visitez la citerne romaine de Montaione : l'un des vestiges romains les plus importants de la Valdelsa, nich\u00e9 dans les collines toscanes pr\u00e8s du village.","robots":{"index":"index","follow":"follow","max-snippet":"max-snippet:-1","max-image-preview":"max-image-preview:large","max-video-preview":"max-video-preview:-1"},"canonical":"https:\/\/www.montaioneintuscany.it\/fr\/decouvrir-montaione\/citerne-romaine\/","og_locale":"fr_FR","og_type":"article","og_title":"Montaioneintuscany - Citerne Romaine","og_description":"Visitez la citerne romaine de Montaione : l'un des vestiges romains les plus importants de la Valdelsa, nich\u00e9 dans les collines toscanes pr\u00e8s du village.","og_url":"https:\/\/www.montaioneintuscany.it\/fr\/decouvrir-montaione\/citerne-romaine\/","og_site_name":"Montaioneintuscany","article_modified_time":"2025-12-16T14:10:53+00:00","og_image":[{"url":"https:\/\/www.montaioneintuscany.it\/wp-content\/uploads\/2025\/11\/cisternaromana-gallery-03.jpg","type":"","width":"","height":""}],"twitter_card":"summary_large_image","twitter_misc":{"Dur\u00e9e de lecture estim\u00e9e":"6 minutes"},"schema":{"@context":"https:\/\/schema.org","@graph":[{"@type":"WebPage","@id":"https:\/\/www.montaioneintuscany.it\/fr\/decouvrir-montaione\/citerne-romaine\/","url":"https:\/\/www.montaioneintuscany.it\/fr\/decouvrir-montaione\/citerne-romaine\/","name":"Montaioneintuscany - Citerne Romaine","isPartOf":{"@id":"https:\/\/www.montaioneintuscany.it\/en\/#website"},"primaryImageOfPage":{"@id":"https:\/\/www.montaioneintuscany.it\/fr\/decouvrir-montaione\/citerne-romaine\/#primaryimage"},"image":{"@id":"https:\/\/www.montaioneintuscany.it\/fr\/decouvrir-montaione\/citerne-romaine\/#primaryimage"},"thumbnailUrl":"https:\/\/www.montaioneintuscany.it\/wp-content\/uploads\/2025\/11\/cisternaromana-gallery-03.jpg","datePublished":"2025-11-23T20:27:21+00:00","dateModified":"2025-12-16T14:10:53+00:00","description":"Visitez la citerne romaine de Montaione : l'un des vestiges romains les plus importants de la Valdelsa, nich\u00e9 dans les collines toscanes pr\u00e8s du village.","breadcrumb":{"@id":"https:\/\/www.montaioneintuscany.it\/fr\/decouvrir-montaione\/citerne-romaine\/#breadcrumb"},"inLanguage":"fr-FR","potentialAction":[{"@type":"ReadAction","target":["https:\/\/www.montaioneintuscany.it\/fr\/decouvrir-montaione\/citerne-romaine\/"]}]},{"@type":"ImageObject","inLanguage":"fr-FR","@id":"https:\/\/www.montaioneintuscany.it\/fr\/decouvrir-montaione\/citerne-romaine\/#primaryimage","url":"https:\/\/www.montaioneintuscany.it\/wp-content\/uploads\/2025\/11\/cisternaromana-gallery-03.jpg","contentUrl":"https:\/\/www.montaioneintuscany.it\/wp-content\/uploads\/2025\/11\/cisternaromana-gallery-03.jpg"},{"@type":"BreadcrumbList","@id":"https:\/\/www.montaioneintuscany.it\/fr\/decouvrir-montaione\/citerne-romaine\/#breadcrumb","itemListElement":[{"@type":"ListItem","position":1,"name":"Home","item":"https:\/\/www.montaioneintuscany.it\/"},{"@type":"ListItem","position":2,"name":"D\u00e9couvrir Montaione","item":"https:\/\/www.montaioneintuscany.it\/fr\/decouvrir-montaione\/"},{"@type":"ListItem","position":3,"name":"Citerne Romaine"}]},{"@type":"WebSite","@id":"https:\/\/www.montaioneintuscany.it\/en\/#website","url":"https:\/\/www.montaioneintuscany.it\/en\/","name":"Montaioneintuscany","description":"","publisher":{"@id":"https:\/\/www.montaioneintuscany.it\/en\/#organization"},"potentialAction":[{"@type":"SearchAction","target":{"@type":"EntryPoint","urlTemplate":"https:\/\/www.montaioneintuscany.it\/en\/?s={search_term_string}"},"query-input":{"@type":"PropertyValueSpecification","valueRequired":true,"valueName":"search_term_string"}}],"inLanguage":"fr-FR"},{"@type":"Organization","@id":"https:\/\/www.montaioneintuscany.it\/en\/#organization","name":"Montaioneintuscany","url":"https:\/\/www.montaioneintuscany.it\/en\/","logo":{"@type":"ImageObject","inLanguage":"fr-FR","@id":"https:\/\/www.montaioneintuscany.it\/en\/#\/schema\/logo\/image\/","url":"https:\/\/www.montaioneintuscany.it\/wp-content\/uploads\/2025\/10\/logo.svg","contentUrl":"https:\/\/www.montaioneintuscany.it\/wp-content\/uploads\/2025\/10\/logo.svg","width":247,"height":25,"caption":"Montaioneintuscany"},"image":{"@id":"https:\/\/www.montaioneintuscany.it\/en\/#\/schema\/logo\/image\/"}}]}},"_links":{"self":[{"href":"https:\/\/www.montaioneintuscany.it\/fr\/wp-json\/wp\/v2\/pages\/15871","targetHints":{"allow":["GET"]}}],"collection":[{"href":"https:\/\/www.montaioneintuscany.it\/fr\/wp-json\/wp\/v2\/pages"}],"about":[{"href":"https:\/\/www.montaioneintuscany.it\/fr\/wp-json\/wp\/v2\/types\/page"}],"author":[{"embeddable":true,"href":"https:\/\/www.montaioneintuscany.it\/fr\/wp-json\/wp\/v2\/users\/2"}],"replies":[{"embeddable":true,"href":"https:\/\/www.montaioneintuscany.it\/fr\/wp-json\/wp\/v2\/comments?post=15871"}],"version-history":[{"count":14,"href":"https:\/\/www.montaioneintuscany.it\/fr\/wp-json\/wp\/v2\/pages\/15871\/revisions"}],"predecessor-version":[{"id":18174,"href":"https:\/\/www.montaioneintuscany.it\/fr\/wp-json\/wp\/v2\/pages\/15871\/revisions\/18174"}],"up":[{"embeddable":true,"href":"https:\/\/www.montaioneintuscany.it\/fr\/wp-json\/wp\/v2\/pages\/13881"}],"wp:attachment":[{"href":"https:\/\/www.montaioneintuscany.it\/fr\/wp-json\/wp\/v2\/media?parent=15871"}],"curies":[{"name":"wp","href":"https:\/\/api.w.org\/{rel}","templated":true}]}}