{"id":15829,"date":"2025-11-23T20:59:48","date_gmt":"2025-11-23T19:59:48","guid":{"rendered":"https:\/\/montaione.filaretedev.it\/decouvrir-montaione\/la-via-francigena\/"},"modified":"2025-12-16T15:01:22","modified_gmt":"2025-12-16T14:01:22","slug":"la-via-francigena","status":"publish","type":"page","link":"https:\/\/www.montaioneintuscany.it\/fr\/decouvrir-montaione\/la-via-francigena\/","title":{"rendered":"La Via Francigena"},"content":{"rendered":"\t\t<div data-elementor-type=\"wp-page\" data-elementor-id=\"15829\" class=\"elementor elementor-15829 elementor-14369\" data-elementor-post-type=\"page\">\n\t\t\t\t<div class=\"elementor-element elementor-element-5e10fac4 e-flex e-con-boxed e-con e-parent\" data-id=\"5e10fac4\" data-element_type=\"container\" data-e-type=\"container\" data-settings=\"{&quot;background_background&quot;:&quot;classic&quot;}\">\n\t\t\t\t\t<div class=\"e-con-inner\">\n\t\t<div class=\"elementor-element elementor-element-23562677 e-con-full mt-auto mb-4 e-flex e-con e-child\" data-id=\"23562677\" data-element_type=\"container\" data-e-type=\"container\">\n\t\t\t\t<\/div>\n\t\t\t\t\t<\/div>\n\t\t\t\t<\/div>\n\t\t<div class=\"elementor-element elementor-element-6e142d04 e-flex e-con-boxed e-con e-parent\" data-id=\"6e142d04\" data-element_type=\"container\" data-e-type=\"container\">\n\t\t\t\t\t<div class=\"e-con-inner\">\n\t\t<div class=\"elementor-element elementor-element-21fdbdfc e-con-full e-flex e-con e-child\" data-id=\"21fdbdfc\" data-element_type=\"container\" data-e-type=\"container\">\n\t\t\t\t<div class=\"elementor-element elementor-element-142de73 elementor-widget elementor-widget-shortcode\" data-id=\"142de73\" data-element_type=\"widget\" data-e-type=\"widget\" data-widget_type=\"shortcode.default\">\n\t\t\t\t\t\t\t<div class=\"elementor-shortcode\"><ul id=\"breadcrumbs\" class=\"breadcrumb w-100\"><li class=\"item-home\"><a class=\"bread-link bread-home\" href=\"https:\/\/www.montaioneintuscany.it\/fr\/\" title=\"Home\">Home<\/a><\/li><li class=\"separator separator-home\">  |  <\/li><\/ul><\/div>\n\t\t\t\t\t\t<\/div>\n\t\t\t\t<\/div>\n\t\t\t\t\t<\/div>\n\t\t\t\t<\/div>\n\t\t<div class=\"elementor-element elementor-element-4afc5c99 py-5 e-flex e-con-boxed e-con e-parent\" data-id=\"4afc5c99\" data-element_type=\"container\" data-e-type=\"container\">\n\t\t\t\t\t<div class=\"e-con-inner\">\n\t\t<div class=\"elementor-element elementor-element-48b301c8 e-con-full e-flex e-con e-child\" data-id=\"48b301c8\" data-element_type=\"container\" data-e-type=\"container\">\n\t\t\t\t<div class=\"elementor-element elementor-element-d3eca36 elementor-widget elementor-widget-heading\" data-id=\"d3eca36\" data-element_type=\"widget\" data-e-type=\"widget\" data-widget_type=\"heading.default\">\n\t\t\t\t\t<h2 class=\"elementor-heading-title elementor-size-default\">La <i>Via Francigena<\/i>, sur les traces des p\u00e8lerins<\/h2>\t\t\t\t<\/div>\n\t\t\t\t<div class=\"elementor-element elementor-element-5922b041 elementor-widget elementor-widget-text-editor\" data-id=\"5922b041\" data-element_type=\"widget\" data-e-type=\"widget\" data-widget_type=\"text-editor.default\">\n\t\t\t\t\t\t\t\t\t<p>La Via Francigena \u00e9tait l\u2019ancien syst\u00e8me routier de commerce et de p\u00e8lerinages qui, au Moyen \u00c2ge, reliait l\u2019Europe du Nord \u00e0 Rome. Le trac\u00e9 d\u2019aujourd\u2019hui, reconnu comme Itin\u00e9raire Culturel Europ\u00e9en par le Conseil de l\u2019Europe, suit le chemin accompli en 990 par Sigerico, archev\u00eaque de Canterbury, qui, faisant son retour de Rome vers l\u2019Angleterre, il a \u00e9crit un journal de voyage. Il lui fallut 79 jours pour parcourir, presque toujours \u00e0 pied, les quelque 1600 km qui le s\u00e9paraient de la destination, en notant chaque \u00e9tape de son voyage et en d\u00e9crivant les lieux qui suscitaient le plus son int\u00e9r\u00eat.<\/p><p>Se mettre aujourd\u2019hui en marche sur la Francigena, sur les traces des p\u00e8lerins qui, des \u00eeles britanniques, du Royaume des Francs, des r\u00e9gions les plus recul\u00e9es de l\u2019Empire, se rendaient \u00e0 la Ville \u00e9ternelle, est un voyage dans l\u2019espace, dans le temps, mais surtout en soi. En arri\u00e8re-plan il y a des chemins de montagne, des rues blanches, des cr\u00eates de colline et des sentiers de for\u00eat; mais aussi des anciens villages, des \u00e9glises de campagne, des villes merveilleuses comme Lucques, San Gimignano, Sienne. Il n\u2019est pas n\u00e9cessaire de tout faire, et peu importe d\u2019o\u00f9 l\u2019on part, ni que l\u2019on aille vers le sud ou vers le nord. La Francigena sera de toute fa\u00e7on un chemin de d\u00e9couverte: du paysage qui varie \u00e0 chaque changement de direction, de nos racines historiques et de notre identit\u00e9 culturelle.<\/p><p>La Via Francigena rencontre le territoire de Montaione le long de l\u2019\u00e9tape de San Miniato \u00e0 Gambassi Terme. Trois heures de marche pendant lesquelles on tombe sur l\u2019Eglise Paroissiale de Coiano, on parcourt des collines avec des versants qui bordent vignobles, maisons paysannes, oliviers, et on traverse des clairi\u00e8res et des plantations. A mi-chemin, pr\u00e8s de la Francigena, vous pouvez prendre le sentier 1 puis le sentier 3 du r\u00e9seau <a href=\"\/fr\/decouvrir-montaione\/itineraires-dans-le-vert\/\"><em><strong>Itin\u00e9raires dans le vert<\/strong><\/em><\/a> de la Monicipalit\u00e9 de Montaione, et rejoindre la <a href=\"\/fr\/decouvrir-montaione\/la-jerusalem-de-san-vivaldo\/\"><strong>\u201cJ\u00e9rusalem\u201d de San Vivaldo<\/strong><\/a>, autre ancien lieu de p\u00e8lerinage, la citadelle de chapelles et temples construite dans le bois par les Franciscains au d\u00e9but du \u2018500 et orn\u00e9e par de groupes sculpturaux de l\u2019\u00e9cole de Della Robbia.<\/p><p><strong>Pour plus d\u2019informations:<\/strong> <a href=\"https:\/\/www.viefrancigene.org\/fr\/home\">www.viefrancigene.org<\/a>\u00a0<\/p>\t\t\t\t\t\t\t\t<\/div>\n\t\t\t\t<div class=\"elementor-element elementor-element-7dc9b2d elementor-arrows-position-outside pb-5 elementor-widget elementor-widget-image-carousel\" data-id=\"7dc9b2d\" data-element_type=\"widget\" data-e-type=\"widget\" data-settings=\"{&quot;navigation&quot;:&quot;arrows&quot;,&quot;autoplay&quot;:&quot;yes&quot;,&quot;pause_on_hover&quot;:&quot;yes&quot;,&quot;pause_on_interaction&quot;:&quot;yes&quot;,&quot;autoplay_speed&quot;:5000,&quot;infinite&quot;:&quot;yes&quot;,&quot;speed&quot;:500,&quot;image_spacing_custom&quot;:{&quot;unit&quot;:&quot;px&quot;,&quot;size&quot;:20,&quot;sizes&quot;:[]},&quot;image_spacing_custom_tablet&quot;:{&quot;unit&quot;:&quot;px&quot;,&quot;size&quot;:&quot;&quot;,&quot;sizes&quot;:[]},&quot;image_spacing_custom_mobile&quot;:{&quot;unit&quot;:&quot;px&quot;,&quot;size&quot;:&quot;&quot;,&quot;sizes&quot;:[]}}\" data-widget_type=\"image-carousel.default\">\n\t\t\t\t\t\t\t<div class=\"elementor-image-carousel-wrapper swiper\" role=\"region\" aria-roledescription=\"carousel\" aria-label=\"Carosello d&#039;immagini\" dir=\"ltr\">\n\t\t\t<div class=\"elementor-image-carousel swiper-wrapper\" aria-live=\"off\">\n\t\t\t\t\t\t\t\t<div class=\"swiper-slide\" role=\"group\" aria-roledescription=\"slide\" aria-label=\"1 sur 4\"><a data-elementor-open-lightbox=\"yes\" data-elementor-lightbox-slideshow=\"7dc9b2d\" data-elementor-lightbox-title=\"via-francigena-gallery-01\" data-e-action-hash=\"#elementor-action%3Aaction%3Dlightbox%26settings%3DeyJpZCI6MTU4MjQsInVybCI6Imh0dHBzOlwvXC93d3cubW9udGFpb25laW50dXNjYW55Lml0XC93cC1jb250ZW50XC91cGxvYWRzXC8yMDIzXC8xMlwvdmlhLWZyYW5jaWdlbmEtZ2FsbGVyeS0wMS5qcGciLCJzbGlkZXNob3ciOiI3ZGM5YjJkIn0%3D\" href=\"https:\/\/www.montaioneintuscany.it\/wp-content\/uploads\/2023\/12\/via-francigena-gallery-01.jpg\"><figure class=\"swiper-slide-inner\"><img decoding=\"async\" class=\"swiper-slide-image\" src=\"https:\/\/www.montaioneintuscany.it\/wp-content\/uploads\/2023\/12\/via-francigena-gallery-01.jpg\" alt=\"via-francigena-gallery-01\" \/><\/figure><\/a><\/div><div class=\"swiper-slide\" role=\"group\" aria-roledescription=\"slide\" aria-label=\"2 sur 4\"><a data-elementor-open-lightbox=\"yes\" data-elementor-lightbox-slideshow=\"7dc9b2d\" data-elementor-lightbox-title=\"via-francigena-gallery-02\" data-e-action-hash=\"#elementor-action%3Aaction%3Dlightbox%26settings%3DeyJpZCI6MTU4MjUsInVybCI6Imh0dHBzOlwvXC93d3cubW9udGFpb25laW50dXNjYW55Lml0XC93cC1jb250ZW50XC91cGxvYWRzXC8yMDIzXC8xMlwvdmlhLWZyYW5jaWdlbmEtZ2FsbGVyeS0wMi5qcGciLCJzbGlkZXNob3ciOiI3ZGM5YjJkIn0%3D\" href=\"https:\/\/www.montaioneintuscany.it\/wp-content\/uploads\/2023\/12\/via-francigena-gallery-02.jpg\"><figure class=\"swiper-slide-inner\"><img decoding=\"async\" class=\"swiper-slide-image\" src=\"https:\/\/www.montaioneintuscany.it\/wp-content\/uploads\/2023\/12\/via-francigena-gallery-02.jpg\" alt=\"via-francigena-gallery-02\" \/><\/figure><\/a><\/div><div class=\"swiper-slide\" role=\"group\" aria-roledescription=\"slide\" aria-label=\"3 sur 4\"><a data-elementor-open-lightbox=\"yes\" data-elementor-lightbox-slideshow=\"7dc9b2d\" data-elementor-lightbox-title=\"via-francigena-gallery-03\" data-e-action-hash=\"#elementor-action%3Aaction%3Dlightbox%26settings%3DeyJpZCI6MTU4MjYsInVybCI6Imh0dHBzOlwvXC93d3cubW9udGFpb25laW50dXNjYW55Lml0XC93cC1jb250ZW50XC91cGxvYWRzXC8yMDIzXC8xMlwvdmlhLWZyYW5jaWdlbmEtZ2FsbGVyeS0wMy5qcGciLCJzbGlkZXNob3ciOiI3ZGM5YjJkIn0%3D\" href=\"https:\/\/www.montaioneintuscany.it\/wp-content\/uploads\/2023\/12\/via-francigena-gallery-03.jpg\"><figure class=\"swiper-slide-inner\"><img decoding=\"async\" class=\"swiper-slide-image\" src=\"https:\/\/www.montaioneintuscany.it\/wp-content\/uploads\/2023\/12\/via-francigena-gallery-03.jpg\" alt=\"via-francigena-gallery-03\" \/><\/figure><\/a><\/div><div class=\"swiper-slide\" role=\"group\" aria-roledescription=\"slide\" aria-label=\"4 sur 4\"><a data-elementor-open-lightbox=\"yes\" data-elementor-lightbox-slideshow=\"7dc9b2d\" data-elementor-lightbox-title=\"via-francigena-gallery-06\" data-e-action-hash=\"#elementor-action%3Aaction%3Dlightbox%26settings%3DeyJpZCI6MTU4MjcsInVybCI6Imh0dHBzOlwvXC93d3cubW9udGFpb25laW50dXNjYW55Lml0XC93cC1jb250ZW50XC91cGxvYWRzXC8yMDIzXC8xMlwvdmlhLWZyYW5jaWdlbmEtZ2FsbGVyeS0wNi5qcGciLCJzbGlkZXNob3ciOiI3ZGM5YjJkIn0%3D\" href=\"https:\/\/www.montaioneintuscany.it\/wp-content\/uploads\/2023\/12\/via-francigena-gallery-06.jpg\"><figure class=\"swiper-slide-inner\"><img decoding=\"async\" class=\"swiper-slide-image\" src=\"https:\/\/www.montaioneintuscany.it\/wp-content\/uploads\/2023\/12\/via-francigena-gallery-06.jpg\" alt=\"via-francigena-gallery-06\" \/><\/figure><\/a><\/div>\t\t\t<\/div>\n\t\t\t\t\t\t\t\t\t\t\t\t<div class=\"elementor-swiper-button elementor-swiper-button-prev\" role=\"button\" tabindex=\"0\">\n\t\t\t\t\t\t<svg xmlns=\"http:\/\/www.w3.org\/2000\/svg\" xmlns:xlink=\"http:\/\/www.w3.org\/1999\/xlink\" id=\"Livello_1\" x=\"0px\" y=\"0px\" width=\"75px\" height=\"75px\" viewBox=\"0 0 75 75\" style=\"enable-background:new 0 0 75 75;\" xml:space=\"preserve\"><style type=\"text\/css\">\t.st0{fill:#375140;}\t.st1{fill:none;stroke:#E5E9DD;stroke-width:3;}<\/style><circle class=\"st0\" cx=\"37.5\" cy=\"37.5\" r=\"37.5\"><\/circle><path class=\"st1\" d=\"M34.2,47.4L25,38.2l9.2-9.2 M25,38.2h25\"><\/path><\/svg>\t\t\t\t\t<\/div>\n\t\t\t\t\t<div class=\"elementor-swiper-button elementor-swiper-button-next\" role=\"button\" tabindex=\"0\">\n\t\t\t\t\t\t<svg xmlns=\"http:\/\/www.w3.org\/2000\/svg\" xmlns:xlink=\"http:\/\/www.w3.org\/1999\/xlink\" id=\"Livello_1\" x=\"0px\" y=\"0px\" width=\"75px\" height=\"75px\" viewBox=\"0 0 75 75\" style=\"enable-background:new 0 0 75 75;\" xml:space=\"preserve\"><style type=\"text\/css\">\t.st0{fill:#375140;}\t.st1{fill:none;stroke:#E5E9DD;stroke-width:3;}<\/style><circle class=\"st0\" cx=\"37.5\" cy=\"37.5\" r=\"37.5\"><\/circle><path class=\"st1\" d=\"M40.8,27.6l9.2,9.2L40.8,46 M50,36.8H25\"><\/path><\/svg>\t\t\t\t\t<\/div>\n\t\t\t\t\n\t\t\t\t\t\t\t\t\t<\/div>\n\t\t\t\t\t\t<\/div>\n\t\t\t\t<\/div>\n\t\t\t\t\t<\/div>\n\t\t\t\t<\/div>\n\t\t\t\t<\/div>\n\t\t","protected":false},"excerpt":{"rendered":"<p>La Via Francigena, sur les traces des p\u00e8lerins La Via Francigena \u00e9tait l\u2019ancien syst\u00e8me routier de commerce et de p\u00e8lerinages qui, au Moyen \u00c2ge, reliait l\u2019Europe du Nord \u00e0 Rome. Le trac\u00e9 d\u2019aujourd\u2019hui, reconnu comme Itin\u00e9raire Culturel Europ\u00e9en par le Conseil de l\u2019Europe, suit le chemin accompli en 990 par Sigerico, archev\u00eaque de Canterbury, qui, [&hellip;]<\/p>\n","protected":false},"author":2,"featured_media":0,"parent":13881,"menu_order":0,"comment_status":"closed","ping_status":"closed","template":"","meta":{"_acf_changed":false,"footnotes":""},"class_list":["post-15829","page","type-page","status-publish","hentry"],"acf":[],"yoast_head":"<!-- This site is optimized with the Yoast SEO plugin v27.5 - https:\/\/yoast.com\/product\/yoast-seo-wordpress\/ -->\n<title>Montaioneintuscany - La Via Francigena<\/title>\n<meta name=\"description\" content=\"La Via Francigena \u00e0 Montaione : chemins \u00e0 travers les collines toscanes, les villages et la nature dans la Valdelsa.\" \/>\n<meta name=\"robots\" content=\"index, follow, max-snippet:-1, max-image-preview:large, max-video-preview:-1\" \/>\n<link rel=\"canonical\" href=\"https:\/\/www.montaioneintuscany.it\/fr\/decouvrir-montaione\/la-via-francigena\/\" \/>\n<meta property=\"og:locale\" content=\"fr_FR\" \/>\n<meta property=\"og:type\" content=\"article\" \/>\n<meta property=\"og:title\" content=\"Montaioneintuscany - La Via Francigena\" \/>\n<meta property=\"og:description\" content=\"La Via Francigena \u00e0 Montaione : chemins \u00e0 travers les collines toscanes, les villages et la nature dans la Valdelsa.\" \/>\n<meta property=\"og:url\" content=\"https:\/\/www.montaioneintuscany.it\/fr\/decouvrir-montaione\/la-via-francigena\/\" \/>\n<meta property=\"og:site_name\" content=\"Montaioneintuscany\" \/>\n<meta property=\"article:modified_time\" content=\"2025-12-16T14:01:22+00:00\" \/>\n<meta property=\"og:image\" content=\"https:\/\/www.montaioneintuscany.it\/wp-content\/uploads\/2023\/12\/via-francigena-gallery-01.jpg\" \/>\n<meta name=\"twitter:card\" content=\"summary_large_image\" \/>\n<meta name=\"twitter:label1\" content=\"Dur\u00e9e de lecture estim\u00e9e\" \/>\n\t<meta name=\"twitter:data1\" content=\"4 minutes\" \/>\n<script type=\"application\/ld+json\" class=\"yoast-schema-graph\">{\"@context\":\"https:\\\/\\\/schema.org\",\"@graph\":[{\"@type\":\"WebPage\",\"@id\":\"https:\\\/\\\/www.montaioneintuscany.it\\\/fr\\\/decouvrir-montaione\\\/la-via-francigena\\\/\",\"url\":\"https:\\\/\\\/www.montaioneintuscany.it\\\/fr\\\/decouvrir-montaione\\\/la-via-francigena\\\/\",\"name\":\"Montaioneintuscany - La Via Francigena\",\"isPartOf\":{\"@id\":\"https:\\\/\\\/www.montaioneintuscany.it\\\/en\\\/#website\"},\"primaryImageOfPage\":{\"@id\":\"https:\\\/\\\/www.montaioneintuscany.it\\\/fr\\\/decouvrir-montaione\\\/la-via-francigena\\\/#primaryimage\"},\"image\":{\"@id\":\"https:\\\/\\\/www.montaioneintuscany.it\\\/fr\\\/decouvrir-montaione\\\/la-via-francigena\\\/#primaryimage\"},\"thumbnailUrl\":\"https:\\\/\\\/www.montaioneintuscany.it\\\/wp-content\\\/uploads\\\/2023\\\/12\\\/via-francigena-gallery-01.jpg\",\"datePublished\":\"2025-11-23T19:59:48+00:00\",\"dateModified\":\"2025-12-16T14:01:22+00:00\",\"description\":\"La Via Francigena \u00e0 Montaione : chemins \u00e0 travers les collines toscanes, les villages et la nature dans la Valdelsa.\",\"breadcrumb\":{\"@id\":\"https:\\\/\\\/www.montaioneintuscany.it\\\/fr\\\/decouvrir-montaione\\\/la-via-francigena\\\/#breadcrumb\"},\"inLanguage\":\"fr-FR\",\"potentialAction\":[{\"@type\":\"ReadAction\",\"target\":[\"https:\\\/\\\/www.montaioneintuscany.it\\\/fr\\\/decouvrir-montaione\\\/la-via-francigena\\\/\"]}]},{\"@type\":\"ImageObject\",\"inLanguage\":\"fr-FR\",\"@id\":\"https:\\\/\\\/www.montaioneintuscany.it\\\/fr\\\/decouvrir-montaione\\\/la-via-francigena\\\/#primaryimage\",\"url\":\"https:\\\/\\\/www.montaioneintuscany.it\\\/wp-content\\\/uploads\\\/2023\\\/12\\\/via-francigena-gallery-01.jpg\",\"contentUrl\":\"https:\\\/\\\/www.montaioneintuscany.it\\\/wp-content\\\/uploads\\\/2023\\\/12\\\/via-francigena-gallery-01.jpg\"},{\"@type\":\"BreadcrumbList\",\"@id\":\"https:\\\/\\\/www.montaioneintuscany.it\\\/fr\\\/decouvrir-montaione\\\/la-via-francigena\\\/#breadcrumb\",\"itemListElement\":[{\"@type\":\"ListItem\",\"position\":1,\"name\":\"Home\",\"item\":\"https:\\\/\\\/www.montaioneintuscany.it\\\/\"},{\"@type\":\"ListItem\",\"position\":2,\"name\":\"D\u00e9couvrir Montaione\",\"item\":\"https:\\\/\\\/www.montaioneintuscany.it\\\/fr\\\/decouvrir-montaione\\\/\"},{\"@type\":\"ListItem\",\"position\":3,\"name\":\"La Via Francigena\"}]},{\"@type\":\"WebSite\",\"@id\":\"https:\\\/\\\/www.montaioneintuscany.it\\\/en\\\/#website\",\"url\":\"https:\\\/\\\/www.montaioneintuscany.it\\\/en\\\/\",\"name\":\"Montaioneintuscany\",\"description\":\"\",\"publisher\":{\"@id\":\"https:\\\/\\\/www.montaioneintuscany.it\\\/en\\\/#organization\"},\"potentialAction\":[{\"@type\":\"SearchAction\",\"target\":{\"@type\":\"EntryPoint\",\"urlTemplate\":\"https:\\\/\\\/www.montaioneintuscany.it\\\/en\\\/?s={search_term_string}\"},\"query-input\":{\"@type\":\"PropertyValueSpecification\",\"valueRequired\":true,\"valueName\":\"search_term_string\"}}],\"inLanguage\":\"fr-FR\"},{\"@type\":\"Organization\",\"@id\":\"https:\\\/\\\/www.montaioneintuscany.it\\\/en\\\/#organization\",\"name\":\"Montaioneintuscany\",\"url\":\"https:\\\/\\\/www.montaioneintuscany.it\\\/en\\\/\",\"logo\":{\"@type\":\"ImageObject\",\"inLanguage\":\"fr-FR\",\"@id\":\"https:\\\/\\\/www.montaioneintuscany.it\\\/en\\\/#\\\/schema\\\/logo\\\/image\\\/\",\"url\":\"https:\\\/\\\/www.montaioneintuscany.it\\\/wp-content\\\/uploads\\\/2025\\\/10\\\/logo.svg\",\"contentUrl\":\"https:\\\/\\\/www.montaioneintuscany.it\\\/wp-content\\\/uploads\\\/2025\\\/10\\\/logo.svg\",\"width\":247,\"height\":25,\"caption\":\"Montaioneintuscany\"},\"image\":{\"@id\":\"https:\\\/\\\/www.montaioneintuscany.it\\\/en\\\/#\\\/schema\\\/logo\\\/image\\\/\"}}]}<\/script>\n<!-- \/ Yoast SEO plugin. -->","yoast_head_json":{"title":"Montaioneintuscany - La Via Francigena","description":"La Via Francigena \u00e0 Montaione : chemins \u00e0 travers les collines toscanes, les villages et la nature dans la Valdelsa.","robots":{"index":"index","follow":"follow","max-snippet":"max-snippet:-1","max-image-preview":"max-image-preview:large","max-video-preview":"max-video-preview:-1"},"canonical":"https:\/\/www.montaioneintuscany.it\/fr\/decouvrir-montaione\/la-via-francigena\/","og_locale":"fr_FR","og_type":"article","og_title":"Montaioneintuscany - La Via Francigena","og_description":"La Via Francigena \u00e0 Montaione : chemins \u00e0 travers les collines toscanes, les villages et la nature dans la Valdelsa.","og_url":"https:\/\/www.montaioneintuscany.it\/fr\/decouvrir-montaione\/la-via-francigena\/","og_site_name":"Montaioneintuscany","article_modified_time":"2025-12-16T14:01:22+00:00","og_image":[{"url":"https:\/\/www.montaioneintuscany.it\/wp-content\/uploads\/2023\/12\/via-francigena-gallery-01.jpg","type":"","width":"","height":""}],"twitter_card":"summary_large_image","twitter_misc":{"Dur\u00e9e de lecture estim\u00e9e":"4 minutes"},"schema":{"@context":"https:\/\/schema.org","@graph":[{"@type":"WebPage","@id":"https:\/\/www.montaioneintuscany.it\/fr\/decouvrir-montaione\/la-via-francigena\/","url":"https:\/\/www.montaioneintuscany.it\/fr\/decouvrir-montaione\/la-via-francigena\/","name":"Montaioneintuscany - La Via Francigena","isPartOf":{"@id":"https:\/\/www.montaioneintuscany.it\/en\/#website"},"primaryImageOfPage":{"@id":"https:\/\/www.montaioneintuscany.it\/fr\/decouvrir-montaione\/la-via-francigena\/#primaryimage"},"image":{"@id":"https:\/\/www.montaioneintuscany.it\/fr\/decouvrir-montaione\/la-via-francigena\/#primaryimage"},"thumbnailUrl":"https:\/\/www.montaioneintuscany.it\/wp-content\/uploads\/2023\/12\/via-francigena-gallery-01.jpg","datePublished":"2025-11-23T19:59:48+00:00","dateModified":"2025-12-16T14:01:22+00:00","description":"La Via Francigena \u00e0 Montaione : chemins \u00e0 travers les collines toscanes, les villages et la nature dans la Valdelsa.","breadcrumb":{"@id":"https:\/\/www.montaioneintuscany.it\/fr\/decouvrir-montaione\/la-via-francigena\/#breadcrumb"},"inLanguage":"fr-FR","potentialAction":[{"@type":"ReadAction","target":["https:\/\/www.montaioneintuscany.it\/fr\/decouvrir-montaione\/la-via-francigena\/"]}]},{"@type":"ImageObject","inLanguage":"fr-FR","@id":"https:\/\/www.montaioneintuscany.it\/fr\/decouvrir-montaione\/la-via-francigena\/#primaryimage","url":"https:\/\/www.montaioneintuscany.it\/wp-content\/uploads\/2023\/12\/via-francigena-gallery-01.jpg","contentUrl":"https:\/\/www.montaioneintuscany.it\/wp-content\/uploads\/2023\/12\/via-francigena-gallery-01.jpg"},{"@type":"BreadcrumbList","@id":"https:\/\/www.montaioneintuscany.it\/fr\/decouvrir-montaione\/la-via-francigena\/#breadcrumb","itemListElement":[{"@type":"ListItem","position":1,"name":"Home","item":"https:\/\/www.montaioneintuscany.it\/"},{"@type":"ListItem","position":2,"name":"D\u00e9couvrir Montaione","item":"https:\/\/www.montaioneintuscany.it\/fr\/decouvrir-montaione\/"},{"@type":"ListItem","position":3,"name":"La Via Francigena"}]},{"@type":"WebSite","@id":"https:\/\/www.montaioneintuscany.it\/en\/#website","url":"https:\/\/www.montaioneintuscany.it\/en\/","name":"Montaioneintuscany","description":"","publisher":{"@id":"https:\/\/www.montaioneintuscany.it\/en\/#organization"},"potentialAction":[{"@type":"SearchAction","target":{"@type":"EntryPoint","urlTemplate":"https:\/\/www.montaioneintuscany.it\/en\/?s={search_term_string}"},"query-input":{"@type":"PropertyValueSpecification","valueRequired":true,"valueName":"search_term_string"}}],"inLanguage":"fr-FR"},{"@type":"Organization","@id":"https:\/\/www.montaioneintuscany.it\/en\/#organization","name":"Montaioneintuscany","url":"https:\/\/www.montaioneintuscany.it\/en\/","logo":{"@type":"ImageObject","inLanguage":"fr-FR","@id":"https:\/\/www.montaioneintuscany.it\/en\/#\/schema\/logo\/image\/","url":"https:\/\/www.montaioneintuscany.it\/wp-content\/uploads\/2025\/10\/logo.svg","contentUrl":"https:\/\/www.montaioneintuscany.it\/wp-content\/uploads\/2025\/10\/logo.svg","width":247,"height":25,"caption":"Montaioneintuscany"},"image":{"@id":"https:\/\/www.montaioneintuscany.it\/en\/#\/schema\/logo\/image\/"}}]}},"_links":{"self":[{"href":"https:\/\/www.montaioneintuscany.it\/fr\/wp-json\/wp\/v2\/pages\/15829","targetHints":{"allow":["GET"]}}],"collection":[{"href":"https:\/\/www.montaioneintuscany.it\/fr\/wp-json\/wp\/v2\/pages"}],"about":[{"href":"https:\/\/www.montaioneintuscany.it\/fr\/wp-json\/wp\/v2\/types\/page"}],"author":[{"embeddable":true,"href":"https:\/\/www.montaioneintuscany.it\/fr\/wp-json\/wp\/v2\/users\/2"}],"replies":[{"embeddable":true,"href":"https:\/\/www.montaioneintuscany.it\/fr\/wp-json\/wp\/v2\/comments?post=15829"}],"version-history":[{"count":10,"href":"https:\/\/www.montaioneintuscany.it\/fr\/wp-json\/wp\/v2\/pages\/15829\/revisions"}],"predecessor-version":[{"id":18162,"href":"https:\/\/www.montaioneintuscany.it\/fr\/wp-json\/wp\/v2\/pages\/15829\/revisions\/18162"}],"up":[{"embeddable":true,"href":"https:\/\/www.montaioneintuscany.it\/fr\/wp-json\/wp\/v2\/pages\/13881"}],"wp:attachment":[{"href":"https:\/\/www.montaioneintuscany.it\/fr\/wp-json\/wp\/v2\/media?parent=15829"}],"curies":[{"name":"wp","href":"https:\/\/api.w.org\/{rel}","templated":true}]}}