{"id":15708,"date":"2025-11-11T14:38:36","date_gmt":"2025-11-11T13:38:36","guid":{"rendered":"https:\/\/montaione.filaretedev.it\/que-faire\/castelfalfi-adventure-park\/"},"modified":"2025-12-19T14:37:20","modified_gmt":"2025-12-19T13:37:20","slug":"castelfalfi-adventure-park","status":"publish","type":"page","link":"https:\/\/www.montaioneintuscany.it\/fr\/que-faire\/castelfalfi-adventure-park\/","title":{"rendered":"Castelfalfi Adventure Park"},"content":{"rendered":"\t\t<div data-elementor-type=\"wp-page\" data-elementor-id=\"15708\" class=\"elementor elementor-15708 elementor-14168\" data-elementor-post-type=\"page\">\n\t\t\t\t<div class=\"elementor-element elementor-element-408ba939 e-flex e-con-boxed e-con e-parent\" data-id=\"408ba939\" data-element_type=\"container\" data-e-type=\"container\" data-settings=\"{&quot;background_background&quot;:&quot;classic&quot;}\">\n\t\t\t\t\t<div class=\"e-con-inner\">\n\t\t<div class=\"elementor-element elementor-element-155cee3b e-con-full mt-auto mb-4 e-flex e-con e-child\" data-id=\"155cee3b\" data-element_type=\"container\" data-e-type=\"container\">\n\t\t\t\t<\/div>\n\t\t\t\t\t<\/div>\n\t\t\t\t<\/div>\n\t\t<div class=\"elementor-element elementor-element-3e4fe3a9 e-flex e-con-boxed e-con e-parent\" data-id=\"3e4fe3a9\" data-element_type=\"container\" data-e-type=\"container\">\n\t\t\t\t\t<div class=\"e-con-inner\">\n\t\t<div class=\"elementor-element elementor-element-655801b0 e-con-full e-flex e-con e-child\" data-id=\"655801b0\" data-element_type=\"container\" data-e-type=\"container\">\n\t\t\t\t<div class=\"elementor-element elementor-element-593401fd elementor-widget elementor-widget-shortcode\" data-id=\"593401fd\" data-element_type=\"widget\" data-e-type=\"widget\" data-widget_type=\"shortcode.default\">\n\t\t\t\t\t\t\t<div class=\"elementor-shortcode\"><ul id=\"breadcrumbs\" class=\"breadcrumb w-100\"><li class=\"item-home\"><a class=\"bread-link bread-home\" href=\"https:\/\/www.montaioneintuscany.it\/fr\/\" title=\"Home\">Home<\/a><\/li><li class=\"separator separator-home\">  |  <\/li><\/ul><\/div>\n\t\t\t\t\t\t<\/div>\n\t\t\t\t<\/div>\n\t\t\t\t\t<\/div>\n\t\t\t\t<\/div>\n\t\t<div class=\"elementor-element elementor-element-32ea1aff py-5 e-flex e-con-boxed e-con e-parent\" data-id=\"32ea1aff\" data-element_type=\"container\" data-e-type=\"container\">\n\t\t\t\t\t<div class=\"e-con-inner\">\n\t\t<div class=\"elementor-element elementor-element-37c59006 e-con-full e-flex e-con e-child\" data-id=\"37c59006\" data-element_type=\"container\" data-e-type=\"container\">\n\t\t\t\t<div class=\"elementor-element elementor-element-a3bb855 elementor-widget elementor-widget-text-editor\" data-id=\"a3bb855\" data-element_type=\"widget\" data-e-type=\"widget\" data-widget_type=\"text-editor.default\">\n\t\t\t\t\t\t\t\t\t<p><strong>Parc d\u2019aventures<\/strong> pour petits et grands.<\/p><p>Vous pourrez essayer des <strong>parcours passionnants de difficult\u00e9 variable suspendus dans les arbres, des ponts tib\u00e9tains,un village suspendu, une tyrolienne, un trampoline<\/strong> et bien d\u2019autres passages \u00e0 couper le souffle. Au c\u0153ur de la nature de Castelfalfi, vous aurez l\u2019occasion de vous d\u00e9passer et de vivre une aventure inoubliable.<\/p><p>Le parc est soumis aux disponibilit\u00e9s et aux conditions m\u00e9t\u00e9orologiques, il est donc recommand\u00e9 de <strong>contacter le personnel avant de s\u2019y rendre<\/strong>.<\/p>\t\t\t\t\t\t\t\t<\/div>\n\t\t\t\t<div class=\"elementor-element elementor-element-246d1ff elementor-widget elementor-widget-heading\" data-id=\"246d1ff\" data-element_type=\"widget\" data-e-type=\"widget\" data-widget_type=\"heading.default\">\n\t\t\t\t\t<h2 class=\"elementor-heading-title elementor-size-default\">Info<\/h2>\t\t\t\t<\/div>\n\t\t\t\t<div class=\"elementor-element elementor-element-a6109c4 elementor-widget elementor-widget-text-editor\" data-id=\"a6109c4\" data-element_type=\"widget\" data-e-type=\"widget\" data-widget_type=\"text-editor.default\">\n\t\t\t\t\t\t\t\t\t<p><strong>Castelfalfi Adventure park<\/strong><br>\nLoc. Castelfalfi<br>\n<a href=\"mailto:adventure@castelfalfi.com\">adventure@castelfalfi.com<\/a><br>\ntel. +39 0571890215 \u2013 3358412837<br>\n<a href=\"https:\/\/www.castelfalfiadventurepark.com\">Site web<\/a>&nbsp;<\/p>\t\t\t\t\t\t\t\t<\/div>\n\t\t\t\t<\/div>\n\t\t\t\t\t<\/div>\n\t\t\t\t<\/div>\n\t\t<div class=\"elementor-element elementor-element-a26db8 pb-5 blocconi-img e-flex e-con-boxed e-con e-parent\" data-id=\"a26db8\" data-element_type=\"container\" data-e-type=\"container\">\n\t\t\t\t\t<div class=\"e-con-inner\">\n\t\t<div class=\"elementor-element elementor-element-3bbea86 e-con-full e-flex e-con e-child\" data-id=\"3bbea86\" data-element_type=\"container\" data-e-type=\"container\">\n\t\t\t\t<div class=\"elementor-element elementor-element-1fbfe702 elementor-widget elementor-widget-image\" data-id=\"1fbfe702\" data-element_type=\"widget\" data-e-type=\"widget\" data-widget_type=\"image.default\">\n\t\t\t\t\t\t\t\t\t\t\t\t\t\t\t<img decoding=\"async\" src=\"https:\/\/www.montaioneintuscany.it\/wp-content\/uploads\/2025\/12\/parco-avventura-03.jpg\" title=\"\" alt=\"\" loading=\"lazy\" \/>\t\t\t\t\t\t\t\t\t\t\t\t\t\t\t<\/div>\n\t\t\t\t<\/div>\n\t\t<div class=\"elementor-element elementor-element-7fb03d86 e-con-full e-flex e-con e-child\" data-id=\"7fb03d86\" data-element_type=\"container\" data-e-type=\"container\">\n\t\t\t\t<div class=\"elementor-element elementor-element-732dd848 elementor-widget elementor-widget-image\" data-id=\"732dd848\" data-element_type=\"widget\" data-e-type=\"widget\" data-widget_type=\"image.default\">\n\t\t\t\t\t\t\t\t\t\t\t\t\t\t\t<img decoding=\"async\" src=\"https:\/\/www.montaioneintuscany.it\/wp-content\/uploads\/2025\/12\/parco-avventura-02.jpg\" title=\"\" alt=\"\" loading=\"lazy\" \/>\t\t\t\t\t\t\t\t\t\t\t\t\t\t\t<\/div>\n\t\t\t\t<\/div>\n\t\t\t\t\t<\/div>\n\t\t\t\t<\/div>\n\t\t<div class=\"elementor-element elementor-element-ea78fa6 e-flex e-con-boxed e-con e-parent\" data-id=\"ea78fa6\" data-element_type=\"container\" data-e-type=\"container\">\n\t\t\t\t\t<div class=\"e-con-inner\">\n\t\t\t\t<div class=\"elementor-element elementor-element-6a12025 elementor-widget elementor-widget-spacer\" data-id=\"6a12025\" data-element_type=\"widget\" data-e-type=\"widget\" data-widget_type=\"spacer.default\">\n\t\t\t\t\t\t\t<div class=\"elementor-spacer\">\n\t\t\t<div class=\"elementor-spacer-inner\"><\/div>\n\t\t<\/div>\n\t\t\t\t\t\t<\/div>\n\t\t\t\t\t<\/div>\n\t\t\t\t<\/div>\n\t\t\t\t<\/div>\n\t\t","protected":false},"excerpt":{"rendered":"<p>Parc d\u2019aventures pour petits et grands. Vous pourrez essayer des parcours passionnants de difficult\u00e9 variable suspendus dans les arbres, des ponts tib\u00e9tains,un village suspendu, une tyrolienne, un trampoline et bien d\u2019autres passages \u00e0 couper le souffle. Au c\u0153ur de la nature de Castelfalfi, vous aurez l\u2019occasion de vous d\u00e9passer et de vivre une aventure inoubliable. [&hellip;]<\/p>\n","protected":false},"author":2,"featured_media":15583,"parent":13827,"menu_order":0,"comment_status":"closed","ping_status":"closed","template":"","meta":{"_acf_changed":false,"footnotes":""},"class_list":["post-15708","page","type-page","status-publish","has-post-thumbnail","hentry"],"acf":[],"yoast_head":"<!-- This site is optimized with the Yoast SEO plugin v27.3 - https:\/\/yoast.com\/product\/yoast-seo-wordpress\/ -->\n<title>Castelfalfi Adventure Park - Montaione in Tuscany<\/title>\n<meta name=\"description\" content=\"Castelfalfi Adventure Park est parfait pour petits et grands \u00e0 Montaione ! D\u00e9couvrez tous les parcours en pleine nature.\" \/>\n<meta name=\"robots\" content=\"index, follow, max-snippet:-1, max-image-preview:large, max-video-preview:-1\" \/>\n<link rel=\"canonical\" href=\"https:\/\/www.montaioneintuscany.it\/fr\/que-faire\/castelfalfi-adventure-park\/\" \/>\n<meta property=\"og:locale\" content=\"fr_FR\" \/>\n<meta property=\"og:type\" content=\"article\" \/>\n<meta property=\"og:title\" content=\"Castelfalfi Adventure Park - Montaione in Tuscany\" \/>\n<meta property=\"og:description\" content=\"Castelfalfi Adventure Park est parfait pour petits et grands \u00e0 Montaione ! D\u00e9couvrez tous les parcours en pleine nature.\" \/>\n<meta property=\"og:url\" content=\"https:\/\/www.montaioneintuscany.it\/fr\/que-faire\/castelfalfi-adventure-park\/\" \/>\n<meta property=\"og:site_name\" content=\"Montaioneintuscany\" \/>\n<meta property=\"article:modified_time\" content=\"2025-12-19T13:37:20+00:00\" \/>\n<meta property=\"og:image\" content=\"https:\/\/www.montaioneintuscany.it\/wp-content\/uploads\/2025\/11\/parco-avventura-CF-e1762868221225.jpg\" \/>\n\t<meta property=\"og:image:width\" content=\"1000\" \/>\n\t<meta property=\"og:image:height\" content=\"1000\" \/>\n\t<meta property=\"og:image:type\" content=\"image\/jpeg\" \/>\n<meta name=\"twitter:card\" content=\"summary_large_image\" \/>\n<meta name=\"twitter:label1\" content=\"Dur\u00e9e de lecture estim\u00e9e\" \/>\n\t<meta name=\"twitter:data1\" content=\"1 minute\" \/>\n<script type=\"application\/ld+json\" class=\"yoast-schema-graph\">{\"@context\":\"https:\\\/\\\/schema.org\",\"@graph\":[{\"@type\":\"WebPage\",\"@id\":\"https:\\\/\\\/www.montaioneintuscany.it\\\/fr\\\/que-faire\\\/castelfalfi-adventure-park\\\/\",\"url\":\"https:\\\/\\\/www.montaioneintuscany.it\\\/fr\\\/que-faire\\\/castelfalfi-adventure-park\\\/\",\"name\":\"Castelfalfi Adventure Park - Montaione in Tuscany\",\"isPartOf\":{\"@id\":\"https:\\\/\\\/www.montaioneintuscany.it\\\/en\\\/#website\"},\"primaryImageOfPage\":{\"@id\":\"https:\\\/\\\/www.montaioneintuscany.it\\\/fr\\\/que-faire\\\/castelfalfi-adventure-park\\\/#primaryimage\"},\"image\":{\"@id\":\"https:\\\/\\\/www.montaioneintuscany.it\\\/fr\\\/que-faire\\\/castelfalfi-adventure-park\\\/#primaryimage\"},\"thumbnailUrl\":\"https:\\\/\\\/www.montaioneintuscany.it\\\/wp-content\\\/uploads\\\/2025\\\/11\\\/parco-avventura-CF-e1762868221225.jpg\",\"datePublished\":\"2025-11-11T13:38:36+00:00\",\"dateModified\":\"2025-12-19T13:37:20+00:00\",\"description\":\"Castelfalfi Adventure Park est parfait pour petits et grands \u00e0 Montaione ! D\u00e9couvrez tous les parcours en pleine nature.\",\"breadcrumb\":{\"@id\":\"https:\\\/\\\/www.montaioneintuscany.it\\\/fr\\\/que-faire\\\/castelfalfi-adventure-park\\\/#breadcrumb\"},\"inLanguage\":\"fr-FR\",\"potentialAction\":[{\"@type\":\"ReadAction\",\"target\":[\"https:\\\/\\\/www.montaioneintuscany.it\\\/fr\\\/que-faire\\\/castelfalfi-adventure-park\\\/\"]}]},{\"@type\":\"ImageObject\",\"inLanguage\":\"fr-FR\",\"@id\":\"https:\\\/\\\/www.montaioneintuscany.it\\\/fr\\\/que-faire\\\/castelfalfi-adventure-park\\\/#primaryimage\",\"url\":\"https:\\\/\\\/www.montaioneintuscany.it\\\/wp-content\\\/uploads\\\/2025\\\/11\\\/parco-avventura-CF-e1762868221225.jpg\",\"contentUrl\":\"https:\\\/\\\/www.montaioneintuscany.it\\\/wp-content\\\/uploads\\\/2025\\\/11\\\/parco-avventura-CF-e1762868221225.jpg\",\"width\":1000,\"height\":1000},{\"@type\":\"BreadcrumbList\",\"@id\":\"https:\\\/\\\/www.montaioneintuscany.it\\\/fr\\\/que-faire\\\/castelfalfi-adventure-park\\\/#breadcrumb\",\"itemListElement\":[{\"@type\":\"ListItem\",\"position\":1,\"name\":\"Home\",\"item\":\"https:\\\/\\\/www.montaioneintuscany.it\\\/\"},{\"@type\":\"ListItem\",\"position\":2,\"name\":\"Que faire\",\"item\":\"https:\\\/\\\/www.montaioneintuscany.it\\\/fr\\\/que-faire\\\/\"},{\"@type\":\"ListItem\",\"position\":3,\"name\":\"Castelfalfi Adventure Park\"}]},{\"@type\":\"WebSite\",\"@id\":\"https:\\\/\\\/www.montaioneintuscany.it\\\/en\\\/#website\",\"url\":\"https:\\\/\\\/www.montaioneintuscany.it\\\/en\\\/\",\"name\":\"Montaioneintuscany\",\"description\":\"\",\"publisher\":{\"@id\":\"https:\\\/\\\/www.montaioneintuscany.it\\\/en\\\/#organization\"},\"potentialAction\":[{\"@type\":\"SearchAction\",\"target\":{\"@type\":\"EntryPoint\",\"urlTemplate\":\"https:\\\/\\\/www.montaioneintuscany.it\\\/en\\\/?s={search_term_string}\"},\"query-input\":{\"@type\":\"PropertyValueSpecification\",\"valueRequired\":true,\"valueName\":\"search_term_string\"}}],\"inLanguage\":\"fr-FR\"},{\"@type\":\"Organization\",\"@id\":\"https:\\\/\\\/www.montaioneintuscany.it\\\/en\\\/#organization\",\"name\":\"Montaioneintuscany\",\"url\":\"https:\\\/\\\/www.montaioneintuscany.it\\\/en\\\/\",\"logo\":{\"@type\":\"ImageObject\",\"inLanguage\":\"fr-FR\",\"@id\":\"https:\\\/\\\/www.montaioneintuscany.it\\\/en\\\/#\\\/schema\\\/logo\\\/image\\\/\",\"url\":\"https:\\\/\\\/www.montaioneintuscany.it\\\/wp-content\\\/uploads\\\/2025\\\/10\\\/logo.svg\",\"contentUrl\":\"https:\\\/\\\/www.montaioneintuscany.it\\\/wp-content\\\/uploads\\\/2025\\\/10\\\/logo.svg\",\"width\":247,\"height\":25,\"caption\":\"Montaioneintuscany\"},\"image\":{\"@id\":\"https:\\\/\\\/www.montaioneintuscany.it\\\/en\\\/#\\\/schema\\\/logo\\\/image\\\/\"}}]}<\/script>\n<!-- \/ Yoast SEO plugin. -->","yoast_head_json":{"title":"Castelfalfi Adventure Park - Montaione in Tuscany","description":"Castelfalfi Adventure Park est parfait pour petits et grands \u00e0 Montaione ! D\u00e9couvrez tous les parcours en pleine nature.","robots":{"index":"index","follow":"follow","max-snippet":"max-snippet:-1","max-image-preview":"max-image-preview:large","max-video-preview":"max-video-preview:-1"},"canonical":"https:\/\/www.montaioneintuscany.it\/fr\/que-faire\/castelfalfi-adventure-park\/","og_locale":"fr_FR","og_type":"article","og_title":"Castelfalfi Adventure Park - Montaione in Tuscany","og_description":"Castelfalfi Adventure Park est parfait pour petits et grands \u00e0 Montaione ! D\u00e9couvrez tous les parcours en pleine nature.","og_url":"https:\/\/www.montaioneintuscany.it\/fr\/que-faire\/castelfalfi-adventure-park\/","og_site_name":"Montaioneintuscany","article_modified_time":"2025-12-19T13:37:20+00:00","og_image":[{"width":1000,"height":1000,"url":"https:\/\/www.montaioneintuscany.it\/wp-content\/uploads\/2025\/11\/parco-avventura-CF-e1762868221225.jpg","type":"image\/jpeg"}],"twitter_card":"summary_large_image","twitter_misc":{"Dur\u00e9e de lecture estim\u00e9e":"1 minute"},"schema":{"@context":"https:\/\/schema.org","@graph":[{"@type":"WebPage","@id":"https:\/\/www.montaioneintuscany.it\/fr\/que-faire\/castelfalfi-adventure-park\/","url":"https:\/\/www.montaioneintuscany.it\/fr\/que-faire\/castelfalfi-adventure-park\/","name":"Castelfalfi Adventure Park - Montaione in Tuscany","isPartOf":{"@id":"https:\/\/www.montaioneintuscany.it\/en\/#website"},"primaryImageOfPage":{"@id":"https:\/\/www.montaioneintuscany.it\/fr\/que-faire\/castelfalfi-adventure-park\/#primaryimage"},"image":{"@id":"https:\/\/www.montaioneintuscany.it\/fr\/que-faire\/castelfalfi-adventure-park\/#primaryimage"},"thumbnailUrl":"https:\/\/www.montaioneintuscany.it\/wp-content\/uploads\/2025\/11\/parco-avventura-CF-e1762868221225.jpg","datePublished":"2025-11-11T13:38:36+00:00","dateModified":"2025-12-19T13:37:20+00:00","description":"Castelfalfi Adventure Park est parfait pour petits et grands \u00e0 Montaione ! D\u00e9couvrez tous les parcours en pleine nature.","breadcrumb":{"@id":"https:\/\/www.montaioneintuscany.it\/fr\/que-faire\/castelfalfi-adventure-park\/#breadcrumb"},"inLanguage":"fr-FR","potentialAction":[{"@type":"ReadAction","target":["https:\/\/www.montaioneintuscany.it\/fr\/que-faire\/castelfalfi-adventure-park\/"]}]},{"@type":"ImageObject","inLanguage":"fr-FR","@id":"https:\/\/www.montaioneintuscany.it\/fr\/que-faire\/castelfalfi-adventure-park\/#primaryimage","url":"https:\/\/www.montaioneintuscany.it\/wp-content\/uploads\/2025\/11\/parco-avventura-CF-e1762868221225.jpg","contentUrl":"https:\/\/www.montaioneintuscany.it\/wp-content\/uploads\/2025\/11\/parco-avventura-CF-e1762868221225.jpg","width":1000,"height":1000},{"@type":"BreadcrumbList","@id":"https:\/\/www.montaioneintuscany.it\/fr\/que-faire\/castelfalfi-adventure-park\/#breadcrumb","itemListElement":[{"@type":"ListItem","position":1,"name":"Home","item":"https:\/\/www.montaioneintuscany.it\/"},{"@type":"ListItem","position":2,"name":"Que faire","item":"https:\/\/www.montaioneintuscany.it\/fr\/que-faire\/"},{"@type":"ListItem","position":3,"name":"Castelfalfi Adventure Park"}]},{"@type":"WebSite","@id":"https:\/\/www.montaioneintuscany.it\/en\/#website","url":"https:\/\/www.montaioneintuscany.it\/en\/","name":"Montaioneintuscany","description":"","publisher":{"@id":"https:\/\/www.montaioneintuscany.it\/en\/#organization"},"potentialAction":[{"@type":"SearchAction","target":{"@type":"EntryPoint","urlTemplate":"https:\/\/www.montaioneintuscany.it\/en\/?s={search_term_string}"},"query-input":{"@type":"PropertyValueSpecification","valueRequired":true,"valueName":"search_term_string"}}],"inLanguage":"fr-FR"},{"@type":"Organization","@id":"https:\/\/www.montaioneintuscany.it\/en\/#organization","name":"Montaioneintuscany","url":"https:\/\/www.montaioneintuscany.it\/en\/","logo":{"@type":"ImageObject","inLanguage":"fr-FR","@id":"https:\/\/www.montaioneintuscany.it\/en\/#\/schema\/logo\/image\/","url":"https:\/\/www.montaioneintuscany.it\/wp-content\/uploads\/2025\/10\/logo.svg","contentUrl":"https:\/\/www.montaioneintuscany.it\/wp-content\/uploads\/2025\/10\/logo.svg","width":247,"height":25,"caption":"Montaioneintuscany"},"image":{"@id":"https:\/\/www.montaioneintuscany.it\/en\/#\/schema\/logo\/image\/"}}]}},"_links":{"self":[{"href":"https:\/\/www.montaioneintuscany.it\/fr\/wp-json\/wp\/v2\/pages\/15708","targetHints":{"allow":["GET"]}}],"collection":[{"href":"https:\/\/www.montaioneintuscany.it\/fr\/wp-json\/wp\/v2\/pages"}],"about":[{"href":"https:\/\/www.montaioneintuscany.it\/fr\/wp-json\/wp\/v2\/types\/page"}],"author":[{"embeddable":true,"href":"https:\/\/www.montaioneintuscany.it\/fr\/wp-json\/wp\/v2\/users\/2"}],"replies":[{"embeddable":true,"href":"https:\/\/www.montaioneintuscany.it\/fr\/wp-json\/wp\/v2\/comments?post=15708"}],"version-history":[{"count":19,"href":"https:\/\/www.montaioneintuscany.it\/fr\/wp-json\/wp\/v2\/pages\/15708\/revisions"}],"predecessor-version":[{"id":18776,"href":"https:\/\/www.montaioneintuscany.it\/fr\/wp-json\/wp\/v2\/pages\/15708\/revisions\/18776"}],"up":[{"embeddable":true,"href":"https:\/\/www.montaioneintuscany.it\/fr\/wp-json\/wp\/v2\/pages\/13827"}],"wp:featuredmedia":[{"embeddable":true,"href":"https:\/\/www.montaioneintuscany.it\/fr\/wp-json\/wp\/v2\/media\/15583"}],"wp:attachment":[{"href":"https:\/\/www.montaioneintuscany.it\/fr\/wp-json\/wp\/v2\/media?parent=15708"}],"curies":[{"name":"wp","href":"https:\/\/api.w.org\/{rel}","templated":true}]}}