{"id":13898,"date":"2025-10-27T11:57:05","date_gmt":"2025-10-27T10:57:05","guid":{"rendered":"https:\/\/montaione.filaretedev.it\/webcam\/"},"modified":"2026-01-22T15:45:57","modified_gmt":"2026-01-22T14:45:57","slug":"webcam","status":"publish","type":"page","link":"https:\/\/www.montaioneintuscany.it\/fr\/webcam\/","title":{"rendered":"Webcam"},"content":{"rendered":"<h1>Webcam<\/h1>\n    \n    <div class=\"alertfire-camera\" style=\"margin: 20px 0;\">\n        <img decoding=\"async\" \n            src=\"https:\/\/alert-fire.laracchetta.eu\/img\/7B8v7IzjD68n1BLkgcpaMrA9TwGLvS.jpeg?t=1775861313\" \n            alt=\"Poggio Aglione -Montaione (FI)\"\n            style=\"max-width: 100%; height: auto; display: block;\"\n            loading=\"lazy\"\n            onerror=\"this.parentElement.innerHTML='<p style=color:red>Errore caricamento immagine<\/p>';\"\n        >\n                    <p style=\"margin-top: 10px; font-weight: bold;\">\n                Poggio Aglione -Montaione (FI)            <\/p>\n            <\/div>\n    \n    \n","protected":false},"excerpt":{"rendered":"<p>Webcam<\/p>\n","protected":false},"author":1,"featured_media":0,"parent":0,"menu_order":0,"comment_status":"closed","ping_status":"closed","template":"","meta":{"_acf_changed":false,"footnotes":""},"class_list":["post-13898","page","type-page","status-publish","hentry"],"acf":[],"yoast_head":"<!-- This site is optimized with the Yoast SEO plugin v27.3 - https:\/\/yoast.com\/product\/yoast-seo-wordpress\/ -->\n<title>Montaioneintuscany - Webcam<\/title>\n<meta name=\"description\" content=\"Une fen\u00eatre ouverte sur le village de Montaione, au c\u0153ur de la Toscane. D\u00e9couvrez notre cam\u00e9ra vid\u00e9o en direct qui surplombe le village en permanence.\" \/>\n<meta name=\"robots\" content=\"index, follow, max-snippet:-1, max-image-preview:large, max-video-preview:-1\" \/>\n<link rel=\"canonical\" href=\"https:\/\/www.montaioneintuscany.it\/fr\/webcam\/\" \/>\n<meta property=\"og:locale\" content=\"fr_FR\" \/>\n<meta property=\"og:type\" content=\"article\" \/>\n<meta property=\"og:title\" content=\"Montaioneintuscany - Webcam\" \/>\n<meta property=\"og:description\" content=\"Une fen\u00eatre ouverte sur le village de Montaione, au c\u0153ur de la Toscane. D\u00e9couvrez notre cam\u00e9ra vid\u00e9o en direct qui surplombe le village en permanence.\" \/>\n<meta property=\"og:url\" content=\"https:\/\/www.montaioneintuscany.it\/fr\/webcam\/\" \/>\n<meta property=\"og:site_name\" content=\"Montaioneintuscany\" \/>\n<meta property=\"article:modified_time\" content=\"2026-01-22T14:45:57+00:00\" \/>\n<meta name=\"twitter:card\" content=\"summary_large_image\" \/>\n<meta name=\"twitter:label1\" content=\"Dur\u00e9e de lecture estim\u00e9e\" \/>\n\t<meta name=\"twitter:data1\" content=\"1 minute\" \/>\n<script type=\"application\/ld+json\" class=\"yoast-schema-graph\">{\"@context\":\"https:\\\/\\\/schema.org\",\"@graph\":[{\"@type\":\"WebPage\",\"@id\":\"https:\\\/\\\/www.montaioneintuscany.it\\\/fr\\\/webcam\\\/\",\"url\":\"https:\\\/\\\/www.montaioneintuscany.it\\\/fr\\\/webcam\\\/\",\"name\":\"Montaioneintuscany - Webcam\",\"isPartOf\":{\"@id\":\"https:\\\/\\\/www.montaioneintuscany.it\\\/en\\\/#website\"},\"datePublished\":\"2025-10-27T10:57:05+00:00\",\"dateModified\":\"2026-01-22T14:45:57+00:00\",\"description\":\"Une fen\u00eatre ouverte sur le village de Montaione, au c\u0153ur de la Toscane. D\u00e9couvrez notre cam\u00e9ra vid\u00e9o en direct qui surplombe le village en permanence.\",\"breadcrumb\":{\"@id\":\"https:\\\/\\\/www.montaioneintuscany.it\\\/fr\\\/webcam\\\/#breadcrumb\"},\"inLanguage\":\"fr-FR\",\"potentialAction\":[{\"@type\":\"ReadAction\",\"target\":[\"https:\\\/\\\/www.montaioneintuscany.it\\\/fr\\\/webcam\\\/\"]}]},{\"@type\":\"BreadcrumbList\",\"@id\":\"https:\\\/\\\/www.montaioneintuscany.it\\\/fr\\\/webcam\\\/#breadcrumb\",\"itemListElement\":[{\"@type\":\"ListItem\",\"position\":1,\"name\":\"Home\",\"item\":\"https:\\\/\\\/www.montaioneintuscany.it\\\/\"},{\"@type\":\"ListItem\",\"position\":2,\"name\":\"Webcam\"}]},{\"@type\":\"WebSite\",\"@id\":\"https:\\\/\\\/www.montaioneintuscany.it\\\/en\\\/#website\",\"url\":\"https:\\\/\\\/www.montaioneintuscany.it\\\/en\\\/\",\"name\":\"Montaioneintuscany\",\"description\":\"\",\"publisher\":{\"@id\":\"https:\\\/\\\/www.montaioneintuscany.it\\\/en\\\/#organization\"},\"potentialAction\":[{\"@type\":\"SearchAction\",\"target\":{\"@type\":\"EntryPoint\",\"urlTemplate\":\"https:\\\/\\\/www.montaioneintuscany.it\\\/en\\\/?s={search_term_string}\"},\"query-input\":{\"@type\":\"PropertyValueSpecification\",\"valueRequired\":true,\"valueName\":\"search_term_string\"}}],\"inLanguage\":\"fr-FR\"},{\"@type\":\"Organization\",\"@id\":\"https:\\\/\\\/www.montaioneintuscany.it\\\/en\\\/#organization\",\"name\":\"Montaioneintuscany\",\"url\":\"https:\\\/\\\/www.montaioneintuscany.it\\\/en\\\/\",\"logo\":{\"@type\":\"ImageObject\",\"inLanguage\":\"fr-FR\",\"@id\":\"https:\\\/\\\/www.montaioneintuscany.it\\\/en\\\/#\\\/schema\\\/logo\\\/image\\\/\",\"url\":\"https:\\\/\\\/www.montaioneintuscany.it\\\/wp-content\\\/uploads\\\/2025\\\/10\\\/logo.svg\",\"contentUrl\":\"https:\\\/\\\/www.montaioneintuscany.it\\\/wp-content\\\/uploads\\\/2025\\\/10\\\/logo.svg\",\"width\":247,\"height\":25,\"caption\":\"Montaioneintuscany\"},\"image\":{\"@id\":\"https:\\\/\\\/www.montaioneintuscany.it\\\/en\\\/#\\\/schema\\\/logo\\\/image\\\/\"}}]}<\/script>\n<!-- \/ Yoast SEO plugin. -->","yoast_head_json":{"title":"Montaioneintuscany - Webcam","description":"Une fen\u00eatre ouverte sur le village de Montaione, au c\u0153ur de la Toscane. D\u00e9couvrez notre cam\u00e9ra vid\u00e9o en direct qui surplombe le village en permanence.","robots":{"index":"index","follow":"follow","max-snippet":"max-snippet:-1","max-image-preview":"max-image-preview:large","max-video-preview":"max-video-preview:-1"},"canonical":"https:\/\/www.montaioneintuscany.it\/fr\/webcam\/","og_locale":"fr_FR","og_type":"article","og_title":"Montaioneintuscany - Webcam","og_description":"Une fen\u00eatre ouverte sur le village de Montaione, au c\u0153ur de la Toscane. D\u00e9couvrez notre cam\u00e9ra vid\u00e9o en direct qui surplombe le village en permanence.","og_url":"https:\/\/www.montaioneintuscany.it\/fr\/webcam\/","og_site_name":"Montaioneintuscany","article_modified_time":"2026-01-22T14:45:57+00:00","twitter_card":"summary_large_image","twitter_misc":{"Dur\u00e9e de lecture estim\u00e9e":"1 minute"},"schema":{"@context":"https:\/\/schema.org","@graph":[{"@type":"WebPage","@id":"https:\/\/www.montaioneintuscany.it\/fr\/webcam\/","url":"https:\/\/www.montaioneintuscany.it\/fr\/webcam\/","name":"Montaioneintuscany - Webcam","isPartOf":{"@id":"https:\/\/www.montaioneintuscany.it\/en\/#website"},"datePublished":"2025-10-27T10:57:05+00:00","dateModified":"2026-01-22T14:45:57+00:00","description":"Une fen\u00eatre ouverte sur le village de Montaione, au c\u0153ur de la Toscane. D\u00e9couvrez notre cam\u00e9ra vid\u00e9o en direct qui surplombe le village en permanence.","breadcrumb":{"@id":"https:\/\/www.montaioneintuscany.it\/fr\/webcam\/#breadcrumb"},"inLanguage":"fr-FR","potentialAction":[{"@type":"ReadAction","target":["https:\/\/www.montaioneintuscany.it\/fr\/webcam\/"]}]},{"@type":"BreadcrumbList","@id":"https:\/\/www.montaioneintuscany.it\/fr\/webcam\/#breadcrumb","itemListElement":[{"@type":"ListItem","position":1,"name":"Home","item":"https:\/\/www.montaioneintuscany.it\/"},{"@type":"ListItem","position":2,"name":"Webcam"}]},{"@type":"WebSite","@id":"https:\/\/www.montaioneintuscany.it\/en\/#website","url":"https:\/\/www.montaioneintuscany.it\/en\/","name":"Montaioneintuscany","description":"","publisher":{"@id":"https:\/\/www.montaioneintuscany.it\/en\/#organization"},"potentialAction":[{"@type":"SearchAction","target":{"@type":"EntryPoint","urlTemplate":"https:\/\/www.montaioneintuscany.it\/en\/?s={search_term_string}"},"query-input":{"@type":"PropertyValueSpecification","valueRequired":true,"valueName":"search_term_string"}}],"inLanguage":"fr-FR"},{"@type":"Organization","@id":"https:\/\/www.montaioneintuscany.it\/en\/#organization","name":"Montaioneintuscany","url":"https:\/\/www.montaioneintuscany.it\/en\/","logo":{"@type":"ImageObject","inLanguage":"fr-FR","@id":"https:\/\/www.montaioneintuscany.it\/en\/#\/schema\/logo\/image\/","url":"https:\/\/www.montaioneintuscany.it\/wp-content\/uploads\/2025\/10\/logo.svg","contentUrl":"https:\/\/www.montaioneintuscany.it\/wp-content\/uploads\/2025\/10\/logo.svg","width":247,"height":25,"caption":"Montaioneintuscany"},"image":{"@id":"https:\/\/www.montaioneintuscany.it\/en\/#\/schema\/logo\/image\/"}}]}},"_links":{"self":[{"href":"https:\/\/www.montaioneintuscany.it\/fr\/wp-json\/wp\/v2\/pages\/13898","targetHints":{"allow":["GET"]}}],"collection":[{"href":"https:\/\/www.montaioneintuscany.it\/fr\/wp-json\/wp\/v2\/pages"}],"about":[{"href":"https:\/\/www.montaioneintuscany.it\/fr\/wp-json\/wp\/v2\/types\/page"}],"author":[{"embeddable":true,"href":"https:\/\/www.montaioneintuscany.it\/fr\/wp-json\/wp\/v2\/users\/1"}],"replies":[{"embeddable":true,"href":"https:\/\/www.montaioneintuscany.it\/fr\/wp-json\/wp\/v2\/comments?post=13898"}],"version-history":[{"count":2,"href":"https:\/\/www.montaioneintuscany.it\/fr\/wp-json\/wp\/v2\/pages\/13898\/revisions"}],"predecessor-version":[{"id":19111,"href":"https:\/\/www.montaioneintuscany.it\/fr\/wp-json\/wp\/v2\/pages\/13898\/revisions\/19111"}],"wp:attachment":[{"href":"https:\/\/www.montaioneintuscany.it\/fr\/wp-json\/wp\/v2\/media?parent=13898"}],"curies":[{"name":"wp","href":"https:\/\/api.w.org\/{rel}","templated":true}]}}